{"id":959,"date":"2019-11-25T19:11:28","date_gmt":"2019-11-25T18:11:28","guid":{"rendered":"https:\/\/www.immerse-h2020.eu\/rahmenkonzept\/"},"modified":"2021-11-22T14:20:15","modified_gmt":"2021-11-22T13:20:15","slug":"rahmenkonzept","status":"publish","type":"page","link":"https:\/\/www.immerse-h2020.eu\/de\/rahmenkonzept\/","title":{"rendered":"Rahmenkonzept"},"content":{"rendered":"<p><div class=\"fusion-fullwidth fullwidth-box fusion-builder-row-1 fusion-parallax-none nonhundred-percent-fullwidth non-hundred-percent-height-scrolling\" style=\"--awb-background-position:center bottom;--awb-border-radius-top-left:0px;--awb-border-radius-top-right:0px;--awb-border-radius-bottom-right:0px;--awb-border-radius-bottom-left:0px;--awb-background-image:url(&quot;https:\/\/www.immerse-h2020.eu\/wp-content\/uploads\/2019\/06\/19v2.jpg&quot;);--awb-background-size:cover;--awb-flex-wrap:wrap;\" ><div class=\"fusion-builder-row fusion-row\"><div class=\"fusion-layout-column fusion_builder_column fusion-builder-column-0 fusion_builder_column_1_1 1_1 fusion-one-full fusion-column-first fusion-column-last\" style=\"--awb-bg-size:cover;\"><div class=\"fusion-column-wrapper fusion-column-has-shadow fusion-flex-column-wrapper-legacy\"><div class=\"fusion-sep-clear\"><\/div><div class=\"fusion-separator fusion-full-width-sep\" style=\"margin-left: auto;margin-right: auto;margin-top:180px;width:100%;\"><\/div><div class=\"fusion-sep-clear\"><\/div><div class=\"fusion-title title fusion-title-1 fusion-sep-none fusion-title-text fusion-title-size-one\" style=\"--awb-text-color:#ffffff;--awb-margin-bottom:0px;--awb-margin-bottom-small:0px;\"><h1 class=\"fusion-title-heading title-heading-left\" style=\"margin:0;\">Rahmenkonzept<\/h1><\/div><div class=\"fusion-sep-clear\"><\/div><div class=\"fusion-separator fusion-full-width-sep\" style=\"margin-left: auto;margin-right: auto;margin-top:180px;width:100%;\"><\/div><div class=\"fusion-sep-clear\"><\/div><div class=\"fusion-clearfix\"><\/div><\/div><\/div><\/div><\/div><div class=\"fusion-bg-parallax\" data-bg-align=\"center center\" data-direction=\"up\" data-mute=\"false\" data-opacity=\"100\" data-velocity=\"-0.3\" data-mobile-enabled=\"false\" data-break_parents=\"0\" data-bg-image=\"https:\/\/www.immerse-h2020.eu\/wp-content\/uploads\/2019\/06\/Fondos1920-semitransparente2.png\" data-bg-repeat=\"false\" ><\/div><div class=\"fusion-fullwidth fullwidth-box fusion-builder-row-2 fusion-parallax-up nonhundred-percent-fullwidth non-hundred-percent-height-scrolling\" style=\"--awb-border-radius-top-left:0px;--awb-border-radius-top-right:0px;--awb-border-radius-bottom-right:0px;--awb-border-radius-bottom-left:0px;--awb-padding-top:60px;--awb-padding-bottom:10px;--awb-margin-bottom:0px;--awb-background-image:url(&quot;https:\/\/www.immerse-h2020.eu\/wp-content\/uploads\/2019\/06\/Fondos1920-semitransparente2.png&quot;);--awb-background-size:cover;--awb-flex-wrap:wrap;\" ><div class=\"fusion-builder-row fusion-row\"><div class=\"fusion-layout-column fusion_builder_column fusion-builder-column-1 fusion_builder_column_2_3 2_3 fusion-two-third fusion-column-first fusion-column-no-min-height\" style=\"--awb-padding-bottom:0px;--awb-bg-size:cover;--awb-margin-bottom:0px;width:66.666666666667%;width:calc(66.666666666667% - ( ( 4% ) * 0.66666666666667 ) );margin-right: 4%;\"><div class=\"fusion-column-wrapper fusion-column-has-shadow fusion-flex-column-wrapper-legacy\"><div class=\"fusion-text fusion-text-1\"><p>Zwischen 2013 und 2017 haben fast 2 Millionen Nicht-EU-B\u00fcrger j\u00e4hrlich ihren Wohnsitz in der EU-28 aufgenommen <strong>(EUROSTAT, 2019)<\/strong>. Unter ihnen sind etwa 20% Kinder, von denen viele unbegleitet oder von ihren Familien getrennt sind. Die zunehmenden und diversifizierten Migrationsbewegungen der letzten Jahre setzen die nationalen und regionalen Verwaltungen unter Druck und haben L\u00fccken und M\u00e4ngel beim Schutz und der Unterst\u00fctzung aller Kategorien von Migrantenkindern offengelegt. Die nationalen Bildungssysteme sind von dieser Situation am st\u00e4rksten betroffen, da sie die wachsende kulturelle, sprachliche, sozio\u00f6konomische und ethnische Vielfalt ber\u00fccksichtigen m\u00fcssen. Die wachsende Zahl, der in den letzten Jahren eingetroffenen Kinder, f\u00fchrt zu einer Neubewertung der Integrationsbem\u00fchungen f\u00fcr diese Kinder. Dies ist nicht nur ein notwendiger Schritt zur Erf\u00fcllung internationaler Verpflichtungen, sondern umso wichtiger, wenn man bedenkt, dass sich die meisten dieser jungen Menschen wahrscheinlich dauerhaft in ihrem Aufnahmeland niederlassen werden.<\/p>\n<p>Eine der grundlegendsten Herausforderungen f\u00fcr die EU besteht in der erfolgreichen Integration dieser Neuank\u00f6mmlinge sowie der bereits seit l\u00e4ngerem bestehenden Zuwanderungsbev\u00f6lkerung und ihrer Nachkommen. Insgesamt leben derzeit mehr als 38 Millionen Menschen, die in Nicht-EU-28-L\u00e4ndern geboren wurden, in der Europ\u00e4ischen Union, was einem Anteil von 7,5 % der Bev\u00f6lkerung in Europa entspricht. Dar\u00fcber hinaus wurden 21,8 Millionen, 4,25 % der Bev\u00f6lkerung in einem anderen EU-Mitgliedstaat geboren. In L\u00e4ndern wie Frankreich, dem Vereinigten K\u00f6nigreich, den Niederlanden, Belgien, Deutschland und Spanien machten Migranten und ihre Nachkommen bereits bis zu 15% der Bev\u00f6lkerung aus (EUROSTAT, 2019). Im Jahr 2015 war fast jeder vierte 15-j\u00e4hrige Sch\u00fcler in den EU-L\u00e4ndern entweder im Ausland geboren oder hatte mindestens ein im Ausland geborenes Elternteil <strong>(OECD, 2018).<\/strong><\/p>\n<\/div><div class=\"fusion-clearfix\"><\/div><\/div><\/div><\/div><\/div><div class=\"fusion-fullwidth fullwidth-box fusion-builder-row-3 fusion-parallax-none nonhundred-percent-fullwidth non-hundred-percent-height-scrolling fusion-equal-height-columns\" style=\"--awb-background-position:right bottom;--awb-border-radius-top-left:0px;--awb-border-radius-top-right:0px;--awb-border-radius-bottom-right:0px;--awb-border-radius-bottom-left:0px;--awb-padding-top:20px;--awb-padding-bottom:40px;--awb-background-image:url(&quot;https:\/\/www.immerse-h2020.eu\/wp-content\/uploads\/2019\/06\/2.png&quot;);--awb-background-size:cover;--awb-flex-wrap:wrap;\" ><div class=\"fusion-builder-row fusion-row\"><div class=\"fusion-layout-column fusion_builder_column fusion-builder-column-2 fusion_builder_column_2_3 2_3 fusion-two-third fusion-column-first fusion-column-no-min-height\" style=\"--awb-bg-size:cover;width:66.666666666667%;width:calc(66.666666666667% - ( ( 4% ) * 0.66666666666667 ) );margin-right: 4%;\"><div class=\"fusion-column-wrapper fusion-column-has-shadow fusion-flex-column-wrapper-legacy\"><div class=\"fusion-text fusion-text-2\"><p><span style=\"color: #70d19a;\">Ein Mangel an Integration kann zu erheblichen politischen, sozialen und wirtschaftlichen Problemen f\u00fchren. Sie verursacht politische Kosten und Instabilit\u00e4t, sie schw\u00e4cht den sozialen Zusammenhalt und f\u00f6rdert negative \u00f6ffentliche Einstellungen, die den politischen Raum in Bezug auf eine angemessene Steuerung der Migration einschr\u00e4nken (OECD\/EU, 2018). Auch die Zuwanderungsbewegungen stellen erhebliche Chancen dar. Solche Chancen liegen vor allem im Wert der Vielfalt f\u00fcr den sozialen Fortschritt und die wirtschaftliche Innovation, aber auch in der demographischen Revitalisierung alternder Gesellschaften und der erh\u00f6hten Nachhaltigkeit bestehender Wohlfahrtsstaaten.<\/span><\/p>\n<p><span style=\"color: #70d19a;\">Um die Vorteile der Migration zu erschlie\u00dfen, sind jedoch wirksame Bildungs- und Sozialpolitiken notwendig, die eine erfolgreiche Integration von Kindern mit Flucht- und Migrationsgeschichte in die Gesellschaft erm\u00f6glichen (OECD, 2018). Die fr\u00fchzeitige Integration in die Schule hat sich als der beste Weg erwiesen, um eine inklusiv arbeitende und gleichberechtigte Gesellschaft aufzubauen und zuk\u00fcnftige soziale Ausgrenzung zu vermeiden. In diesem Sinne ben\u00f6tigen Schulen, Aufnahmezentren und politische Entscheidungstr\u00e4ger dringend Strategien und Empfehlungen, wie die Kinder mit Migrationshintergrund \u2013 insbesondere neu angekommene Gefl\u00fcchtete und unbegleitete Minderj\u00e4hrige \u2013 am besten unterst\u00fctzt werden k\u00f6nnen. Da es jedoch an qualitativ hochwertigen Daten \u00fcber die Integrations- und Monitoringinstrumente f\u00fcr Kinder mit Flucht- und Migrationsgeschichte mangelt, werden auf lokaler Ebene lediglich ad-hoc Strategien entwickelt. Die L\u00f6sungen m\u00fcssen jedoch die Bed\u00fcrfnisse und Erwartungen der Kinder ber\u00fccksichtigen, auf ihre Stimmen h\u00f6ren und einen kinderfreundlichen Ansatz verfolgen<\/span><\/p>\n<p><span style=\"color: #70d19a;\"><strong>Das IMMERSE-Projekt wird die Hauptakteure der sozialen und bildungspolitischen Integration von Kindern mit Flucht- und Migrationsgeschichte ermitteln und die oben genannten Herausforderungen angehen, die auf den folgenden S\u00e4ulen basieren:<\/strong><\/span><\/p>\n<\/div><div class=\"fusion-clearfix\"><\/div><\/div><\/div><div class=\"fusion-layout-column fusion_builder_column fusion-builder-column-3 fusion_builder_column_1_3 1_3 fusion-one-third fusion-column-last fusion-column-no-min-height\" style=\"--awb-bg-size:cover;width:33.333333333333%;width:calc(33.333333333333% - ( ( 4% ) * 0.33333333333333 ) );\"><div class=\"fusion-column-wrapper fusion-column-has-shadow fusion-flex-column-wrapper-legacy\"><div class=\"fusion-clearfix\"><\/div><\/div><\/div><div class=\"fusion-layout-column fusion_builder_column fusion-builder-column-4 fusion_builder_column_1_4 1_4 fusion-one-fourth fusion-column-first\" style=\"--awb-padding-top:20px;--awb-padding-right:20px;--awb-padding-bottom:20px;--awb-padding-left:20px;--awb-overflow:hidden;--awb-bg-color:rgba(255,255,255,0);--awb-bg-color-hover:rgba(255,255,255,0);--awb-bg-size:cover;--awb-border-color:#70d19a;--awb-border-top:2px;--awb-border-right:2px;--awb-border-bottom:2px;--awb-border-left:2px;--awb-border-style:solid;--awb-border-radius:20px 20px 20px 20px;width:25%;width:calc(25% - ( ( 4% + 4% + 4% ) * 0.25 ) );margin-right: 4%;\"><div class=\"fusion-column-wrapper fusion-column-has-shadow fusion-flex-column-wrapper-legacy\"><div class=\"fusion-image-element fusion-image-align-center in-legacy-container\" style=\"text-align:center;--awb-max-width:120px;--awb-caption-title-font-family:var(--h2_typography-font-family);--awb-caption-title-font-weight:var(--h2_typography-font-weight);--awb-caption-title-font-style:var(--h2_typography-font-style);--awb-caption-title-size:var(--h2_typography-font-size);--awb-caption-title-transform:var(--h2_typography-text-transform);--awb-caption-title-line-height:var(--h2_typography-line-height);--awb-caption-title-letter-spacing:var(--h2_typography-letter-spacing);\"><div class=\"imageframe-align-center\"><span class=\" fusion-imageframe imageframe-none imageframe-1 hover-type-none\"><img decoding=\"async\" width=\"200\" height=\"200\" title=\"home_ico_1\" src=\"https:\/\/www.immerse-h2020.eu\/wp-content\/uploads\/2019\/06\/home_ico_1.png\" alt class=\"img-responsive wp-image-56\" srcset=\"https:\/\/www.immerse-h2020.eu\/wp-content\/uploads\/2019\/06\/home_ico_1-66x66.png 66w, https:\/\/www.immerse-h2020.eu\/wp-content\/uploads\/2019\/06\/home_ico_1-150x150.png 150w, https:\/\/www.immerse-h2020.eu\/wp-content\/uploads\/2019\/06\/home_ico_1.png 200w\" sizes=\"(max-width: 200px) 100vw, 200px\" \/><\/span><\/div><\/div><div class=\"fusion-title title fusion-title-2 fusion-sep-none fusion-title-center fusion-title-text fusion-title-size-four\" style=\"--awb-text-color:#ffffff;--awb-margin-top:30px;--awb-margin-top-small:20px;\"><h4 class=\"fusion-title-heading title-heading-center\" style=\"margin:0;\">Definition neuer Forschungsmethoden und -instrumente<\/h4><\/div><div class=\"fusion-text fusion-text-3\"><p style=\"text-align: center;\"><span style=\"color: #70d19a;\">Entwicklung <strong> neuer technologischer L\u00f6sungen <\/strong>,sowie von <strong>Ko-Kreationsmethoden <\/strong> unter Einbeziehung aller relevanten Interessengruppen.<\/span><\/p>\n<\/div><div class=\"fusion-clearfix\"><\/div><\/div><\/div><div class=\"fusion-layout-column fusion_builder_column fusion-builder-column-5 fusion_builder_column_1_4 1_4 fusion-one-fourth\" style=\"--awb-padding-top:20px;--awb-padding-right:20px;--awb-padding-bottom:20px;--awb-padding-left:20px;--awb-overflow:hidden;--awb-bg-color:rgba(255,255,255,0);--awb-bg-color-hover:rgba(255,255,255,0);--awb-bg-size:cover;--awb-border-color:#70d19a;--awb-border-top:2px;--awb-border-right:2px;--awb-border-bottom:2px;--awb-border-left:2px;--awb-border-style:solid;--awb-border-radius:20px 20px 20px 20px;width:25%;width:calc(25% - ( ( 4% + 4% + 4% ) * 0.25 ) );margin-right: 4%;\"><div class=\"fusion-column-wrapper fusion-column-has-shadow fusion-flex-column-wrapper-legacy\"><div class=\"fusion-image-element fusion-image-align-center in-legacy-container\" style=\"text-align:center;--awb-max-width:120px;--awb-caption-title-font-family:var(--h2_typography-font-family);--awb-caption-title-font-weight:var(--h2_typography-font-weight);--awb-caption-title-font-style:var(--h2_typography-font-style);--awb-caption-title-size:var(--h2_typography-font-size);--awb-caption-title-transform:var(--h2_typography-text-transform);--awb-caption-title-line-height:var(--h2_typography-line-height);--awb-caption-title-letter-spacing:var(--h2_typography-letter-spacing);\"><div class=\"imageframe-align-center\"><span class=\" fusion-imageframe imageframe-none imageframe-2 hover-type-none\"><img decoding=\"async\" width=\"200\" height=\"200\" title=\"home_ico_2\" src=\"https:\/\/www.immerse-h2020.eu\/wp-content\/uploads\/2019\/06\/home_ico_2.png\" alt class=\"img-responsive wp-image-57\" srcset=\"https:\/\/www.immerse-h2020.eu\/wp-content\/uploads\/2019\/06\/home_ico_2-66x66.png 66w, https:\/\/www.immerse-h2020.eu\/wp-content\/uploads\/2019\/06\/home_ico_2-150x150.png 150w, https:\/\/www.immerse-h2020.eu\/wp-content\/uploads\/2019\/06\/home_ico_2.png 200w\" sizes=\"(max-width: 200px) 100vw, 200px\" \/><\/span><\/div><\/div><div class=\"fusion-title title fusion-title-3 fusion-sep-none fusion-title-center fusion-title-text fusion-title-size-four\" style=\"--awb-text-color:#ffffff;--awb-margin-top:30px;--awb-margin-top-small:20px;\"><h4 class=\"fusion-title-heading title-heading-center\" style=\"margin:0;\">Einbeziehung der Stimme von Kindern w\u00e4hrend des gesamten Prozesses<\/h4><\/div><div class=\"fusion-text fusion-text-4\"><p style=\"text-align: center;\"><span style=\"color: #70d19a;\">Kinder werden das Dashboard der Indikatoren durch partizipative Forschung mitgestalten und validieren.<br \/>\nEine <strong>Kinderforschungsberatungsgruppe<\/strong> wird w\u00e4hrend der gesamten Projektlaufzeit beratend t\u00e4tig sein.<br \/>\n<\/span><\/p>\n<\/div><div class=\"fusion-clearfix\"><\/div><\/div><\/div><div class=\"fusion-layout-column fusion_builder_column fusion-builder-column-6 fusion_builder_column_1_4 1_4 fusion-one-fourth\" style=\"--awb-padding-top:20px;--awb-padding-right:20px;--awb-padding-bottom:20px;--awb-padding-left:20px;--awb-overflow:hidden;--awb-bg-color:rgba(255,255,255,0);--awb-bg-color-hover:rgba(255,255,255,0);--awb-bg-size:cover;--awb-border-color:#70d19a;--awb-border-top:2px;--awb-border-right:2px;--awb-border-bottom:2px;--awb-border-left:2px;--awb-border-style:solid;--awb-border-radius:20px 20px 20px 20px;width:25%;width:calc(25% - ( ( 4% + 4% + 4% ) * 0.25 ) );margin-right: 4%;\"><div class=\"fusion-column-wrapper fusion-column-has-shadow fusion-flex-column-wrapper-legacy\"><div class=\"fusion-image-element fusion-image-align-center in-legacy-container\" style=\"text-align:center;--awb-max-width:120px;--awb-caption-title-font-family:var(--h2_typography-font-family);--awb-caption-title-font-weight:var(--h2_typography-font-weight);--awb-caption-title-font-style:var(--h2_typography-font-style);--awb-caption-title-size:var(--h2_typography-font-size);--awb-caption-title-transform:var(--h2_typography-text-transform);--awb-caption-title-line-height:var(--h2_typography-line-height);--awb-caption-title-letter-spacing:var(--h2_typography-letter-spacing);\"><div class=\"imageframe-align-center\"><span class=\" fusion-imageframe imageframe-none imageframe-3 hover-type-none\"><img decoding=\"async\" width=\"200\" height=\"200\" title=\"home_ico_3\" src=\"https:\/\/www.immerse-h2020.eu\/wp-content\/uploads\/2019\/06\/home_ico_3.png\" alt class=\"img-responsive wp-image-58\" srcset=\"https:\/\/www.immerse-h2020.eu\/wp-content\/uploads\/2019\/06\/home_ico_3-66x66.png 66w, https:\/\/www.immerse-h2020.eu\/wp-content\/uploads\/2019\/06\/home_ico_3-150x150.png 150w, https:\/\/www.immerse-h2020.eu\/wp-content\/uploads\/2019\/06\/home_ico_3.png 200w\" sizes=\"(max-width: 200px) 100vw, 200px\" \/><\/span><\/div><\/div><div class=\"fusion-title title fusion-title-4 fusion-sep-none fusion-title-center fusion-title-text fusion-title-size-four\" style=\"--awb-text-color:#ffffff;--awb-margin-top:30px;--awb-margin-top-small:20px;\"><h4 class=\"fusion-title-heading title-heading-center\" style=\"margin:0;\">Erhebung von Daten, die f\u00fcr die Realit\u00e4t Europas repr\u00e4sentativ sind.<\/h4><\/div><div class=\"fusion-text fusion-text-5\"><p style=\"text-align: center;\"><span style=\"color: #70d19a;\">Das Projekt wird eine <strong>digitale Plattform<\/strong> entwickeln, die Forschern helfen wird, Daten aus 6 verschiedenen europ\u00e4ischen L\u00e4ndern zu sammeln, zu \u00fcberwachen und zu analysieren.<\/span><\/p>\n<\/div><div class=\"fusion-clearfix\"><\/div><\/div><\/div><div class=\"fusion-layout-column fusion_builder_column fusion-builder-column-7 fusion_builder_column_1_4 1_4 fusion-one-fourth fusion-column-last\" style=\"--awb-padding-top:20px;--awb-padding-right:20px;--awb-padding-bottom:20px;--awb-padding-left:20px;--awb-overflow:hidden;--awb-bg-color:rgba(255,255,255,0);--awb-bg-color-hover:rgba(255,255,255,0);--awb-bg-size:cover;--awb-border-color:#70d19a;--awb-border-top:2px;--awb-border-right:2px;--awb-border-bottom:2px;--awb-border-left:2px;--awb-border-style:solid;--awb-border-radius:20px 20px 20px 20px;width:25%;width:calc(25% - ( ( 4% + 4% + 4% ) * 0.25 ) );\"><div class=\"fusion-column-wrapper fusion-column-has-shadow fusion-flex-column-wrapper-legacy\"><div class=\"fusion-image-element fusion-image-align-center in-legacy-container\" style=\"text-align:center;--awb-max-width:120px;--awb-caption-title-font-family:var(--h2_typography-font-family);--awb-caption-title-font-weight:var(--h2_typography-font-weight);--awb-caption-title-font-style:var(--h2_typography-font-style);--awb-caption-title-size:var(--h2_typography-font-size);--awb-caption-title-transform:var(--h2_typography-text-transform);--awb-caption-title-line-height:var(--h2_typography-line-height);--awb-caption-title-letter-spacing:var(--h2_typography-letter-spacing);\"><div class=\"imageframe-align-center\"><span class=\" fusion-imageframe imageframe-none imageframe-4 hover-type-none\"><img decoding=\"async\" width=\"200\" height=\"200\" title=\"home_ico_4\" src=\"https:\/\/www.immerse-h2020.eu\/wp-content\/uploads\/2019\/06\/home_ico_4.png\" alt class=\"img-responsive wp-image-61\" srcset=\"https:\/\/www.immerse-h2020.eu\/wp-content\/uploads\/2019\/06\/home_ico_4-66x66.png 66w, https:\/\/www.immerse-h2020.eu\/wp-content\/uploads\/2019\/06\/home_ico_4-150x150.png 150w, https:\/\/www.immerse-h2020.eu\/wp-content\/uploads\/2019\/06\/home_ico_4.png 200w\" sizes=\"(max-width: 200px) 100vw, 200px\" \/><\/span><\/div><\/div><div class=\"fusion-title title fusion-title-5 fusion-sep-none fusion-title-center fusion-title-text fusion-title-size-four\" style=\"--awb-text-color:#ffffff;--awb-margin-top:30px;--awb-margin-top-small:20px;\"><h4 class=\"fusion-title-heading title-heading-center\" style=\"margin:0;\">Einbeziehung der Interessengruppen bei der Umsetzung von Empfehlungen<\/h4><\/div><div class=\"fusion-text fusion-text-6\"><p style=\"text-align: center;\"><span style=\"color: #70d19a;\">Entwicklung und Verbreitung einer Reihe von <strong>bew\u00e4hrten Verfahren und ma\u00dfgeschneiderten politischen Empfehlungen<\/strong> zur Verbesserung der Integrationssysteme von Kindern mit Flucht- und Migrationsgeschichte in Europa.<\/span><\/p>\n<\/div><div class=\"fusion-clearfix\"><\/div><\/div><\/div><div class=\"fusion-layout-column fusion_builder_column fusion-builder-column-8 fusion_builder_column_2_3 2_3 fusion-two-third fusion-column-first fusion-column-no-min-height fusion-no-small-visibility\" style=\"--awb-padding-left:50px;--awb-bg-size:cover;--awb-margin-top:100px;--awb-margin-bottom:220px;width:65.3333%; margin-right: 4%;\"><div class=\"fusion-column-wrapper fusion-column-has-shadow fusion-flex-column-wrapper-legacy\"><div class=\"fusion-text fusion-text-7\"><p><span style=\"color: #70d19a;\">In mehreren Phasen des Projekts wird die Forschung mit vulnerablen Bev\u00f6lkerungsgruppen (Kinder, Migranten und Gefl\u00fcchtete) sowie die Erfassung und Verarbeitung personenbezogener Daten durchgef\u00fchrt. Alle Forschungsaktivit\u00e4ten werden von Ethikkommissionen genehmigt und in \u00dcbereinstimmung mit den europ\u00e4ischen Rechtsvorschriften, einschlie\u00dflich der Verordnung (EG) Nr. 45\/2001, durchgef\u00fchrt. Um die IMMERSE-Aktivit\u00e4ten zu sch\u00fctzen und sicherzustellen, dass sie den ethischen Anforderungen entsprechen, wurde ein <strong>externer Ethikberater <\/strong>(EEA) ernannt.<\/span><\/p>\n<\/div><div class=\"fusion-clearfix\"><\/div><\/div><\/div><div class=\"fusion-layout-column fusion_builder_column fusion-builder-column-9 fusion_builder_column_2_3 2_3 fusion-two-third fusion-column-first fusion-column-no-min-height fusion-no-medium-visibility fusion-no-large-visibility\" style=\"--awb-bg-size:cover;--awb-margin-top:40px;--awb-margin-bottom:420px;width:66.666666666667%;width:calc(66.666666666667% - ( ( 4% ) * 0.66666666666667 ) );margin-right: 4%;\"><div class=\"fusion-column-wrapper fusion-column-has-shadow fusion-flex-column-wrapper-legacy\"><div class=\"fusion-text fusion-text-8\"><p><span style=\"color: #70d19a;\">In mehreren Phasen des Projekts wird die Forschung mit vulnerablen Bev\u00f6lkerungsgruppen (Kinder, Migranten und Gefl\u00fcchtete) sowie die Erfassung und Verarbeitung personenbezogener Daten durchgef\u00fchrt. Alle Forschungsaktivit\u00e4ten werden von Ethikkommissionen genehmigt und in \u00dcbereinstimmung mit den europ\u00e4ischen Rechtsvorschriften, einschlie\u00dflich der Verordnung (EG) Nr. 45\/2001, durchgef\u00fchrt. Um die IMMERSE-Aktivit\u00e4ten zu sch\u00fctzen und sicherzustellen, dass sie den ethischen Anforderungen entsprechen, wurde ein <strong>externer Ethikberater <\/strong>(EEA) ernannt.<\/span><\/p>\n<\/div><div class=\"fusion-clearfix\"><\/div><\/div><\/div><\/div><\/div><\/p>\n","protected":false},"excerpt":{"rendered":"","protected":false},"author":1,"featured_media":0,"parent":0,"menu_order":0,"comment_status":"closed","ping_status":"closed","template":"100-width.php","meta":{"_acf_changed":false,"footnotes":""},"acf":[],"_links":{"self":[{"href":"https:\/\/www.immerse-h2020.eu\/de\/wp-json\/wp\/v2\/pages\/959"}],"collection":[{"href":"https:\/\/www.immerse-h2020.eu\/de\/wp-json\/wp\/v2\/pages"}],"about":[{"href":"https:\/\/www.immerse-h2020.eu\/de\/wp-json\/wp\/v2\/types\/page"}],"author":[{"embeddable":true,"href":"https:\/\/www.immerse-h2020.eu\/de\/wp-json\/wp\/v2\/users\/1"}],"replies":[{"embeddable":true,"href":"https:\/\/www.immerse-h2020.eu\/de\/wp-json\/wp\/v2\/comments?post=959"}],"version-history":[{"count":3,"href":"https:\/\/www.immerse-h2020.eu\/de\/wp-json\/wp\/v2\/pages\/959\/revisions"}],"predecessor-version":[{"id":1571,"href":"https:\/\/www.immerse-h2020.eu\/de\/wp-json\/wp\/v2\/pages\/959\/revisions\/1571"}],"wp:attachment":[{"href":"https:\/\/www.immerse-h2020.eu\/de\/wp-json\/wp\/v2\/media?parent=959"}],"curies":[{"name":"wp","href":"https:\/\/api.w.org\/{rel}","templated":true}]}}