{"id":961,"date":"2019-11-25T19:12:31","date_gmt":"2019-11-25T18:12:31","guid":{"rendered":"https:\/\/www.immerse-h2020.eu\/gute-praktiken-zur-integration-von-kindern-mit-migrations-und-fluchthintergrund\/"},"modified":"2023-12-12T21:29:23","modified_gmt":"2023-12-12T20:29:23","slug":"gute-praktiken-zur-integration-von-kindern-mit-flucht-und-migrationsgeschichte","status":"publish","type":"page","link":"https:\/\/www.immerse-h2020.eu\/de\/gute-praktiken-zur-integration-von-kindern-mit-flucht-und-migrationsgeschichte\/","title":{"rendered":"Gute Praktiken zur Integration von Kindern mit Flucht- und Migrationsgeschichte"},"content":{"rendered":"<p><div class=\"fusion-fullwidth fullwidth-box fusion-builder-row-1 fusion-parallax-none nonhundred-percent-fullwidth non-hundred-percent-height-scrolling\" style=\"--awb-background-position:center bottom;--awb-border-radius-top-left:0px;--awb-border-radius-top-right:0px;--awb-border-radius-bottom-right:0px;--awb-border-radius-bottom-left:0px;--awb-background-image:url(&quot;https:\/\/www.immerse-h2020.eu\/wp-content\/uploads\/2019\/06\/5.jpg&quot;);--awb-background-size:cover;--awb-flex-wrap:wrap;\" ><div class=\"fusion-builder-row fusion-row\"><div class=\"fusion-layout-column fusion_builder_column fusion-builder-column-0 fusion_builder_column_1_1 1_1 fusion-one-full fusion-column-first fusion-column-last\" style=\"--awb-bg-size:cover;\"><div class=\"fusion-column-wrapper fusion-column-has-shadow fusion-flex-column-wrapper-legacy\"><div class=\"fusion-sep-clear\"><\/div><div class=\"fusion-separator fusion-full-width-sep\" style=\"margin-left: auto;margin-right: auto;margin-top:180px;width:100%;\"><\/div><div class=\"fusion-sep-clear\"><\/div><div class=\"fusion-title title fusion-title-1 fusion-sep-none fusion-title-text fusion-title-size-one\" style=\"--awb-text-color:#ffffff;--awb-margin-bottom:0px;--awb-margin-bottom-small:0px;\"><h1 class=\"fusion-title-heading title-heading-left\" style=\"margin:0;\">Gute Praktiken zur Integration von Kindern mit Migrations- und Fluchthintergrund<\/h1><\/div><div class=\"fusion-sep-clear\"><\/div><div class=\"fusion-separator fusion-full-width-sep\" style=\"margin-left: auto;margin-right: auto;margin-top:180px;width:100%;\"><\/div><div class=\"fusion-sep-clear\"><\/div><div class=\"fusion-clearfix\"><\/div><\/div><\/div><\/div><\/div><div class=\"fusion-fullwidth fullwidth-box fusion-builder-row-2 nonhundred-percent-fullwidth non-hundred-percent-height-scrolling fusion-equal-height-columns\" style=\"--awb-border-radius-top-left:0px;--awb-border-radius-top-right:0px;--awb-border-radius-bottom-right:0px;--awb-border-radius-bottom-left:0px;--awb-padding-top:60px;--awb-padding-bottom:10px;--awb-margin-bottom:0px;--awb-flex-wrap:wrap;\" ><div class=\"fusion-builder-row fusion-row\"><div class=\"fusion-layout-column fusion_builder_column fusion-builder-column-1 fusion_builder_column_1_1 1_1 fusion-one-full fusion-column-first fusion-column-last fusion-column-no-min-height\" style=\"--awb-padding-bottom:0px;--awb-bg-size:cover;--awb-margin-bottom:0px;\"><div class=\"fusion-column-wrapper fusion-column-has-shadow fusion-flex-column-wrapper-legacy\"><div class=\"fusion-column-content-centered\"><div class=\"fusion-column-content\"><div class=\"fusion-text fusion-text-1 green_p\"><p>Das Konsortium wird Best Practices zur Integration von Kindern mit Flucht- und Migrationsgeschichte in Schulen und anderen Lernumgebungen ermitteln und sammeln. Die Best Practices werden die verschiedenen Dimensionen des Integrationsprozesses einbeziehen und \u00fcber die IMMERSE-Plattform verbreitet werden, um ihre \u00dcbertragbarkeit in Europa zu f\u00f6rdern.<\/p>\n<p>Die Partner des IMMERSE-Forschungsprojekts sammelten 60 Good Practices in ganz Europa, die durch eine vergleichende Analyse bewertet wurden. Die Ergebnisse dieses Vergleichs und der eingehenden Analyse von 12 Fallstudien liefern eine F\u00fclle von kontextbezogenen Daten und \u00fcbergreifenden Merkmalen in Bezug auf die Landschaft der umgesetzten oder laufenden sozialp\u00e4dagogischen Initiativen f\u00fcr Kinder von mit Flucht- und Migrationsgeschichte in Europa.<\/p>\n<p>Die Erstellung und Untersuchung dieser umfangreichen Sammlung von Good-Practice-Beispielen zielt zusammen mit den Ergebnissen anderer IMMERSE-Forschungsaktivit\u00e4ten auf die Entwicklung einer Reihe von Empfehlungen und Advocacy-Initiativen ab, die umgesetzt werden sollen, um einen politischen und bildungspolitischen Wandel auf nationaler und EU-Ebene im Bereich der sozialp\u00e4dagogischen Integration von Kindern mit Flucht- und Migrationsgeschichte zu erreichen.<\/p>\n<\/div><div class=\"fusion-sep-clear\"><\/div><div class=\"fusion-separator fusion-full-width-sep\" style=\"margin-left: auto;margin-right: auto;margin-top:3px;margin-bottom:3px;width:100%;\"><div class=\"fusion-separator-border sep-double\" style=\"--awb-height:20px;--awb-amount:20px;border-color:#e0dede;border-top-width:0px;border-bottom-width:0px;\"><\/div><\/div><div class=\"fusion-sep-clear\"><\/div><div class=\"fusion-title title fusion-title-2 fusion-sep-none fusion-title-center fusion-title-text fusion-title-size-three\" style=\"--awb-text-color:#70d19a;--awb-font-size:28px;\"><h3 class=\"fusion-title-heading title-heading-center\" style=\"margin:0;font-size:1em;\"><strong>Die Good Practices sind in zwei Formaten verf\u00fcgbar<\/strong><\/h3><\/div><\/div><\/div><div class=\"fusion-clearfix\"><\/div><\/div><\/div><\/div><\/div><div class=\"fusion-fullwidth fullwidth-box fusion-builder-row-3 fusion-flex-container has-pattern-background has-mask-background nonhundred-percent-fullwidth non-hundred-percent-height-scrolling\" style=\"--awb-border-radius-top-left:0px;--awb-border-radius-top-right:0px;--awb-border-radius-bottom-right:0px;--awb-border-radius-bottom-left:0px;--awb-flex-wrap:wrap;\" ><div class=\"fusion-builder-row fusion-row fusion-flex-align-items-flex-start fusion-flex-content-wrap\" style=\"max-width:1144px;margin-left: calc(-4% \/ 2 );margin-right: calc(-4% \/ 2 );\"><div class=\"fusion-layout-column fusion_builder_column fusion-builder-column-2 fusion_builder_column_1_2 1_2 fusion-flex-column\" style=\"--awb-bg-size:cover;--awb-width-large:50%;--awb-margin-top-large:0px;--awb-spacing-right-large:3.84%;--awb-margin-bottom-large:20px;--awb-spacing-left-large:3.84%;--awb-width-medium:100%;--awb-order-medium:0;--awb-spacing-right-medium:1.92%;--awb-spacing-left-medium:1.92%;--awb-width-small:100%;--awb-order-small:0;--awb-spacing-right-small:1.92%;--awb-spacing-left-small:1.92%;\"><div class=\"fusion-column-wrapper fusion-column-has-shadow fusion-flex-justify-content-flex-start fusion-content-layout-column\"><div class=\"fusion-text fusion-text-2\" style=\"--awb-font-size:18px;\"><p><strong>Digitale Onlinedatenbank zu Good Practices und Ressourcen in der sozialp\u00e4dagogischen Integration von Kindern mit Flucht- und Migrationsgeschichte<\/strong><\/p>\n<p>Die 60 Good Practices sind zusammen mit weiteren 24 Policy Papers und 25 Tools und Ressourcen in diesem digitalen praktischen Instrument enthalten, das darauf abzielt, unterst\u00fctzende Umgebungen, Bildungsbedingungen und praktische Ressourcen zu identifizieren, die f\u00fcr die soziale Integration von Kindern mit Flucht- und Migrationsgeschichte relevant sind.<\/p>\n<p>Alle diese Ressourcen k\u00f6nnen frei navigiert oder gefiltert werden, indem man zwischen &#8222;Kategorie&#8220;, &#8222;Herkunftsland\/Umsetzung&#8220;, &#8222;Sprache&#8220; oder &#8222;\u00dcbereinstimmung mit den Dashboard-Ergebnissen&#8220; w\u00e4hlt.<\/p>\n<\/div><ul style=\"--awb-size:18px;--awb-line-height:30.6px;--awb-icon-width:30.6px;--awb-icon-height:30.6px;--awb-icon-margin:12.6px;--awb-content-margin:43.2px;--awb-circlecolor:#70d19a;--awb-circle-yes-font-size:15.84px;\" class=\"fusion-checklist fusion-checklist-1 fusion-checklist-default type-icons\"><li class=\"fusion-li-item\" style=\"\"><span class=\"icon-wrapper circle-yes\"><i class=\"fusion-li-icon fa-arrow-right fas\" aria-hidden=\"true\"><\/i><\/span><div class=\"fusion-li-item-content\">\n<p><a href=\"https:\/\/www.immerse-h2020.eu\/de\/digitale-onlinedatenbank-zu-guten-praktiken-und-ressourcen-in-der-sozialpaedagogischen-integration-von-kindern-mit-flucht-und-migrationsgeschichte\/\">Zugriff auf die digitale Online-Datenbank<\/a><\/p>\n<\/div><\/li><\/ul><\/div><\/div><div class=\"fusion-layout-column fusion_builder_column fusion-builder-column-3 fusion_builder_column_1_2 1_2 fusion-flex-column\" style=\"--awb-bg-size:cover;--awb-width-large:50%;--awb-margin-top-large:0px;--awb-spacing-right-large:3.84%;--awb-margin-bottom-large:20px;--awb-spacing-left-large:3.84%;--awb-width-medium:100%;--awb-order-medium:0;--awb-spacing-right-medium:1.92%;--awb-spacing-left-medium:1.92%;--awb-width-small:100%;--awb-order-small:0;--awb-spacing-right-small:1.92%;--awb-spacing-left-small:1.92%;\"><div class=\"fusion-column-wrapper fusion-column-has-shadow fusion-flex-justify-content-flex-start fusion-content-layout-column\"><div class=\"fusion-text fusion-text-3\" style=\"--awb-font-size:18px;\"><p><strong>Arbeitspapier &#8222;Sammlung von Good Practices auf nationaler und EU-Ebene&#8220;<\/strong><\/p>\n<p>Dieser Bericht enth\u00e4lt eine detaillierte Beschreibung der Good Practices, einschlie\u00dflich:<\/p>\n<ul>\n<li>Einen \u00dcberblick \u00fcber die angewandte Methodik, wobei der Schwerpunkt auf den ber\u00fccksichtigten Qualit\u00e4tskriterien, Ans\u00e4tzen und Interessenbereichen liegt.<\/li>\n<li>Eine vergleichende Analyse der 60 ausgew\u00e4hlten Good Practices, die einen umfassenden \u00dcberblick \u00fcber ihre Merkmale und eine eingehende Analyse der wichtigsten Ergebnisse in Bezug auf sieben Bereiche von Interesse bietet.<\/li>\n<li>Eine ausf\u00fchrliche Beschreibung von 12 ausgew\u00e4hlten Fallstudien, um eine Vielzahl inspirierender Initiativen vorzustellen, die Ideen f\u00fcr die Einbeziehung von Kindern mit Migrationshintergrund in die europ\u00e4ischen Gesellschaften liefern k\u00f6nnen.<\/li>\n<li>Einige \u00dcberlegungen und erste Reflexionen \u00fcber politische Empfehlungen, die sich an den Bildungs- und Politiksektor richten, um politische und bildungspolitische Ver\u00e4nderungen auf nationaler und EU-Ebene zu f\u00f6rdern.<\/li>\n<\/ul>\n<\/div><ul style=\"--awb-size:18px;--awb-line-height:30.6px;--awb-icon-width:30.6px;--awb-icon-height:30.6px;--awb-icon-margin:12.6px;--awb-content-margin:43.2px;--awb-circlecolor:#70d19a;--awb-circle-yes-font-size:15.84px;\" class=\"fusion-checklist fusion-checklist-2 fusion-checklist-default type-icons\"><li class=\"fusion-li-item\" style=\"\"><span class=\"icon-wrapper circle-yes\"><i class=\"fusion-li-icon fa-arrow-right fas\" aria-hidden=\"true\"><\/i><\/span><div class=\"fusion-li-item-content\">\n<p><a href=\"https:\/\/www.immerse-h2020.eu\/wp-content\/uploads\/2022\/08\/IMMERSE-_D4.1_Short.pdf\" target=\"_blank\" rel=\"noopener\">die Kurzfassung herunterladen<\/a>\u00a0(auf Englisch)<\/p>\n<\/div><\/li><li class=\"fusion-li-item\" style=\"\"><span class=\"icon-wrapper circle-yes\"><i class=\"fusion-li-icon fa-arrow-right fas\" aria-hidden=\"true\"><\/i><\/span><div class=\"fusion-li-item-content\">\n<p><a href=\"https:\/\/www.immerse-h2020.eu\/wp-content\/uploads\/2022\/08\/IMMERSE_D4.1_Extended.pdf\" target=\"_blank\" rel=\"noopener\">die Langfassung herunterladen<\/a>\u00a0(auf Englisch)<\/p>\n<\/div><\/li><\/ul><\/div><\/div><\/div><\/div><\/p>\n","protected":false},"excerpt":{"rendered":"","protected":false},"author":1,"featured_media":0,"parent":0,"menu_order":0,"comment_status":"closed","ping_status":"closed","template":"100-width.php","meta":{"_acf_changed":false,"footnotes":""},"acf":[],"_links":{"self":[{"href":"https:\/\/www.immerse-h2020.eu\/de\/wp-json\/wp\/v2\/pages\/961"}],"collection":[{"href":"https:\/\/www.immerse-h2020.eu\/de\/wp-json\/wp\/v2\/pages"}],"about":[{"href":"https:\/\/www.immerse-h2020.eu\/de\/wp-json\/wp\/v2\/types\/page"}],"author":[{"embeddable":true,"href":"https:\/\/www.immerse-h2020.eu\/de\/wp-json\/wp\/v2\/users\/1"}],"replies":[{"embeddable":true,"href":"https:\/\/www.immerse-h2020.eu\/de\/wp-json\/wp\/v2\/comments?post=961"}],"version-history":[{"count":12,"href":"https:\/\/www.immerse-h2020.eu\/de\/wp-json\/wp\/v2\/pages\/961\/revisions"}],"predecessor-version":[{"id":3899,"href":"https:\/\/www.immerse-h2020.eu\/de\/wp-json\/wp\/v2\/pages\/961\/revisions\/3899"}],"wp:attachment":[{"href":"https:\/\/www.immerse-h2020.eu\/de\/wp-json\/wp\/v2\/media?parent=961"}],"curies":[{"name":"wp","href":"https:\/\/api.w.org\/{rel}","templated":true}]}}