{"id":963,"date":"2019-11-25T19:13:28","date_gmt":"2019-11-25T18:13:28","guid":{"rendered":"https:\/\/www.immerse-h2020.eu\/immerse-dashboard-von-indikatoren-ueber-kinder-mit-flucht-und-migrationshintergrund\/"},"modified":"2023-12-22T09:14:11","modified_gmt":"2023-12-22T08:14:11","slug":"immerse-dashboard-von-indikatoren-zu-kindern-mit-flucht-und-migrationsgeschichte","status":"publish","type":"page","link":"https:\/\/www.immerse-h2020.eu\/de\/immerse-dashboard-von-indikatoren-zu-kindern-mit-flucht-und-migrationsgeschichte\/","title":{"rendered":"Indikatorensystem f\u00fcr sozialp\u00e4dagogische Integration"},"content":{"rendered":"<p><div class=\"fusion-fullwidth fullwidth-box fusion-builder-row-1 fusion-parallax-none nonhundred-percent-fullwidth non-hundred-percent-height-scrolling\" style=\"--awb-background-position:center bottom;--awb-border-radius-top-left:0px;--awb-border-radius-top-right:0px;--awb-border-radius-bottom-right:0px;--awb-border-radius-bottom-left:0px;--awb-background-image:url(&quot;https:\/\/www.immerse-h2020.eu\/wp-content\/uploads\/2019\/06\/6.jpg&quot;);--awb-background-size:cover;--awb-flex-wrap:wrap;\" ><div class=\"fusion-builder-row fusion-row\"><div class=\"fusion-layout-column fusion_builder_column fusion-builder-column-0 fusion_builder_column_1_1 1_1 fusion-one-full fusion-column-first fusion-column-last\" style=\"--awb-bg-size:cover;\"><div class=\"fusion-column-wrapper fusion-column-has-shadow fusion-flex-column-wrapper-legacy\"><div class=\"fusion-sep-clear\"><\/div><div class=\"fusion-separator fusion-full-width-sep\" style=\"margin-left: auto;margin-right: auto;margin-top:180px;width:100%;\"><\/div><div class=\"fusion-sep-clear\"><\/div><div class=\"fusion-title title fusion-title-1 fusion-sep-none fusion-title-text fusion-title-size-one\" style=\"--awb-text-color:#ffffff;--awb-margin-bottom:0px;--awb-margin-bottom-small:0px;\"><h1 class=\"fusion-title-heading title-heading-left\" style=\"margin:0;\">IMMERSE-Dashboard mit Indikatoren zur Integration von Kindern mit Flucht und Migrationsgeschichte<\/h1><\/div><div class=\"fusion-sep-clear\"><\/div><div class=\"fusion-separator fusion-full-width-sep\" style=\"margin-left: auto;margin-right: auto;margin-top:180px;width:100%;\"><\/div><div class=\"fusion-sep-clear\"><\/div><div class=\"fusion-clearfix\"><\/div><\/div><\/div><\/div><\/div><div class=\"fusion-fullwidth fullwidth-box fusion-builder-row-2 nonhundred-percent-fullwidth non-hundred-percent-height-scrolling fusion-equal-height-columns\" style=\"--awb-border-radius-top-left:0px;--awb-border-radius-top-right:0px;--awb-border-radius-bottom-right:0px;--awb-border-radius-bottom-left:0px;--awb-padding-top:60px;--awb-padding-bottom:10px;--awb-margin-bottom:0px;--awb-flex-wrap:wrap;\" ><div class=\"fusion-builder-row fusion-row\"><div class=\"fusion-layout-column fusion_builder_column fusion-builder-column-1 fusion_builder_column_1_1 1_1 fusion-one-full fusion-column-first fusion-column-last fusion-column-no-min-height\" style=\"--awb-padding-bottom:0px;--awb-bg-size:cover;--awb-margin-bottom:0px;\"><div class=\"fusion-column-wrapper fusion-column-has-shadow fusion-flex-column-wrapper-legacy\"><div class=\"fusion-column-content-centered\"><div class=\"fusion-column-content\"><div class=\"fusion-text fusion-text-1 green_p\"><p>Dieses Indikatoren-Dashboard wurde gemeinsam erstellt, um eine aussagekr\u00e4ftigere Definition von Integration darzustellen, die die Stimmen von Kindern mit Flucht- und Migrationsgeschichte, ihren Familien und denjenigen, die direkt mit ihnen in Schulen, NROs und politischen Entscheidungstr\u00e4gern arbeiten, einbezieht.<\/p>\n<p>Es umfasst 30 Indikatoren:<\/p>\n<\/div><ul style=\"--awb-size:18px;--awb-line-height:30.6px;--awb-icon-width:30.6px;--awb-icon-height:30.6px;--awb-icon-margin:12.6px;--awb-content-margin:43.2px;--awb-circlecolor:#70d19a;--awb-circle-yes-font-size:15.84px;\" class=\"fusion-checklist fusion-checklist-1 fusion-checklist-default type-icons\"><li class=\"fusion-li-item\" style=\"\"><span class=\"icon-wrapper circle-yes\"><i class=\"fusion-li-icon fa-arrow-right fas\" aria-hidden=\"true\"><\/i><\/span><div class=\"fusion-li-item-content\">\n<p><strong>14 f\u00fcr Integrationsergebnisse<\/strong> auf der Mikroebene, unterteilt in 5 Dimensionen: 1) Zugang zu Rechten, 2) Sprache und Kultur, 3) Wohlbefinden, 4) Verbundenheit und 5) Bildungserfolg;<\/p>\n<\/div><\/li><li class=\"fusion-li-item\" style=\"\"><span class=\"icon-wrapper circle-yes\"><i class=\"fusion-li-icon fa-arrow-right fas\" aria-hidden=\"true\"><\/i><\/span><div class=\"fusion-li-item-content\">\n<p>und <strong>16 f\u00fcr Hindernisse und Erleichterungen<\/strong> der Integration auf der Meso- und Makroebene, bezogen auf: 1) politische Leitung, 2) schulische Segregation, 3) Schulorganisation und Lehrer, 4) Lernunterst\u00fctzung, 5) psychische Gesundheitsdienste und 6) negative Einstellungen.<\/p>\n<\/div><\/li><\/ul><div class=\"fusion-sep-clear\"><\/div><div class=\"fusion-separator fusion-full-width-sep\" style=\"margin-left: auto;margin-right: auto;margin-top:6px;margin-bottom:6px;width:100%;\"><div class=\"fusion-separator-border sep-double\" style=\"--awb-height:20px;--awb-amount:20px;border-color:#e0dede;border-top-width:0px;border-bottom-width:0px;\"><\/div><\/div><div class=\"fusion-sep-clear\"><\/div><div class=\"fusion-text fusion-text-2 green_p\"><p>Die im Dashboard enthaltenen Daten fassen Informationen zusammen, die sowohl aus der Prim\u00e4rdatenerhebung (durchgef\u00fchrt zwischen 2021-2023, die 24 419 Kinder und 406 Standorte umfasste) als auch aus sekund\u00e4ren dokumentarischen Quellen (Eurostat, nationale Ministerien und statistische \u00c4mter, MIPEX, PISA, Eurydice).<\/p>\n<p>Die gemeinsame Erstellung des Dashboard von Indikatoren und die im Dashboard enthaltenen Daten wurden in den sechs IMMERSE-L\u00e4ndern erstellt: Belgien, Deutschland, Griechenland, Irland, Italien und Spanien. Trotzdem wurden das \u00fcbergreifende IMMERSE-Projekt und das dazugeh\u00f6rige Indikatorensystem so konzipiert, dass es \u00fcber die nationalen Grenzen hinaus anwendbar ist und eine gesamteurop\u00e4ische Perspektive einschlie\u00dft.<\/p>\n<\/div><\/div><\/div><div class=\"fusion-clearfix\"><\/div><\/div><\/div><\/div><\/div><div class=\"fusion-fullwidth fullwidth-box fusion-builder-row-3 fusion-flex-container has-pattern-background has-mask-background nonhundred-percent-fullwidth non-hundred-percent-height-scrolling\" style=\"--awb-border-sizes-top:2px;--awb-border-color:#70d19a;--awb-border-radius-top-left:0px;--awb-border-radius-top-right:0px;--awb-border-radius-bottom-right:0px;--awb-border-radius-bottom-left:0px;--awb-padding-top:30px;--awb-margin-top:70px;--awb-margin-bottom:70px;--awb-flex-wrap:wrap;\" ><div class=\"fusion-builder-row fusion-row fusion-flex-align-items-flex-start fusion-flex-content-wrap\" style=\"max-width:1144px;margin-left: calc(-4% \/ 2 );margin-right: calc(-4% \/ 2 );\"><div class=\"fusion-layout-column fusion_builder_column fusion-builder-column-2 fusion_builder_column_1_1 1_1 fusion-flex-column\" style=\"--awb-bg-size:cover;--awb-width-large:100%;--awb-margin-top-large:0px;--awb-spacing-right-large:1.92%;--awb-margin-bottom-large:20px;--awb-spacing-left-large:1.92%;--awb-width-medium:100%;--awb-order-medium:0;--awb-spacing-right-medium:1.92%;--awb-spacing-left-medium:1.92%;--awb-width-small:100%;--awb-order-small:0;--awb-spacing-right-small:1.92%;--awb-spacing-left-small:1.92%;\"><div class=\"fusion-column-wrapper fusion-column-has-shadow fusion-flex-justify-content-flex-start fusion-content-layout-column\"><div class=\"fusion-title title fusion-title-2 fusion-sep-none fusion-title-text fusion-title-size-one\"><h1 class=\"fusion-title-heading title-heading-left\" style=\"margin:0;\">Dashboard der Indikatoren<\/h1><\/div><\/div><\/div><\/div><\/div><div class=\"fusion-fullwidth fullwidth-box fusion-builder-row-4 fusion-flex-container has-pattern-background has-mask-background nonhundred-percent-fullwidth non-hundred-percent-height-scrolling\" style=\"--awb-border-sizes-bottom:2px;--awb-border-color:#70d19a;--awb-border-radius-top-left:0px;--awb-border-radius-top-right:0px;--awb-border-radius-bottom-right:0px;--awb-border-radius-bottom-left:0px;--awb-margin-top:30px;--awb-margin-bottom:70px;--awb-min-height:780px;--awb-flex-wrap:wrap;\" ><div class=\"fusion-builder-row fusion-row fusion-flex-align-items-flex-start fusion-flex-content-wrap\" style=\"max-width:1144px;margin-left: calc(-4% \/ 2 );margin-right: calc(-4% \/ 2 );\"><div class=\"fusion-layout-column fusion_builder_column fusion-builder-column-3 fusion_builder_column_1_1 1_1 fusion-flex-column\" style=\"--awb-bg-size:cover;--awb-width-large:100%;--awb-margin-top-large:0px;--awb-spacing-right-large:1.92%;--awb-margin-bottom-large:20px;--awb-spacing-left-large:1.92%;--awb-width-medium:100%;--awb-order-medium:0;--awb-spacing-right-medium:1.92%;--awb-spacing-left-medium:1.92%;--awb-width-small:100%;--awb-order-small:0;--awb-spacing-right-small:1.92%;--awb-spacing-left-small:1.92%;\"><div class=\"fusion-column-wrapper fusion-column-has-shadow fusion-flex-justify-content-flex-start fusion-content-layout-column\"><iframe title=\"IMMERSE Dashboard\" width=\"100%\" height=\"750\" src=\"https:\/\/app.powerbi.com\/view?r=eyJrIjoiY2IzZTBiMGQtZWE5Zi00NWFmLWJkYWYtZmUxNWEzNzEzOGUwIiwidCI6ImJjZDI3MDFjLWFhOWItNGQxMi1iYTIwLWYzZTNiODMwNzBjMSIsImMiOjh9&pageName=ReportSection7fc3202982cfcbb3b260\" frameborder=\"0\" allowFullScreen=\"true\"><\/iframe><\/div><\/div><\/div><\/div><div class=\"fusion-fullwidth fullwidth-box fusion-builder-row-5 fusion-flex-container has-pattern-background has-mask-background nonhundred-percent-fullwidth non-hundred-percent-height-scrolling\" style=\"--awb-border-radius-top-left:0px;--awb-border-radius-top-right:0px;--awb-border-radius-bottom-right:0px;--awb-border-radius-bottom-left:0px;--awb-flex-wrap:wrap;\" ><div class=\"fusion-builder-row fusion-row fusion-flex-align-items-flex-start fusion-flex-content-wrap\" style=\"max-width:1144px;margin-left: calc(-4% \/ 2 );margin-right: calc(-4% \/ 2 );\"><div class=\"fusion-layout-column fusion_builder_column fusion-builder-column-4 fusion_builder_column_1_2 1_2 fusion-flex-column\" style=\"--awb-bg-size:cover;--awb-width-large:50%;--awb-margin-top-large:0px;--awb-spacing-right-large:3.84%;--awb-margin-bottom-large:20px;--awb-spacing-left-large:3.84%;--awb-width-medium:100%;--awb-order-medium:0;--awb-spacing-right-medium:1.92%;--awb-spacing-left-medium:1.92%;--awb-width-small:100%;--awb-order-small:0;--awb-spacing-right-small:1.92%;--awb-spacing-left-small:1.92%;\"><div class=\"fusion-column-wrapper fusion-column-has-shadow fusion-flex-justify-content-flex-start fusion-content-layout-column\"><div class=\"fusion-image-element \" style=\"--awb-caption-title-font-family:var(--h2_typography-font-family);--awb-caption-title-font-weight:var(--h2_typography-font-weight);--awb-caption-title-font-style:var(--h2_typography-font-style);--awb-caption-title-size:var(--h2_typography-font-size);--awb-caption-title-transform:var(--h2_typography-text-transform);--awb-caption-title-line-height:var(--h2_typography-line-height);--awb-caption-title-letter-spacing:var(--h2_typography-letter-spacing);\"><span class=\" fusion-imageframe imageframe-none imageframe-1 hover-type-none\"><a href=\"https:\/\/www.immerse-h2020.eu\/wp-content\/uploads\/2021\/10\/01_Rev-5.jpg\" class=\"fusion-lightbox\" data-rel=\"iLightbox[8008efea60e2836a0ca]\" data-title=\"IR_01_EN_OK\" title=\"IR_01_EN_OK\"><img decoding=\"async\" width=\"1024\" height=\"778\" src=\"https:\/\/www.immerse-h2020.eu\/wp-content\/uploads\/2021\/10\/01_Rev-5.jpg\" alt class=\"img-responsive wp-image-1466\"\/><\/a><\/span><\/div><div class=\"fusion-image-element \" style=\"--awb-caption-title-font-family:var(--h2_typography-font-family);--awb-caption-title-font-weight:var(--h2_typography-font-weight);--awb-caption-title-font-style:var(--h2_typography-font-style);--awb-caption-title-size:var(--h2_typography-font-size);--awb-caption-title-transform:var(--h2_typography-text-transform);--awb-caption-title-line-height:var(--h2_typography-line-height);--awb-caption-title-letter-spacing:var(--h2_typography-letter-spacing);\"><span class=\" fusion-imageframe imageframe-none imageframe-2 hover-type-none\"><a href=\"https:\/\/www.immerse-h2020.eu\/wp-content\/uploads\/2021\/10\/02-3.jpg\" class=\"fusion-lightbox\" data-rel=\"iLightbox[aaea7ea23e39d8eec7a]\" data-title=\"IR_02_EN\" title=\"IR_02_EN\"><img decoding=\"async\" width=\"1024\" height=\"903\" src=\"https:\/\/www.immerse-h2020.eu\/wp-content\/uploads\/2021\/10\/02-3.jpg\" alt class=\"img-responsive wp-image-1375\"\/><\/a><\/span><\/div><\/div><\/div><div class=\"fusion-layout-column fusion_builder_column fusion-builder-column-5 fusion_builder_column_1_2 1_2 fusion-flex-column\" style=\"--awb-bg-size:cover;--awb-width-large:50%;--awb-margin-top-large:0px;--awb-spacing-right-large:3.84%;--awb-margin-bottom-large:20px;--awb-spacing-left-large:3.84%;--awb-width-medium:100%;--awb-order-medium:0;--awb-spacing-right-medium:1.92%;--awb-spacing-left-medium:1.92%;--awb-width-small:100%;--awb-order-small:0;--awb-spacing-right-small:1.92%;--awb-spacing-left-small:1.92%;\"><div class=\"fusion-column-wrapper fusion-column-has-shadow fusion-flex-justify-content-flex-start fusion-content-layout-column\"><div class=\"fusion-image-element \" style=\"--awb-caption-title-font-family:var(--h2_typography-font-family);--awb-caption-title-font-weight:var(--h2_typography-font-weight);--awb-caption-title-font-style:var(--h2_typography-font-style);--awb-caption-title-size:var(--h2_typography-font-size);--awb-caption-title-transform:var(--h2_typography-text-transform);--awb-caption-title-line-height:var(--h2_typography-line-height);--awb-caption-title-letter-spacing:var(--h2_typography-letter-spacing);\"><span class=\" fusion-imageframe imageframe-none imageframe-3 hover-type-none\"><a href=\"https:\/\/www.immerse-h2020.eu\/wp-content\/uploads\/2021\/10\/03-3.jpg\" class=\"fusion-lightbox\" data-rel=\"iLightbox[57957cf1785a0695ae4]\" data-title=\"BF_01_EN_OK\" title=\"BF_01_EN_OK\"><img decoding=\"async\" width=\"1010\" height=\"1024\" src=\"https:\/\/www.immerse-h2020.eu\/wp-content\/uploads\/2021\/10\/03-3.jpg\" alt class=\"img-responsive wp-image-1392\"\/><\/a><\/span><\/div><div class=\"fusion-image-element \" style=\"--awb-caption-title-font-family:var(--h2_typography-font-family);--awb-caption-title-font-weight:var(--h2_typography-font-weight);--awb-caption-title-font-style:var(--h2_typography-font-style);--awb-caption-title-size:var(--h2_typography-font-size);--awb-caption-title-transform:var(--h2_typography-text-transform);--awb-caption-title-line-height:var(--h2_typography-line-height);--awb-caption-title-letter-spacing:var(--h2_typography-letter-spacing);\"><span class=\" fusion-imageframe imageframe-none imageframe-4 hover-type-none\"><a href=\"https:\/\/www.immerse-h2020.eu\/wp-content\/uploads\/2021\/10\/04-3.jpg\" class=\"fusion-lightbox\" data-rel=\"iLightbox[a1952d403afddda642c]\" data-title=\"BF_02_EN\" title=\"BF_02_EN\"><img decoding=\"async\" width=\"1024\" height=\"752\" src=\"https:\/\/www.immerse-h2020.eu\/wp-content\/uploads\/2021\/10\/04-3.jpg\" alt class=\"img-responsive wp-image-1377\"\/><\/a><\/span><\/div><\/div><\/div><\/div><\/div><\/p>\n","protected":false},"excerpt":{"rendered":"","protected":false},"author":1,"featured_media":0,"parent":0,"menu_order":0,"comment_status":"closed","ping_status":"closed","template":"100-width.php","meta":{"_acf_changed":false,"footnotes":""},"acf":[],"_links":{"self":[{"href":"https:\/\/www.immerse-h2020.eu\/de\/wp-json\/wp\/v2\/pages\/963"}],"collection":[{"href":"https:\/\/www.immerse-h2020.eu\/de\/wp-json\/wp\/v2\/pages"}],"about":[{"href":"https:\/\/www.immerse-h2020.eu\/de\/wp-json\/wp\/v2\/types\/page"}],"author":[{"embeddable":true,"href":"https:\/\/www.immerse-h2020.eu\/de\/wp-json\/wp\/v2\/users\/1"}],"replies":[{"embeddable":true,"href":"https:\/\/www.immerse-h2020.eu\/de\/wp-json\/wp\/v2\/comments?post=963"}],"version-history":[{"count":12,"href":"https:\/\/www.immerse-h2020.eu\/de\/wp-json\/wp\/v2\/pages\/963\/revisions"}],"predecessor-version":[{"id":3983,"href":"https:\/\/www.immerse-h2020.eu\/de\/wp-json\/wp\/v2\/pages\/963\/revisions\/3983"}],"wp:attachment":[{"href":"https:\/\/www.immerse-h2020.eu\/de\/wp-json\/wp\/v2\/media?parent=963"}],"curies":[{"name":"wp","href":"https:\/\/api.w.org\/{rel}","templated":true}]}}