{"id":971,"date":"2019-11-25T19:20:23","date_gmt":"2019-11-25T18:20:23","guid":{"rendered":"https:\/\/www.immerse-h2020.eu\/ziele\/"},"modified":"2021-11-22T14:24:47","modified_gmt":"2021-11-22T13:24:47","slug":"ziele","status":"publish","type":"page","link":"https:\/\/www.immerse-h2020.eu\/de\/ziele\/","title":{"rendered":"Ziele"},"content":{"rendered":"<p><div class=\"fusion-fullwidth fullwidth-box fusion-builder-row-1 fusion-parallax-none nonhundred-percent-fullwidth non-hundred-percent-height-scrolling\" style=\"--awb-background-position:center bottom;--awb-border-radius-top-left:0px;--awb-border-radius-top-right:0px;--awb-border-radius-bottom-right:0px;--awb-border-radius-bottom-left:0px;--awb-background-image:url(&quot;https:\/\/www.immerse-h2020.eu\/wp-content\/uploads\/2019\/06\/4.jpg&quot;);--awb-background-size:cover;--awb-flex-wrap:wrap;\" ><div class=\"fusion-builder-row fusion-row\"><div class=\"fusion-layout-column fusion_builder_column fusion-builder-column-0 fusion_builder_column_1_1 1_1 fusion-one-full fusion-column-first fusion-column-last\" style=\"--awb-bg-size:cover;\"><div class=\"fusion-column-wrapper fusion-column-has-shadow fusion-flex-column-wrapper-legacy\"><div class=\"fusion-sep-clear\"><\/div><div class=\"fusion-separator fusion-full-width-sep\" style=\"margin-left: auto;margin-right: auto;margin-top:180px;width:100%;\"><\/div><div class=\"fusion-sep-clear\"><\/div><div class=\"fusion-title title fusion-title-1 fusion-sep-none fusion-title-text fusion-title-size-one\" style=\"--awb-text-color:#ffffff;--awb-margin-bottom:0px;--awb-margin-bottom-small:0px;\"><h1 class=\"fusion-title-heading title-heading-left\" style=\"margin:0;\">Ziele<\/h1><\/div><div class=\"fusion-sep-clear\"><\/div><div class=\"fusion-separator fusion-full-width-sep\" style=\"margin-left: auto;margin-right: auto;margin-top:180px;width:100%;\"><\/div><div class=\"fusion-sep-clear\"><\/div><div class=\"fusion-clearfix\"><\/div><\/div><\/div><\/div><\/div><div class=\"fusion-fullwidth fullwidth-box fusion-builder-row-2 nonhundred-percent-fullwidth non-hundred-percent-height-scrolling fusion-equal-height-columns\" style=\"--awb-border-radius-top-left:0px;--awb-border-radius-top-right:0px;--awb-border-radius-bottom-right:0px;--awb-border-radius-bottom-left:0px;--awb-padding-top:60px;--awb-padding-bottom:10px;--awb-margin-bottom:0px;--awb-flex-wrap:wrap;\" ><div class=\"fusion-builder-row fusion-row\"><div class=\"fusion-layout-column fusion_builder_column fusion-builder-column-1 fusion_builder_column_1_2 1_2 fusion-one-half fusion-column-first fusion-column-no-min-height fusion-animated\" style=\"--awb-padding-bottom:0px;--awb-bg-size:cover;--awb-margin-bottom:0px;width:50%;width:calc(50% - ( ( 4% ) * 0.5 ) );margin-right: 4%;\" data-animationType=\"fadeInDown\" data-animationDuration=\"0.7\" data-animationOffset=\"top-into-view\"><div class=\"fusion-column-wrapper fusion-column-has-shadow fusion-flex-column-wrapper-legacy\"><div class=\"fusion-column-content-centered\"><div class=\"fusion-column-content\"><div class=\"fusion-title title fusion-title-2 fusion-sep-none fusion-title-text fusion-title-size-two\"><h2 class=\"fusion-title-heading title-heading-left\" style=\"margin:0;\">HAUPTZIEL<\/h2><\/div><div class=\"fusion-text fusion-text-1\"><p>IMMERSE zielt darauf ab, die sozialp\u00e4dagogische Integration von Kindern mit Flucht- und Migrationsgeschichte in Europa zu verbessern, um den Aufbau integrativer und koh\u00e4siver Gesellschaften zu f\u00f6rdern.<\/p>\n<p>Hauptziel von IMMERSE ist die Definition einer neuen Generation von Indikatoren f\u00fcr die Integration und sozialp\u00e4dagogische Eingliederung von Kindern mit Flucht- und Migrationsgeschichte in Europa.<\/p>\n<p>IMMERSE ist bestrebt, alle relevanten Interessengruppen (Kinder und ihre Familien, Forscher, NROs, politische Entscheidungstr\u00e4ger, P\u00e4dagogen oder Bildungseinrichtungen) in die gemeinsame Erstellung und Validierung eines Dashboards von Indikatoren einzubeziehen. Dies wird zu Daten f\u00fchren, die den besonderen Bed\u00fcrfnissen und Erwartungen der relevanten Interessengruppen am besten entsprechen.<\/p>\n<p>IMMERSE-Forscher werden Daten zu den ausgew\u00e4hlten Indikatoren von Kindern im Alter von 6-18 Jahren in 6 europ\u00e4ischen L\u00e4ndern sammeln und \u00fcberwachen: Belgien, Deutschland, Griechenland, Irland, Italien, Spanien und Griechenland. IMMERSE wird eine innovative und IKT-gest\u00fctzte L\u00f6sung f\u00fcr die Datenerfassung (Onboarding-Plattform) und Datenvisualisierung und -analyse (Dashboard of Indicators) entwickeln.<\/p>\n<\/div><\/div><\/div><div class=\"fusion-clearfix\"><\/div><\/div><\/div><div class=\"fusion-layout-column fusion_builder_column fusion-builder-column-2 fusion_builder_column_1_2 1_2 fusion-one-half fusion-column-last fusion-animated\" style=\"--awb-bg-size:cover;width:50%;width:calc(50% - ( ( 4% ) * 0.5 ) );\" data-animationType=\"fadeInDown\" data-animationDuration=\"1.0\" data-animationOffset=\"top-mid-of-view\"><div class=\"fusion-column-wrapper fusion-column-has-shadow fusion-flex-column-wrapper-legacy\"><div class=\"fusion-column-content-centered\"><div class=\"fusion-column-content\"><div class=\"fusion-image-element in-legacy-container\" style=\"--awb-caption-title-font-family:var(--h2_typography-font-family);--awb-caption-title-font-weight:var(--h2_typography-font-weight);--awb-caption-title-font-style:var(--h2_typography-font-style);--awb-caption-title-size:var(--h2_typography-font-size);--awb-caption-title-transform:var(--h2_typography-text-transform);--awb-caption-title-line-height:var(--h2_typography-line-height);--awb-caption-title-letter-spacing:var(--h2_typography-letter-spacing);\"><span class=\" fusion-imageframe imageframe-none imageframe-1 hover-type-zoomin\"><a href=\"https:\/\/www.immerse-h2020.eu\/wp-content\/uploads\/2019\/06\/infografia.png\" class=\"fusion-lightbox\" data-rel=\"iLightbox[a29f9b3d6a0c72bd187]\" data-title=\"infografia\" title=\"infografia\"><img decoding=\"async\" width=\"2000\" height=\"2213\" src=\"https:\/\/www.immerse-h2020.eu\/wp-content\/uploads\/2019\/06\/infografia.png\" alt class=\"img-responsive wp-image-225\" srcset=\"https:\/\/www.immerse-h2020.eu\/wp-content\/uploads\/2019\/06\/infografia-200x221.png 200w, https:\/\/www.immerse-h2020.eu\/wp-content\/uploads\/2019\/06\/infografia-400x443.png 400w, https:\/\/www.immerse-h2020.eu\/wp-content\/uploads\/2019\/06\/infografia-600x664.png 600w, https:\/\/www.immerse-h2020.eu\/wp-content\/uploads\/2019\/06\/infografia-800x885.png 800w, https:\/\/www.immerse-h2020.eu\/wp-content\/uploads\/2019\/06\/infografia-1200x1328.png 1200w, https:\/\/www.immerse-h2020.eu\/wp-content\/uploads\/2019\/06\/infografia.png 2000w\" sizes=\"(max-width: 800px) 100vw, 600px\" \/><\/a><\/span><\/div><\/div><\/div><div class=\"fusion-clearfix\"><\/div><\/div><\/div><\/div><\/div><div class=\"fusion-fullwidth fullwidth-box fusion-builder-row-3 fusion-parallax-none nonhundred-percent-fullwidth non-hundred-percent-height-scrolling fusion-equal-height-columns\" style=\"--awb-background-position:right bottom;--awb-border-radius-top-left:0px;--awb-border-radius-top-right:0px;--awb-border-radius-bottom-right:0px;--awb-border-radius-bottom-left:0px;--awb-padding-top:20px;--awb-padding-bottom:40px;--awb-background-image:url(&quot;https:\/\/www.immerse-h2020.eu\/wp-content\/uploads\/2019\/06\/2.png&quot;);--awb-background-size:cover;--awb-flex-wrap:wrap;\" ><div class=\"fusion-builder-row fusion-row\"><div class=\"fusion-layout-column fusion_builder_column fusion-builder-column-3 fusion_builder_column_2_3 2_3 fusion-two-third fusion-column-first fusion-column-no-min-height fusion-animated\" style=\"--awb-bg-size:cover;--awb-margin-bottom:220px;width:66.666666666667%;width:calc(66.666666666667% - ( ( 4% ) * 0.66666666666667 ) );margin-right: 4%;\" data-animationType=\"fadeInDown\" data-animationDuration=\"0.9\" data-animationOffset=\"top-mid-of-view\"><div class=\"fusion-column-wrapper fusion-column-has-shadow fusion-flex-column-wrapper-legacy\"><div class=\"fusion-title title fusion-title-3 fusion-sep-none fusion-title-text fusion-title-size-two\" style=\"--awb-text-color:#70d19a;\"><h2 class=\"fusion-title-heading title-heading-left\" style=\"margin:0;\">SPEZIFISCHE ZIELE<\/h2><\/div><div class=\"fusion-text fusion-text-2\"><ol class=\"lista\">\n<li class=\"one\">Anh\u00f6rung und Einbeziehung der Stimmen von Kindern mit Flucht- und Migrationsgeschichte, um ihre Erfahrungen zu ber\u00fccksichtigen und bessere soziale und bildungsbezogene Integrationssysteme zu entwickeln, damit ihre F\u00e4higkeiten und ihr allgemeines Wohlbefinden verbessert werden k\u00f6nnen.<\/li>\n<li class=\"two\">Identifizierung der wichtigsten Parameter und Indikatoren, die sich auf die sozialp\u00e4dagogische Integration von Kindern mit Flucht- und Migrationsgeschichte auswirken und die von entscheidender Bedeutung sind, um die Integration von Menschen mit Flucht- und Migrationshintergrund und die Vorbereitung der Aufnahmegesellschaft zu verbessern.<\/li>\n<li class=\"three\">Nutzung der derzeitigen Datenquellen und Datenanalysesysteme f\u00fcr Kindern mit Flucht- und Migrationsgeschichte, um auf die Verbesserung und Sichtbarkeit von Parametern hinzuarbeiten, die ihre erfolgreiche Integration in die Aufnahmegesellschaften herausfordern und unterst\u00fctzen.<\/li>\n<li class=\"four\">Erhebung und \u00dcberwachung von Daten \u00fcber die Integration von Kindern mit Flucht- und Migrationsgeschichte in Lernumgebungen und Aufnahmezentren f\u00fcr Migranten in 6 europ\u00e4ischen L\u00e4ndern.<\/li>\n<li class=\"five\">Unterst\u00fctzung der T\u00e4tigkeit der EU, ihrer Mitgliedstaaten, NRO und anderer Verb\u00e4nde, die sich mit der Integration von Kindern mit Flucht- und Migrationsgeschichte befassen, durch Erleichterung des Zugangs zu zuverl\u00e4ssigen Daten sowie zu Empfehlungen und bew\u00e4hrten Verfahren.<\/li>\n<li class=\"six\">Sensibilisierung f\u00fcr die Bedeutung der Integration f\u00fcr die EU und f\u00fcr Kindern mit Flucht- und Migrationsgeschichte und Darstellung, wie Schulen und andere Bildungs- und Erfahrungsumgebungen zur Verbesserung ihrer sozialen Integration und zur Unterst\u00fctzung der Entwicklung interkultureller Gesellschaften beitragen k\u00f6nnen.<\/li>\n<li class=\"seven\">Ermutigen Sie politische Entscheidungstr\u00e4ger, Schulen und andere Lern- und Erfahrungsumgebungen, Ma\u00dfnahmen zu ergreifen, um den Zugang von Kindern mit Flucht- und Migrationsgeschichte zu Integrationsprogrammen zu gew\u00e4hrleisten.<\/li>\n<\/ol>\n<\/div><div class=\"fusion-clearfix\"><\/div><\/div><\/div><div class=\"fusion-layout-column fusion_builder_column fusion-builder-column-4 fusion_builder_column_1_3 1_3 fusion-one-third fusion-column-last fusion-column-no-min-height\" style=\"--awb-bg-size:cover;width:33.333333333333%;width:calc(33.333333333333% - ( ( 4% ) * 0.33333333333333 ) );\"><div class=\"fusion-column-wrapper fusion-column-has-shadow fusion-flex-column-wrapper-legacy\"><div class=\"fusion-clearfix\"><\/div><\/div><\/div><\/div><\/div><\/p>\n","protected":false},"excerpt":{"rendered":"","protected":false},"author":1,"featured_media":0,"parent":0,"menu_order":0,"comment_status":"closed","ping_status":"closed","template":"100-width.php","meta":{"_acf_changed":false,"footnotes":""},"acf":[],"_links":{"self":[{"href":"https:\/\/www.immerse-h2020.eu\/de\/wp-json\/wp\/v2\/pages\/971"}],"collection":[{"href":"https:\/\/www.immerse-h2020.eu\/de\/wp-json\/wp\/v2\/pages"}],"about":[{"href":"https:\/\/www.immerse-h2020.eu\/de\/wp-json\/wp\/v2\/types\/page"}],"author":[{"embeddable":true,"href":"https:\/\/www.immerse-h2020.eu\/de\/wp-json\/wp\/v2\/users\/1"}],"replies":[{"embeddable":true,"href":"https:\/\/www.immerse-h2020.eu\/de\/wp-json\/wp\/v2\/comments?post=971"}],"version-history":[{"count":2,"href":"https:\/\/www.immerse-h2020.eu\/de\/wp-json\/wp\/v2\/pages\/971\/revisions"}],"predecessor-version":[{"id":1572,"href":"https:\/\/www.immerse-h2020.eu\/de\/wp-json\/wp\/v2\/pages\/971\/revisions\/1572"}],"wp:attachment":[{"href":"https:\/\/www.immerse-h2020.eu\/de\/wp-json\/wp\/v2\/media?parent=971"}],"curies":[{"name":"wp","href":"https:\/\/api.w.org\/{rel}","templated":true}]}}