{"id":977,"date":"2019-11-25T19:24:30","date_gmt":"2019-11-25T18:24:30","guid":{"rendered":"https:\/\/www.immerse-h2020.eu\/politische-empfehlungen-zur-integration-von-kindern-mit-flucht-und-migrationshintergrund\/"},"modified":"2023-12-12T21:34:29","modified_gmt":"2023-12-12T20:34:29","slug":"politische-empfehlungen-zur-integration-von-kindern-mit-flucht-und-migrationsgeschichte","status":"publish","type":"page","link":"https:\/\/www.immerse-h2020.eu\/de\/politische-empfehlungen-zur-integration-von-kindern-mit-flucht-und-migrationsgeschichte\/","title":{"rendered":"Politische Empfehlungen zur Integration von Kindern mit Flucht- und Migrationsgeschichte"},"content":{"rendered":"<p><div class=\"fusion-fullwidth fullwidth-box fusion-builder-row-1 fusion-parallax-none nonhundred-percent-fullwidth non-hundred-percent-height-scrolling\" style=\"--awb-background-position:center bottom;--awb-border-radius-top-left:0px;--awb-border-radius-top-right:0px;--awb-border-radius-bottom-right:0px;--awb-border-radius-bottom-left:0px;--awb-background-image:url(&quot;https:\/\/www.immerse-h2020.eu\/wp-content\/uploads\/2019\/06\/13.jpg&quot;);--awb-background-size:cover;--awb-flex-wrap:wrap;\" ><div class=\"fusion-builder-row fusion-row\"><div class=\"fusion-layout-column fusion_builder_column fusion-builder-column-0 fusion_builder_column_1_1 1_1 fusion-one-full fusion-column-first fusion-column-last\" style=\"--awb-bg-size:cover;\"><div class=\"fusion-column-wrapper fusion-column-has-shadow fusion-flex-column-wrapper-legacy\"><div class=\"fusion-sep-clear\"><\/div><div class=\"fusion-separator fusion-full-width-sep\" style=\"margin-left: auto;margin-right: auto;margin-top:180px;width:100%;\"><\/div><div class=\"fusion-sep-clear\"><\/div><div class=\"fusion-title title fusion-title-1 fusion-sep-none fusion-title-text fusion-title-size-one\" style=\"--awb-text-color:#ffffff;--awb-margin-bottom:0px;--awb-margin-bottom-small:0px;\"><h1 class=\"fusion-title-heading title-heading-left\" style=\"margin:0;\">Politische Empfehlungen zur Integration von Kindern mit Flucht- und Migrationshintergrund<\/h1><\/div><div class=\"fusion-sep-clear\"><\/div><div class=\"fusion-separator fusion-full-width-sep\" style=\"margin-left: auto;margin-right: auto;margin-top:180px;width:100%;\"><\/div><div class=\"fusion-sep-clear\"><\/div><div class=\"fusion-clearfix\"><\/div><\/div><\/div><\/div><\/div><div class=\"fusion-fullwidth fullwidth-box fusion-builder-row-2 nonhundred-percent-fullwidth non-hundred-percent-height-scrolling fusion-equal-height-columns\" style=\"--awb-border-radius-top-left:0px;--awb-border-radius-top-right:0px;--awb-border-radius-bottom-right:0px;--awb-border-radius-bottom-left:0px;--awb-padding-top:60px;--awb-padding-bottom:10px;--awb-margin-bottom:0px;--awb-flex-wrap:wrap;\" ><div class=\"fusion-builder-row fusion-row\"><div class=\"fusion-layout-column fusion_builder_column fusion-builder-column-1 fusion_builder_column_2_3 2_3 fusion-two-third fusion-column-first fusion-column-no-min-height\" style=\"--awb-padding-bottom:0px;--awb-bg-size:cover;--awb-margin-bottom:0px;width:65.3333%; margin-right: 4%;\"><div class=\"fusion-column-wrapper fusion-column-has-shadow fusion-flex-column-wrapper-legacy\"><div class=\"fusion-column-content-centered\"><div class=\"fusion-column-content\"><div class=\"fusion-text fusion-text-1 green_p\"><p>Die Datenanalyse f\u00fchrte zur Entwicklung von sechs nationalen Grundsatzpapieren, die auf die L\u00e4nder des IMMERSE-Konsortiums zugeschnitten sind, sowie eines europ\u00e4ischen Grundsatzpapiers, in dem Leitlinien und Empfehlungen zur Integration von Kindern mit Flucht- und Migrationsgeschichte diskutiert werden.<\/p>\n<p>Diese Grundsatzpapiere, die auf IMMERSE-Verbreitungsveranstaltungen vorgestellt wurden, richten sich an die verschiedenen Akteure des Integrationsprozesses. Es wurden auch Advocacy-Aktivit\u00e4ten durchgef\u00fchrt, um wirksame Praktiken f\u00fcr die Integration von Kindern mit Flucht- und Migrationsgeschichte auf nationaler und EU-Ebene zu f\u00f6rdern.<\/p>\n<\/div><div class=\"fusion-sep-clear\"><\/div><div class=\"fusion-separator fusion-full-width-sep\" style=\"margin-left: auto;margin-right: auto;margin-top:6px;margin-bottom:6px;width:100%;\"><div class=\"fusion-separator-border sep-double\" style=\"--awb-height:20px;--awb-amount:20px;border-color:#e0dede;border-top-width:0px;border-bottom-width:0px;\"><\/div><\/div><div class=\"fusion-sep-clear\"><\/div><\/div><\/div><div class=\"fusion-clearfix\"><\/div><\/div><\/div><div class=\"fusion-layout-column fusion_builder_column fusion-builder-column-2 fusion_builder_column_2_3 2_3 fusion-two-third fusion-column-first\" style=\"--awb-padding-top:20px;--awb-padding-right:30px;--awb-padding-bottom:20px;--awb-padding-left:30px;--awb-bg-color:#573b5f;--awb-bg-color-hover:#573b5f;--awb-bg-size:cover;width:66.666666666667%;width:calc(66.666666666667% - ( ( 0 ) * 0.66666666666667 ) );margin-right: 0px;\" data-scroll-devices=\"small-visibility,medium-visibility,large-visibility\"><div class=\"fusion-column-wrapper fusion-column-has-shadow fusion-flex-column-wrapper-legacy\"><div class=\"fusion-column-content-centered\"><div class=\"fusion-column-content\"><ul style=\"--awb-size:20px;--awb-line-height:34px;--awb-icon-width:34px;--awb-icon-height:34px;--awb-icon-margin:14px;--awb-content-margin:48px;--awb-circlecolor:#70d19a;--awb-circle-yes-font-size:17.6px;\" class=\"fusion-checklist fusion-checklist-1 fusion-checklist-default type-icons\"><li class=\"fusion-li-item\" style=\"\"><span class=\"icon-wrapper circle-yes\"><i class=\"fusion-li-icon fa-arrow-right fas\" aria-hidden=\"true\"><\/i><\/span><div class=\"fusion-li-item-content\">\n<p><a href=\"https:\/\/www.immerse-h2020.eu\/wp-content\/uploads\/2023\/11\/IMMERSE_National_Recommendations_BE.pdf\" target=\"_blank\" rel=\"noopener\">Nationales Empfehlungspapier: Belgien<\/a><\/p>\n<\/div><\/li><\/ul><div class=\"fusion-text fusion-text-2\" style=\"--awb-text-color:#d1d1d1;\"><ul>\n<li><strong>Autor*innen<\/strong>: Katherine Shea \/ Farzana S. Islam<\/li>\n<li><strong>Leitende Organisation<\/strong>: Active Citizen Europe<\/li>\n<\/ul>\n<\/div><div class=\"fusion-sep-clear\"><\/div><div class=\"fusion-separator fusion-full-width-sep\" style=\"margin-left: auto;margin-right: auto;margin-top:6px;margin-bottom:6px;width:100%;\"><div class=\"fusion-separator-border sep-double\" style=\"--awb-height:20px;--awb-amount:20px;border-color:#e0dede;border-top-width:0px;border-bottom-width:0px;\"><\/div><\/div><div class=\"fusion-sep-clear\"><\/div><ul style=\"--awb-size:20px;--awb-line-height:34px;--awb-icon-width:34px;--awb-icon-height:34px;--awb-icon-margin:14px;--awb-content-margin:48px;--awb-circlecolor:#70d19a;--awb-circle-yes-font-size:17.6px;\" class=\"fusion-checklist fusion-checklist-2 fusion-checklist-default type-icons\"><li class=\"fusion-li-item\" style=\"\"><span class=\"icon-wrapper circle-yes\"><i class=\"fusion-li-icon fa-arrow-right fas\" aria-hidden=\"true\"><\/i><\/span><div class=\"fusion-li-item-content\">\n<p><a href=\"https:\/\/www.immerse-h2020.eu\/wp-content\/uploads\/2023\/11\/IMMERSE_National_Recommendations_DE.pdf\" target=\"_blank\" rel=\"noopener\">Nationales Empfehlungspapier: Deutschland<\/a><\/p>\n<\/div><\/li><\/ul><div class=\"fusion-text fusion-text-3\" style=\"--awb-text-color:#d1d1d1;\"><ul>\n<li><strong>Autor*innen<\/strong>: Andrea Rutzen \/ Abdulaziz Ramadan<\/li>\n<li><strong>Leitende Organisation<\/strong>: DOZ e.V. International<\/li>\n<\/ul>\n<\/div><div class=\"fusion-sep-clear\"><\/div><div class=\"fusion-separator fusion-full-width-sep\" style=\"margin-left: auto;margin-right: auto;margin-top:6px;margin-bottom:6px;width:100%;\"><div class=\"fusion-separator-border sep-double\" style=\"--awb-height:20px;--awb-amount:20px;border-color:#e0dede;border-top-width:0px;border-bottom-width:0px;\"><\/div><\/div><div class=\"fusion-sep-clear\"><\/div><ul style=\"--awb-size:20px;--awb-line-height:34px;--awb-icon-width:34px;--awb-icon-height:34px;--awb-icon-margin:14px;--awb-content-margin:48px;--awb-circlecolor:#70d19a;--awb-circle-yes-font-size:17.6px;\" class=\"fusion-checklist fusion-checklist-3 fusion-checklist-default type-icons\"><li class=\"fusion-li-item\" style=\"\"><span class=\"icon-wrapper circle-yes\"><i class=\"fusion-li-icon fa-arrow-right fas\" aria-hidden=\"true\"><\/i><\/span><div class=\"fusion-li-item-content\">\n<p><a href=\"https:\/\/www.immerse-h2020.eu\/wp-content\/uploads\/2023\/11\/IMMERSE_National_Recommendations_EL.pdf\" target=\"_blank\" rel=\"noopener\">Nationales Empfehlungspapier: Griechenland<\/a><\/p>\n<\/div><\/li><\/ul><div class=\"fusion-text fusion-text-4\" style=\"--awb-text-color:#d1d1d1;\"><ul>\n<li><strong>Autor*innen<\/strong>: M. D. Marouda \/ E. Koutsouraki<\/li>\n<li><strong>Leitende Organisation<\/strong>: Panteion University of Social and Political Studies<\/li>\n<\/ul>\n<\/div><div class=\"fusion-sep-clear\"><\/div><div class=\"fusion-separator fusion-full-width-sep\" style=\"margin-left: auto;margin-right: auto;margin-top:6px;margin-bottom:6px;width:100%;\"><div class=\"fusion-separator-border sep-double\" style=\"--awb-height:20px;--awb-amount:20px;border-color:#e0dede;border-top-width:0px;border-bottom-width:0px;\"><\/div><\/div><div class=\"fusion-sep-clear\"><\/div><ul style=\"--awb-size:20px;--awb-line-height:34px;--awb-icon-width:34px;--awb-icon-height:34px;--awb-icon-margin:14px;--awb-content-margin:48px;--awb-circlecolor:#70d19a;--awb-circle-yes-font-size:17.6px;\" class=\"fusion-checklist fusion-checklist-4 fusion-checklist-default type-icons\"><li class=\"fusion-li-item\" style=\"\"><span class=\"icon-wrapper circle-yes\"><i class=\"fusion-li-icon fa-arrow-right fas\" aria-hidden=\"true\"><\/i><\/span><div class=\"fusion-li-item-content\">\n<p><a href=\"https:\/\/www.immerse-h2020.eu\/wp-content\/uploads\/2023\/11\/IMMERSE_National_Recommendations_IE.pdf\" target=\"_blank\" rel=\"noopener\">Nationales Empfehlungspapier: Irland<\/a><\/p>\n<\/div><\/li><\/ul><div class=\"fusion-text fusion-text-5\" style=\"--awb-text-color:#d1d1d1;\"><ul>\n<li><strong>Autor*innen<\/strong>: Jacqui O\u2019Riordan \/ Shirley Martin \/ Deirdre Horgan \/ Reana Maier<\/li>\n<li><strong>Leitende Organisation<\/strong>: University College Cork<\/li>\n<\/ul>\n<\/div><div class=\"fusion-sep-clear\"><\/div><div class=\"fusion-separator fusion-full-width-sep\" style=\"margin-left: auto;margin-right: auto;margin-top:6px;margin-bottom:6px;width:100%;\"><div class=\"fusion-separator-border sep-double\" style=\"--awb-height:20px;--awb-amount:20px;border-color:#e0dede;border-top-width:0px;border-bottom-width:0px;\"><\/div><\/div><div class=\"fusion-sep-clear\"><\/div><ul style=\"--awb-size:20px;--awb-line-height:34px;--awb-icon-width:34px;--awb-icon-height:34px;--awb-icon-margin:14px;--awb-content-margin:48px;--awb-circlecolor:#70d19a;--awb-circle-yes-font-size:17.6px;\" class=\"fusion-checklist fusion-checklist-5 fusion-checklist-default type-icons\"><li class=\"fusion-li-item\" style=\"\"><span class=\"icon-wrapper circle-yes\"><i class=\"fusion-li-icon fa-arrow-right fas\" aria-hidden=\"true\"><\/i><\/span><div class=\"fusion-li-item-content\">\n<p><a href=\"https:\/\/www.immerse-h2020.eu\/wp-content\/uploads\/2023\/11\/IMMERSE_National_Recommendations_IT.pdf\" target=\"_blank\" rel=\"noopener\">Nationales Empfehlungspapier: Italien<\/a><\/p>\n<\/div><\/li><\/ul><div class=\"fusion-text fusion-text-6\" style=\"--awb-text-color:#d1d1d1;\"><ul>\n<li><strong>Autor*innen<\/strong>: Valeria Fabretti \/ Mirco Gigliotti \/ Michela Lonardi<\/li>\n<li><strong>Leitende Organisation<\/strong>: Save the Children Italy<\/li>\n<\/ul>\n<\/div><div class=\"fusion-sep-clear\"><\/div><div class=\"fusion-separator fusion-full-width-sep\" style=\"margin-left: auto;margin-right: auto;margin-top:6px;margin-bottom:6px;width:100%;\"><div class=\"fusion-separator-border sep-double\" style=\"--awb-height:20px;--awb-amount:20px;border-color:#e0dede;border-top-width:0px;border-bottom-width:0px;\"><\/div><\/div><div class=\"fusion-sep-clear\"><\/div><ul style=\"--awb-size:20px;--awb-line-height:34px;--awb-icon-width:34px;--awb-icon-height:34px;--awb-icon-margin:14px;--awb-content-margin:48px;--awb-circlecolor:#70d19a;--awb-circle-yes-font-size:17.6px;\" class=\"fusion-checklist fusion-checklist-6 fusion-checklist-default type-icons\"><li class=\"fusion-li-item\" style=\"\"><span class=\"icon-wrapper circle-yes\"><i class=\"fusion-li-icon fa-arrow-right fas\" aria-hidden=\"true\"><\/i><\/span><div class=\"fusion-li-item-content\">\n<p><a href=\"https:\/\/www.immerse-h2020.eu\/wp-content\/uploads\/2023\/11\/IMMERSE_National_Recommendations_ES.pdf\" target=\"_blank\" rel=\"noopener\">Nationales Empfehlungspapier: Spanien<\/a><\/p>\n<\/div><\/li><\/ul><div class=\"fusion-text fusion-text-7\" style=\"--awb-text-color:#d1d1d1;\"><ul>\n<li><strong>Autor*innen<\/strong>: Yoan Molinero Gerbeau \/ \u00c1ngela Ord\u00f3\u00f1ez Caraba\u00f1o \/ Elena Rodr\u00edguez-Ventosa Herrera \/ Eva Bajo Marcos \/ Inmaculada Serrano Sanguilinda<\/li>\n<li><strong>Leitende Organisation<\/strong>: IUEM COMILLAS<\/li>\n<\/ul>\n<\/div><div class=\"fusion-sep-clear\"><\/div><div class=\"fusion-separator fusion-full-width-sep\" style=\"margin-left: auto;margin-right: auto;margin-top:6px;margin-bottom:6px;width:100%;\"><div class=\"fusion-separator-border sep-double\" style=\"--awb-height:20px;--awb-amount:20px;border-color:#e0dede;border-top-width:0px;border-bottom-width:0px;\"><\/div><\/div><div class=\"fusion-sep-clear\"><\/div><ul style=\"--awb-size:20px;--awb-line-height:34px;--awb-icon-width:34px;--awb-icon-height:34px;--awb-icon-margin:14px;--awb-content-margin:48px;--awb-circlecolor:#70d19a;--awb-circle-yes-font-size:17.6px;\" class=\"fusion-checklist fusion-checklist-7 fusion-checklist-default type-icons\"><li class=\"fusion-li-item\" style=\"\"><span class=\"icon-wrapper circle-yes\"><i class=\"fusion-li-icon fa-arrow-right fas\" aria-hidden=\"true\"><\/i><\/span><div class=\"fusion-li-item-content\">\n<p><a href=\"https:\/\/www.immerse-h2020.eu\/wp-content\/uploads\/2023\/11\/IMMERSE_EU-level_Recommendations.pdf\" target=\"_blank\" rel=\"noopener\">Empfehlungspapier auf EU-Ebene<\/a><\/p>\n<\/div><\/li><\/ul><div class=\"fusion-text fusion-text-8\" style=\"--awb-text-color:#d1d1d1;\"><ul>\n<li><strong>Autor*innen<\/strong>: Valeria Fabretti \/ Mirco Gigliotti \/ Michela Lonardi<\/li>\n<li><strong>Leitende Organisation<\/strong>: Save the Children Italy<\/li>\n<\/ul>\n<\/div><\/div><\/div><div class=\"fusion-clearfix\"><\/div><\/div><\/div><\/div><\/div><\/p>\n","protected":false},"excerpt":{"rendered":"","protected":false},"author":1,"featured_media":0,"parent":0,"menu_order":0,"comment_status":"closed","ping_status":"closed","template":"100-width.php","meta":{"_acf_changed":false,"footnotes":""},"acf":[],"_links":{"self":[{"href":"https:\/\/www.immerse-h2020.eu\/de\/wp-json\/wp\/v2\/pages\/977"}],"collection":[{"href":"https:\/\/www.immerse-h2020.eu\/de\/wp-json\/wp\/v2\/pages"}],"about":[{"href":"https:\/\/www.immerse-h2020.eu\/de\/wp-json\/wp\/v2\/types\/page"}],"author":[{"embeddable":true,"href":"https:\/\/www.immerse-h2020.eu\/de\/wp-json\/wp\/v2\/users\/1"}],"replies":[{"embeddable":true,"href":"https:\/\/www.immerse-h2020.eu\/de\/wp-json\/wp\/v2\/comments?post=977"}],"version-history":[{"count":11,"href":"https:\/\/www.immerse-h2020.eu\/de\/wp-json\/wp\/v2\/pages\/977\/revisions"}],"predecessor-version":[{"id":3905,"href":"https:\/\/www.immerse-h2020.eu\/de\/wp-json\/wp\/v2\/pages\/977\/revisions\/3905"}],"wp:attachment":[{"href":"https:\/\/www.immerse-h2020.eu\/de\/wp-json\/wp\/v2\/media?parent=977"}],"curies":[{"name":"wp","href":"https:\/\/api.w.org\/{rel}","templated":true}]}}