{"id":985,"date":"2019-11-25T19:29:03","date_gmt":"2019-11-25T18:29:03","guid":{"rendered":"https:\/\/www.immerse-h2020.eu\/auswahl-und-erstellung-eines-dashboards-fuer-indikatoren-zur-sozialpaedagogischen-integration\/"},"modified":"2023-12-12T21:20:19","modified_gmt":"2023-12-12T20:20:19","slug":"auswahl-und-erstellung-eines-dashboards-fuer-indikatoren-zur-sozialpaedagogischen-integration","status":"publish","type":"page","link":"https:\/\/www.immerse-h2020.eu\/de\/auswahl-und-erstellung-eines-dashboards-fuer-indikatoren-zur-sozialpaedagogischen-integration\/","title":{"rendered":"Auswahl und Erstellung eines Indikatorensystems f\u00fcr die sozial-p\u00e4dagogische Integration"},"content":{"rendered":"<p><div class=\"fusion-fullwidth fullwidth-box fusion-builder-row-1 fusion-parallax-none nonhundred-percent-fullwidth non-hundred-percent-height-scrolling\" style=\"--awb-background-position:center bottom;--awb-border-radius-top-left:0px;--awb-border-radius-top-right:0px;--awb-border-radius-bottom-right:0px;--awb-border-radius-bottom-left:0px;--awb-background-image:url(&quot;https:\/\/www.immerse-h2020.eu\/wp-content\/uploads\/2019\/06\/11.jpg&quot;);--awb-background-size:cover;--awb-flex-wrap:wrap;\" ><div class=\"fusion-builder-row fusion-row\"><div class=\"fusion-layout-column fusion_builder_column fusion-builder-column-0 fusion_builder_column_2_3 2_3 fusion-two-third fusion-column-first\" style=\"--awb-bg-size:cover;width:66.666666666667%;width:calc(66.666666666667% - ( ( 4% ) * 0.66666666666667 ) );margin-right: 4%;\"><div class=\"fusion-column-wrapper fusion-column-has-shadow fusion-flex-column-wrapper-legacy\"><div class=\"fusion-sep-clear\"><\/div><div class=\"fusion-separator fusion-full-width-sep\" style=\"margin-left: auto;margin-right: auto;margin-top:180px;width:100%;\"><\/div><div class=\"fusion-sep-clear\"><\/div><div class=\"fusion-title title fusion-title-1 fusion-sep-none fusion-title-text fusion-title-size-one\" style=\"--awb-text-color:#ffffff;--awb-margin-bottom:0px;--awb-margin-bottom-small:0px;\"><h1 class=\"fusion-title-heading title-heading-left\" style=\"margin:0;\">Auswahl und Erstellung eines Indikatorensystems f\u00fcr die sozial-p\u00e4dagogische Integration<\/h1><\/div><div class=\"fusion-sep-clear\"><\/div><div class=\"fusion-separator fusion-full-width-sep\" style=\"margin-left: auto;margin-right: auto;margin-top:180px;width:100%;\"><\/div><div class=\"fusion-sep-clear\"><\/div><div class=\"fusion-clearfix\"><\/div><\/div><\/div><\/div><\/div><div class=\"fusion-fullwidth fullwidth-box fusion-builder-row-2 nonhundred-percent-fullwidth non-hundred-percent-height-scrolling fusion-equal-height-columns\" style=\"--awb-border-radius-top-left:0px;--awb-border-radius-top-right:0px;--awb-border-radius-bottom-right:0px;--awb-border-radius-bottom-left:0px;--awb-padding-top:60px;--awb-padding-bottom:10px;--awb-margin-bottom:0px;--awb-flex-wrap:wrap;\" ><div class=\"fusion-builder-row fusion-row\"><div class=\"fusion-layout-column fusion_builder_column fusion-builder-column-1 fusion_builder_column_2_3 2_3 fusion-two-third fusion-column-first fusion-column-no-min-height\" style=\"--awb-padding-bottom:0px;--awb-bg-size:cover;--awb-margin-bottom:0px;width:66.666666666667%;width:calc(66.666666666667% - ( ( 4% ) * 0.66666666666667 ) );margin-right: 4%;\"><div class=\"fusion-column-wrapper fusion-column-has-shadow fusion-flex-column-wrapper-legacy\"><div class=\"fusion-column-content-centered\"><div class=\"fusion-column-content\"><div class=\"fusion-text fusion-text-1 green_p\" style=\"--awb-content-alignment:justify;--awb-text-transform:none;\"><p>Das Indikatorensystem wurde mit Hilfe einer Co-Creation-Methode entwickelt. Sie bezieht die Stimmen von Kindern mit Flucht- und Migrationsgeschichte, ihren Familien, denjenigen, die direkt mit ihnen in Schulen und NROs arbeiten und politischen Entscheidungstr\u00e4ger*innen mit ein. Auf diese Weise st\u00fctzen wir uns auf ihre direkten Erfahrungen, um eine aussagekr\u00e4ftigere Definition von Integration darzustellen.<\/p>\n<\/div><div class=\"fusion-text fusion-text-2 no_green_p\" style=\"--awb-content-alignment:justify;--awb-text-transform:none;\"><p>Ziel dieses Instruments ist die Vereinheitlichung der Kriterien f\u00fcr die Datenerhebung bei der Untersuchung der Faktoren, die zur sozial-p\u00e4dagogischen Integration dieser Kinder in ihren Aufnahmegesellschaften in Europa beitragen und diese bestimmen. Die Synthese von 30 Indikatoren umfasst grundlegende Aspekte der drei Ebenen der Integration: die Mikroebene (Kinder und ihre Familien), die Mesoebene (Schulen, Bildungsgemeinschaften und Nachbarschaften) und der Makroebene (Gesellschaft und Institutionen).<\/p>\n<p>Das fertige Dashboard umfasst insgesamt 30 Indikatoren: 14 zu den Integrationsergebnissen und 16 zu den Hindernissen und f\u00f6rdernden Faktoren f\u00fcr die Integrationsergebnisse auf der Meso- und Makroebene.<\/p>\n<\/div><\/div><\/div><div class=\"fusion-clearfix\"><\/div><\/div><\/div><\/div><\/div><div class=\"fusion-fullwidth fullwidth-box fusion-builder-row-3 imagenes_pdf nonhundred-percent-fullwidth non-hundred-percent-height-scrolling\" style=\"--awb-border-radius-top-left:0px;--awb-border-radius-top-right:0px;--awb-border-radius-bottom-right:0px;--awb-border-radius-bottom-left:0px;--awb-flex-wrap:wrap;\" ><div class=\"fusion-builder-row fusion-row\"><div class=\"fusion-layout-column fusion_builder_column fusion-builder-column-2 fusion_builder_column_2_3 2_3 fusion-two-third fusion-column-first\" style=\"--awb-bg-size:cover;width:66.666666666667%;width:calc(66.666666666667% - ( ( 4% ) * 0.66666666666667 ) );margin-right: 4%;\"><div class=\"fusion-column-wrapper fusion-column-has-shadow fusion-flex-column-wrapper-legacy\"><div class=\"fusion-text fusion-text-3 no_green_p\" style=\"--awb-content-alignment:justify;--awb-text-transform:none;\"><p>Die Integrationsergebnisse sind in 5 Dimensionen unterteilt: 1) Zugang zu Rechten, 2) Sprache und Kultur, 3) Wohlbefinden, 4) Verbundenheit und 5) Bildungserfolg.<\/p>\n<\/div><div class=\"fusion-image-element in-legacy-container\" style=\"--awb-caption-title-font-family:var(--h2_typography-font-family);--awb-caption-title-font-weight:var(--h2_typography-font-weight);--awb-caption-title-font-style:var(--h2_typography-font-style);--awb-caption-title-size:var(--h2_typography-font-size);--awb-caption-title-transform:var(--h2_typography-text-transform);--awb-caption-title-line-height:var(--h2_typography-line-height);--awb-caption-title-letter-spacing:var(--h2_typography-letter-spacing);\"><span class=\" fusion-imageframe imageframe-none imageframe-1 hover-type-none\"><img decoding=\"async\" width=\"1793\" height=\"1362\" title=\"IR_01_EN_OK\" src=\"https:\/\/www.immerse-h2020.eu\/wp-content\/uploads\/2021\/10\/01_Rev-1.jpg\" alt class=\"img-responsive wp-image-1466\" srcset=\"https:\/\/www.immerse-h2020.eu\/wp-content\/uploads\/2021\/10\/01_Rev-1-200x152.jpg 200w, https:\/\/www.immerse-h2020.eu\/wp-content\/uploads\/2021\/10\/01_Rev-1-400x304.jpg 400w, https:\/\/www.immerse-h2020.eu\/wp-content\/uploads\/2021\/10\/01_Rev-1-600x456.jpg 600w, https:\/\/www.immerse-h2020.eu\/wp-content\/uploads\/2021\/10\/01_Rev-1-800x608.jpg 800w, https:\/\/www.immerse-h2020.eu\/wp-content\/uploads\/2021\/10\/01_Rev-1-1200x912.jpg 1200w, https:\/\/www.immerse-h2020.eu\/wp-content\/uploads\/2021\/10\/01_Rev-1.jpg 1793w\" sizes=\"(max-width: 800px) 100vw, 800px\" \/><\/span><\/div><div class=\"fusion-image-element in-legacy-container\" style=\"--awb-caption-title-font-family:var(--h2_typography-font-family);--awb-caption-title-font-weight:var(--h2_typography-font-weight);--awb-caption-title-font-style:var(--h2_typography-font-style);--awb-caption-title-size:var(--h2_typography-font-size);--awb-caption-title-transform:var(--h2_typography-text-transform);--awb-caption-title-line-height:var(--h2_typography-line-height);--awb-caption-title-letter-spacing:var(--h2_typography-letter-spacing);\"><span class=\" fusion-imageframe imageframe-none imageframe-2 hover-type-none\"><img decoding=\"async\" width=\"1801\" height=\"1589\" title=\"IR_02_EN\" src=\"https:\/\/www.immerse-h2020.eu\/wp-content\/uploads\/2021\/10\/02.jpg\" alt class=\"img-responsive wp-image-1375\" srcset=\"https:\/\/www.immerse-h2020.eu\/wp-content\/uploads\/2021\/10\/02-200x176.jpg 200w, https:\/\/www.immerse-h2020.eu\/wp-content\/uploads\/2021\/10\/02-400x353.jpg 400w, https:\/\/www.immerse-h2020.eu\/wp-content\/uploads\/2021\/10\/02-600x529.jpg 600w, https:\/\/www.immerse-h2020.eu\/wp-content\/uploads\/2021\/10\/02-800x706.jpg 800w, https:\/\/www.immerse-h2020.eu\/wp-content\/uploads\/2021\/10\/02-1200x1059.jpg 1200w, https:\/\/www.immerse-h2020.eu\/wp-content\/uploads\/2021\/10\/02.jpg 1801w\" sizes=\"(max-width: 800px) 100vw, 800px\" \/><\/span><\/div><div class=\"fusion-clearfix\"><\/div><\/div><\/div><\/div><\/div><div class=\"fusion-fullwidth fullwidth-box fusion-builder-row-4 imagenes_pdf nonhundred-percent-fullwidth non-hundred-percent-height-scrolling\" style=\"--awb-border-radius-top-left:0px;--awb-border-radius-top-right:0px;--awb-border-radius-bottom-right:0px;--awb-border-radius-bottom-left:0px;--awb-flex-wrap:wrap;\" ><div class=\"fusion-builder-row fusion-row\"><div class=\"fusion-layout-column fusion_builder_column fusion-builder-column-3 fusion_builder_column_2_3 2_3 fusion-two-third fusion-column-first\" style=\"--awb-bg-size:cover;width:66.666666666667%;width:calc(66.666666666667% - ( ( 4% ) * 0.66666666666667 ) );margin-right: 4%;\"><div class=\"fusion-column-wrapper fusion-column-has-shadow fusion-flex-column-wrapper-legacy\"><div class=\"fusion-text fusion-text-4 no_green_p\" style=\"--awb-content-alignment:justify;--awb-text-transform:none;\"><p>Die Hindernisse und f\u00f6rdernden Faktoren stehen im Zusammenhang mit 1) politischer Leitung, 2) Schulsegregation, 3) Lernunterst\u00fctzung, 4) Angebote zur psychischen und mentalen Gesundheit, 5) negativen Einstellungen und Haltungen, 6) Schulorganisation und Lehrer*innen.<\/p>\n<\/div><div class=\"fusion-image-element in-legacy-container\" style=\"--awb-caption-title-font-family:var(--h2_typography-font-family);--awb-caption-title-font-weight:var(--h2_typography-font-weight);--awb-caption-title-font-style:var(--h2_typography-font-style);--awb-caption-title-size:var(--h2_typography-font-size);--awb-caption-title-transform:var(--h2_typography-text-transform);--awb-caption-title-line-height:var(--h2_typography-line-height);--awb-caption-title-letter-spacing:var(--h2_typography-letter-spacing);\"><span class=\" fusion-imageframe imageframe-none imageframe-3 hover-type-none\"><img decoding=\"async\" width=\"1783\" height=\"1808\" title=\"BF_01_EN_OK\" src=\"https:\/\/www.immerse-h2020.eu\/wp-content\/uploads\/2021\/10\/03_Rev.jpg\" alt class=\"img-responsive wp-image-1392\" srcset=\"https:\/\/www.immerse-h2020.eu\/wp-content\/uploads\/2021\/10\/03_Rev-200x203.jpg 200w, https:\/\/www.immerse-h2020.eu\/wp-content\/uploads\/2021\/10\/03_Rev-400x406.jpg 400w, https:\/\/www.immerse-h2020.eu\/wp-content\/uploads\/2021\/10\/03_Rev-600x608.jpg 600w, https:\/\/www.immerse-h2020.eu\/wp-content\/uploads\/2021\/10\/03_Rev-800x811.jpg 800w, https:\/\/www.immerse-h2020.eu\/wp-content\/uploads\/2021\/10\/03_Rev-1200x1217.jpg 1200w, https:\/\/www.immerse-h2020.eu\/wp-content\/uploads\/2021\/10\/03_Rev.jpg 1783w\" sizes=\"(max-width: 800px) 100vw, 800px\" \/><\/span><\/div><div class=\"fusion-image-element in-legacy-container\" style=\"--awb-caption-title-font-family:var(--h2_typography-font-family);--awb-caption-title-font-weight:var(--h2_typography-font-weight);--awb-caption-title-font-style:var(--h2_typography-font-style);--awb-caption-title-size:var(--h2_typography-font-size);--awb-caption-title-transform:var(--h2_typography-text-transform);--awb-caption-title-line-height:var(--h2_typography-line-height);--awb-caption-title-letter-spacing:var(--h2_typography-letter-spacing);\"><span class=\" fusion-imageframe imageframe-none imageframe-4 hover-type-none\"><img decoding=\"async\" width=\"1775\" height=\"1304\" title=\"BF_02_EN\" src=\"https:\/\/www.immerse-h2020.eu\/wp-content\/uploads\/2021\/10\/04.jpg\" alt class=\"img-responsive wp-image-1377\" srcset=\"https:\/\/www.immerse-h2020.eu\/wp-content\/uploads\/2021\/10\/04-200x147.jpg 200w, https:\/\/www.immerse-h2020.eu\/wp-content\/uploads\/2021\/10\/04-400x294.jpg 400w, https:\/\/www.immerse-h2020.eu\/wp-content\/uploads\/2021\/10\/04-600x441.jpg 600w, https:\/\/www.immerse-h2020.eu\/wp-content\/uploads\/2021\/10\/04-800x588.jpg 800w, https:\/\/www.immerse-h2020.eu\/wp-content\/uploads\/2021\/10\/04-1200x882.jpg 1200w, https:\/\/www.immerse-h2020.eu\/wp-content\/uploads\/2021\/10\/04.jpg 1775w\" sizes=\"(max-width: 800px) 100vw, 800px\" \/><\/span><\/div><div class=\"fusion-text fusion-text-5\"><p style=\"text-align: center;\">(LPC: Legislation and practice conditioning&#8230;)<br \/>\n(LRR: Legislation, recommendations and resources devoted to&#8230;)<\/p>\n<\/div><div class=\"fusion-clearfix\"><\/div><\/div><\/div><\/div><\/div><div class=\"fusion-fullwidth fullwidth-box fusion-builder-row-5 imagenes_pdf nonhundred-percent-fullwidth non-hundred-percent-height-scrolling\" style=\"--awb-border-radius-top-left:0px;--awb-border-radius-top-right:0px;--awb-border-radius-bottom-right:0px;--awb-border-radius-bottom-left:0px;--awb-flex-wrap:wrap;\" ><div class=\"fusion-builder-row fusion-row\"><div class=\"fusion-layout-column fusion_builder_column fusion-builder-column-4 fusion_builder_column_2_3 2_3 fusion-two-third fusion-column-first\" style=\"--awb-bg-size:cover;width:66.666666666667%;width:calc(66.666666666667% - ( ( 4% ) * 0.66666666666667 ) );margin-right: 4%;\"><div class=\"fusion-column-wrapper fusion-column-has-shadow fusion-flex-column-wrapper-legacy\"><div class=\"fusion-text fusion-text-6 no_green_p\" style=\"--awb-content-alignment:justify;--awb-text-transform:none;\"><p>F\u00fcr alle 30 Indikatoren wurden empirische Messgr\u00f6\u00dfen definiert, die von Experten in den Bereichen Migration, Bildung und Integration inhaltlich und von Kindern, P\u00e4dagogen, Beh\u00f6rden und politischen Entscheidungstr\u00e4gern auf lokaler, regionaler und nationaler Ebene auch \u00f6kologisch validiert wurden. Anschlie\u00dfend wurden die erforderlichen Daten von \u00fcber 24 000 Kindern, Lehrern und Schulleitern in \u00fcber 400 Schulen und Bildungseinrichtungen in den sechs europ\u00e4ischen IMMERSE-L\u00e4ndern (Belgien, Deutschland, Griechenland, Irland, Italien und Spanien) erhoben oder aus bekannten Quellen wie\u00a0<a id=\"m_-4884570650875835228OWA3a0eb015-6137-2782-a938-051a10e5fc16\" title=\"Direcci\u00f3n URL original: https:\/\/www.mipex.eu\/. Haga clic o pulse si conf\u00eda en este v\u00ednculo.\" href=\"https:\/\/www.mipex.eu\/\" target=\"_blank\" rel=\"noopener noreferrer\">MIPEX<\/a>,\u00a0<a id=\"m_-4884570650875835228OWA485de3b0-be57-aea1-b6b2-bc741a6ca64a\" title=\"Direcci\u00f3n URL original: https:\/\/www.oecd.org\/pisa\/aboutpisa\/. Haga clic o pulse si conf\u00eda en este v\u00ednculo.\" href=\"https:\/\/www.oecd.org\/pisa\/aboutpisa\/\" target=\"_blank\" rel=\"noopener noreferrer\">PISA<\/a>,\u00a0<a id=\"m_-4884570650875835228OWA1a2c6057-f7f0-aa46-0393-ab292f02fc25\" title=\"Direcci\u00f3n URL original: https:\/\/www.oecd.org\/skills\/piaac\/. Haga clic o pulse si conf\u00eda en este v\u00ednculo.\" href=\"https:\/\/www.oecd.org\/skills\/piaac\/\" target=\"_blank\" rel=\"noopener noreferrer\">PIAAC<\/a> und and <a id=\"m_-4884570650875835228OWAb6aa3b10-7855-72bf-2d1e-4e64e5f73f6d\" title=\"Direcci\u00f3n URL original: https:\/\/eurydice.eacea.ec.europa.eu\/. Haga clic o pulse si conf\u00eda en este v\u00ednculo.\" href=\"https:\/\/eurydice.eacea.ec.europa.eu\/\" target=\"_blank\" rel=\"noopener noreferrer\">Eurydice <\/a>entnommen.<\/p>\n<p>Die Ergebnisse f\u00fcr die 30 Indikatoren sind im Abschnitt &#8220; Gemeinschaft &#8220; der Website unter &#8222;<a class=\"waffle-rich-text-link\" href=\"https:\/\/www.immerse-h2020.eu\/de\/immerse-dashboard-von-indikatoren-zu-kindern-mit-flucht-und-migrationsgeschichte\/\"> Indikator f\u00fcr die sozialp\u00e4dagogische Integration<\/a> &#8220; verf\u00fcgbar. Dieses Tool zeigt die Indikatoren \u00fcber eine interaktive Schnittstelle an, die es den Nutzern erm\u00f6glicht zu sehen, wie die Kombination verschiedener Merkmale von Kindern mit Flucht- und Migrationsgeschichte und deren Umfeld die Leistung bei jedem Indikatorwert ver\u00e4ndert.<\/p>\n<\/div><div class=\"fusion-clearfix\"><\/div><\/div><\/div><\/div><\/div><\/p>\n","protected":false},"excerpt":{"rendered":"","protected":false},"author":1,"featured_media":0,"parent":0,"menu_order":0,"comment_status":"closed","ping_status":"closed","template":"100-width.php","meta":{"_acf_changed":false,"footnotes":""},"acf":[],"_links":{"self":[{"href":"https:\/\/www.immerse-h2020.eu\/de\/wp-json\/wp\/v2\/pages\/985"}],"collection":[{"href":"https:\/\/www.immerse-h2020.eu\/de\/wp-json\/wp\/v2\/pages"}],"about":[{"href":"https:\/\/www.immerse-h2020.eu\/de\/wp-json\/wp\/v2\/types\/page"}],"author":[{"embeddable":true,"href":"https:\/\/www.immerse-h2020.eu\/de\/wp-json\/wp\/v2\/users\/1"}],"replies":[{"embeddable":true,"href":"https:\/\/www.immerse-h2020.eu\/de\/wp-json\/wp\/v2\/comments?post=985"}],"version-history":[{"count":10,"href":"https:\/\/www.immerse-h2020.eu\/de\/wp-json\/wp\/v2\/pages\/985\/revisions"}],"predecessor-version":[{"id":3893,"href":"https:\/\/www.immerse-h2020.eu\/de\/wp-json\/wp\/v2\/pages\/985\/revisions\/3893"}],"wp:attachment":[{"href":"https:\/\/www.immerse-h2020.eu\/de\/wp-json\/wp\/v2\/media?parent=985"}],"curies":[{"name":"wp","href":"https:\/\/api.w.org\/{rel}","templated":true}]}}