{"id":522,"date":"2019-10-23T09:54:57","date_gmt":"2019-10-23T07:54:57","guid":{"rendered":"https:\/\/www.immerse-h2020.eu\/panel-de-indicadores-immerse-sobre-integracion-de-ninos-refugiados-y-migrantes\/"},"modified":"2023-12-22T12:30:41","modified_gmt":"2023-12-22T11:30:41","slug":"panel-de-indicadores-immerse-sobre-integracion-de-ninos-refugiados-y-migrantes","status":"publish","type":"page","link":"https:\/\/www.immerse-h2020.eu\/es\/panel-de-indicadores-immerse-sobre-integracion-de-ninos-refugiados-y-migrantes\/","title":{"rendered":"Panel de indicadores de integraci\u00f3n socioeducativa"},"content":{"rendered":"<p><div class=\"fusion-fullwidth fullwidth-box fusion-builder-row-1 fusion-parallax-none nonhundred-percent-fullwidth non-hundred-percent-height-scrolling\" style=\"--awb-background-position:center bottom;--awb-border-radius-top-left:0px;--awb-border-radius-top-right:0px;--awb-border-radius-bottom-right:0px;--awb-border-radius-bottom-left:0px;--awb-background-image:url(&quot;https:\/\/www.immerse-h2020.eu\/wp-content\/uploads\/2019\/06\/6.jpg&quot;);--awb-background-size:cover;--awb-flex-wrap:wrap;\" ><div class=\"fusion-builder-row fusion-row\"><div class=\"fusion-layout-column fusion_builder_column fusion-builder-column-0 fusion_builder_column_1_1 1_1 fusion-one-full fusion-column-first fusion-column-last\" style=\"--awb-bg-size:cover;\"><div class=\"fusion-column-wrapper fusion-column-has-shadow fusion-flex-column-wrapper-legacy\"><div class=\"fusion-sep-clear\"><\/div><div class=\"fusion-separator fusion-full-width-sep\" style=\"margin-left: auto;margin-right: auto;margin-top:180px;width:100%;\"><\/div><div class=\"fusion-sep-clear\"><\/div><div class=\"fusion-title title fusion-title-1 fusion-sep-none fusion-title-text fusion-title-size-one\" style=\"--awb-text-color:#ffffff;--awb-margin-bottom:0px;--awb-margin-bottom-small:0px;\"><h1 class=\"fusion-title-heading title-heading-left\" style=\"margin:0;\">Panel de indicadores de integraci\u00f3n socioeducativa<\/h1><\/div><div class=\"fusion-sep-clear\"><\/div><div class=\"fusion-separator fusion-full-width-sep\" style=\"margin-left: auto;margin-right: auto;margin-top:180px;width:100%;\"><\/div><div class=\"fusion-sep-clear\"><\/div><div class=\"fusion-clearfix\"><\/div><\/div><\/div><\/div><\/div><div class=\"fusion-fullwidth fullwidth-box fusion-builder-row-2 nonhundred-percent-fullwidth non-hundred-percent-height-scrolling fusion-equal-height-columns\" style=\"--awb-border-radius-top-left:0px;--awb-border-radius-top-right:0px;--awb-border-radius-bottom-right:0px;--awb-border-radius-bottom-left:0px;--awb-padding-top:60px;--awb-padding-bottom:10px;--awb-margin-bottom:0px;--awb-flex-wrap:wrap;\" ><div class=\"fusion-builder-row fusion-row\"><div class=\"fusion-layout-column fusion_builder_column fusion-builder-column-1 fusion_builder_column_1_1 1_1 fusion-one-full fusion-column-first fusion-column-last fusion-column-no-min-height\" style=\"--awb-padding-bottom:0px;--awb-bg-size:cover;--awb-margin-bottom:0px;\"><div class=\"fusion-column-wrapper fusion-column-has-shadow fusion-flex-column-wrapper-legacy\"><div class=\"fusion-column-content-centered\"><div class=\"fusion-column-content\"><div class=\"fusion-text fusion-text-1 green_p\"><p>Este panel de Indicadores ha sido cocreado conjuntamente para representar una definici\u00f3n m\u00e1s significativa de la integraci\u00f3n, incluyendo las voces de los ni\u00f1os refugiados y migrantes, sus familias y quienes trabajan directamente con ellos en las escuelas y ONG, as\u00ed como responsables pol\u00edticos.<\/p>\n<p>Abarca 30 indicadores:<\/p>\n<\/div><ul style=\"--awb-size:18px;--awb-line-height:30.6px;--awb-icon-width:30.6px;--awb-icon-height:30.6px;--awb-icon-margin:12.6px;--awb-content-margin:43.2px;--awb-circlecolor:#70d19a;--awb-circle-yes-font-size:15.84px;\" class=\"fusion-checklist fusion-checklist-1 fusion-checklist-default type-icons\"><li class=\"fusion-li-item\" style=\"\"><span class=\"icon-wrapper circle-yes\"><i class=\"fusion-li-icon fa-arrow-right fas\" aria-hidden=\"true\"><\/i><\/span><div class=\"fusion-li-item-content\">\n<p><strong>14 para resultados de integraci\u00f3n<\/strong> a nivel micro, divididos en 5 dimensiones: 1) acceso a derechos, 2) idioma y cultura, 3) bienestar, 4) conexi\u00f3n y 5) logros educativos;<\/p>\n<\/div><\/li><li class=\"fusion-li-item\" style=\"\"><span class=\"icon-wrapper circle-yes\"><i class=\"fusion-li-icon fa-arrow-right fas\" aria-hidden=\"true\"><\/i><\/span><div class=\"fusion-li-item-content\">\n<p>y <strong>16 para barreras y facilitadores<\/strong> de la integraci\u00f3n a nivel meso y macro, relacionados con: 1) liderazgo pol\u00edtico, 2) segregaci\u00f3n escolar, 3) organizaci\u00f3n escolar y profesorado, 4) apoyo al aprendizaje, 5) servicios de salud mental y 6) actitudes negativas.<\/p>\n<\/div><\/li><\/ul><div class=\"fusion-sep-clear\"><\/div><div class=\"fusion-separator fusion-full-width-sep\" style=\"margin-left: auto;margin-right: auto;margin-top:6px;margin-bottom:6px;width:100%;\"><div class=\"fusion-separator-border sep-double\" style=\"--awb-height:20px;--awb-amount:20px;border-color:#e0dede;border-top-width:0px;border-bottom-width:0px;\"><\/div><\/div><div class=\"fusion-sep-clear\"><\/div><div class=\"fusion-text fusion-text-2 green_p\"><p>Los datos contenidos en el panel re\u00fanen informaci\u00f3n obtenida tanto de la recopilaci\u00f3n de datos primarios (llevada a cabo entre 2021-2023, abarcando 24.419 ni\u00f1os y 406 centros) como de fuentes documentales secundarias (Eurostat, ministerios nacionales y oficinas estad\u00edsticas, MIPEX, PISA, Eurydice).<\/p>\n<p>La cocreaci\u00f3n del Panel de Indicadores y los datos contenidos en el mismo se produjeron en los seis pa\u00edses de IMMERSE: B\u00e9lgica, Alemania, Grecia, Irlanda, Italia y Espa\u00f1a. No obstante, el proyecto global IMMERSE y su correspondiente Panel de Indicadores se han dise\u00f1ado para mantener su aplicabilidad m\u00e1s all\u00e1 de las fronteras nacionales y abarcar una perspectiva paneuropea.<\/p>\n<\/div><\/div><\/div><div class=\"fusion-clearfix\"><\/div><\/div><\/div><\/div><\/div><div class=\"fusion-fullwidth fullwidth-box fusion-builder-row-3 fusion-flex-container has-pattern-background has-mask-background nonhundred-percent-fullwidth non-hundred-percent-height-scrolling\" style=\"--awb-border-sizes-top:2px;--awb-border-color:#70d19a;--awb-border-radius-top-left:0px;--awb-border-radius-top-right:0px;--awb-border-radius-bottom-right:0px;--awb-border-radius-bottom-left:0px;--awb-padding-top:30px;--awb-margin-top:70px;--awb-margin-bottom:70px;--awb-flex-wrap:wrap;\" ><div class=\"fusion-builder-row fusion-row fusion-flex-align-items-flex-start fusion-flex-content-wrap\" style=\"max-width:1144px;margin-left: calc(-4% \/ 2 );margin-right: calc(-4% \/ 2 );\"><div class=\"fusion-layout-column fusion_builder_column fusion-builder-column-2 fusion_builder_column_1_1 1_1 fusion-flex-column\" style=\"--awb-bg-size:cover;--awb-width-large:100%;--awb-margin-top-large:0px;--awb-spacing-right-large:1.92%;--awb-margin-bottom-large:20px;--awb-spacing-left-large:1.92%;--awb-width-medium:100%;--awb-order-medium:0;--awb-spacing-right-medium:1.92%;--awb-spacing-left-medium:1.92%;--awb-width-small:100%;--awb-order-small:0;--awb-spacing-right-small:1.92%;--awb-spacing-left-small:1.92%;\"><div class=\"fusion-column-wrapper fusion-column-has-shadow fusion-flex-justify-content-flex-start fusion-content-layout-column\"><div class=\"fusion-title title fusion-title-2 fusion-sep-none fusion-title-text fusion-title-size-one\"><h1 class=\"fusion-title-heading title-heading-left\" style=\"margin:0;\">Panel de indicadores<\/h1><\/div><\/div><\/div><\/div><\/div><div class=\"fusion-fullwidth fullwidth-box fusion-builder-row-4 fusion-flex-container has-pattern-background has-mask-background nonhundred-percent-fullwidth non-hundred-percent-height-scrolling\" style=\"--awb-border-sizes-bottom:2px;--awb-border-color:#70d19a;--awb-border-radius-top-left:0px;--awb-border-radius-top-right:0px;--awb-border-radius-bottom-right:0px;--awb-border-radius-bottom-left:0px;--awb-margin-top:30px;--awb-margin-bottom:70px;--awb-min-height:780px;--awb-flex-wrap:wrap;\" ><div class=\"fusion-builder-row fusion-row fusion-flex-align-items-flex-start fusion-flex-content-wrap\" style=\"max-width:1144px;margin-left: calc(-4% \/ 2 );margin-right: calc(-4% \/ 2 );\"><div class=\"fusion-layout-column fusion_builder_column fusion-builder-column-3 fusion_builder_column_1_1 1_1 fusion-flex-column\" style=\"--awb-bg-size:cover;--awb-width-large:100%;--awb-margin-top-large:0px;--awb-spacing-right-large:1.92%;--awb-margin-bottom-large:20px;--awb-spacing-left-large:1.92%;--awb-width-medium:100%;--awb-order-medium:0;--awb-spacing-right-medium:1.92%;--awb-spacing-left-medium:1.92%;--awb-width-small:100%;--awb-order-small:0;--awb-spacing-right-small:1.92%;--awb-spacing-left-small:1.92%;\"><div class=\"fusion-column-wrapper fusion-column-has-shadow fusion-flex-justify-content-flex-start fusion-content-layout-column\"><iframe title=\"IMMERSE Dashboard\" width=\"100%\" height=\"750\" src=\"https:\/\/app.powerbi.com\/view?r=eyJrIjoiY2IzZTBiMGQtZWE5Zi00NWFmLWJkYWYtZmUxNWEzNzEzOGUwIiwidCI6ImJjZDI3MDFjLWFhOWItNGQxMi1iYTIwLWYzZTNiODMwNzBjMSIsImMiOjh9&pageName=ReportSection7fc3202982cfcbb3b260\" frameborder=\"0\" allowFullScreen=\"true\"><\/iframe><\/div><\/div><\/div><\/div><div class=\"fusion-fullwidth fullwidth-box fusion-builder-row-5 fusion-flex-container has-pattern-background has-mask-background nonhundred-percent-fullwidth non-hundred-percent-height-scrolling\" style=\"--awb-border-radius-top-left:0px;--awb-border-radius-top-right:0px;--awb-border-radius-bottom-right:0px;--awb-border-radius-bottom-left:0px;--awb-flex-wrap:wrap;\" ><div class=\"fusion-builder-row fusion-row fusion-flex-align-items-flex-start fusion-flex-content-wrap\" style=\"max-width:1144px;margin-left: calc(-4% \/ 2 );margin-right: calc(-4% \/ 2 );\"><div class=\"fusion-layout-column fusion_builder_column fusion-builder-column-4 fusion_builder_column_1_2 1_2 fusion-flex-column\" style=\"--awb-bg-size:cover;--awb-width-large:50%;--awb-margin-top-large:0px;--awb-spacing-right-large:3.84%;--awb-margin-bottom-large:20px;--awb-spacing-left-large:3.84%;--awb-width-medium:100%;--awb-order-medium:0;--awb-spacing-right-medium:1.92%;--awb-spacing-left-medium:1.92%;--awb-width-small:100%;--awb-order-small:0;--awb-spacing-right-small:1.92%;--awb-spacing-left-small:1.92%;\"><div class=\"fusion-column-wrapper fusion-column-has-shadow fusion-flex-justify-content-flex-start fusion-content-layout-column\"><div class=\"fusion-image-element \" style=\"--awb-caption-title-font-family:var(--h2_typography-font-family);--awb-caption-title-font-weight:var(--h2_typography-font-weight);--awb-caption-title-font-style:var(--h2_typography-font-style);--awb-caption-title-size:var(--h2_typography-font-size);--awb-caption-title-transform:var(--h2_typography-text-transform);--awb-caption-title-line-height:var(--h2_typography-line-height);--awb-caption-title-letter-spacing:var(--h2_typography-letter-spacing);\"><span class=\" fusion-imageframe imageframe-none imageframe-1 hover-type-none\"><a href=\"https:\/\/www.immerse-h2020.eu\/wp-content\/uploads\/2021\/10\/01_Rev-2-1024x771.jpg\" class=\"fusion-lightbox\" data-rel=\"iLightbox[76713f44a9441647566]\" data-title=\"IR_01_ES_OK\" title=\"IR_01_ES_OK\"><img decoding=\"async\" width=\"1024\" height=\"771\" src=\"https:\/\/www.immerse-h2020.eu\/wp-content\/uploads\/2021\/10\/01_Rev-2-1024x771.jpg\" alt class=\"img-responsive wp-image-1469\" srcset=\"https:\/\/www.immerse-h2020.eu\/wp-content\/uploads\/2021\/10\/01_Rev-2-200x151.jpg 200w, https:\/\/www.immerse-h2020.eu\/wp-content\/uploads\/2021\/10\/01_Rev-2-400x301.jpg 400w, https:\/\/www.immerse-h2020.eu\/wp-content\/uploads\/2021\/10\/01_Rev-2-600x452.jpg 600w, https:\/\/www.immerse-h2020.eu\/wp-content\/uploads\/2021\/10\/01_Rev-2-800x602.jpg 800w, https:\/\/www.immerse-h2020.eu\/wp-content\/uploads\/2021\/10\/01_Rev-2-1200x904.jpg 1200w, https:\/\/www.immerse-h2020.eu\/wp-content\/uploads\/2021\/10\/01_Rev-2.jpg 1810w\" sizes=\"(max-width: 1024px) 100vw, (max-width: 640px) 100vw, 600px\" \/><\/a><\/span><\/div><div class=\"fusion-image-element \" style=\"--awb-caption-title-font-family:var(--h2_typography-font-family);--awb-caption-title-font-weight:var(--h2_typography-font-weight);--awb-caption-title-font-style:var(--h2_typography-font-style);--awb-caption-title-size:var(--h2_typography-font-size);--awb-caption-title-transform:var(--h2_typography-text-transform);--awb-caption-title-line-height:var(--h2_typography-line-height);--awb-caption-title-letter-spacing:var(--h2_typography-letter-spacing);\"><span class=\" fusion-imageframe imageframe-none imageframe-2 hover-type-none\"><a href=\"https:\/\/www.immerse-h2020.eu\/wp-content\/uploads\/2021\/10\/02-1-1024x922.jpg\" class=\"fusion-lightbox\" data-rel=\"iLightbox[a23047642135068109d]\" data-title=\"IR_02_ES\" title=\"IR_02_ES\"><img decoding=\"async\" width=\"1024\" height=\"922\" src=\"https:\/\/www.immerse-h2020.eu\/wp-content\/uploads\/2021\/10\/02-1-1024x922.jpg\" alt class=\"img-responsive wp-image-1410\" srcset=\"https:\/\/www.immerse-h2020.eu\/wp-content\/uploads\/2021\/10\/02-1-200x180.jpg 200w, https:\/\/www.immerse-h2020.eu\/wp-content\/uploads\/2021\/10\/02-1-400x360.jpg 400w, https:\/\/www.immerse-h2020.eu\/wp-content\/uploads\/2021\/10\/02-1-600x540.jpg 600w, https:\/\/www.immerse-h2020.eu\/wp-content\/uploads\/2021\/10\/02-1-800x720.jpg 800w, https:\/\/www.immerse-h2020.eu\/wp-content\/uploads\/2021\/10\/02-1-1200x1080.jpg 1200w, https:\/\/www.immerse-h2020.eu\/wp-content\/uploads\/2021\/10\/02-1.jpg 1669w\" sizes=\"(max-width: 1024px) 100vw, (max-width: 640px) 100vw, 600px\" \/><\/a><\/span><\/div><\/div><\/div><div class=\"fusion-layout-column fusion_builder_column fusion-builder-column-5 fusion_builder_column_1_2 1_2 fusion-flex-column\" style=\"--awb-bg-size:cover;--awb-width-large:50%;--awb-margin-top-large:0px;--awb-spacing-right-large:3.84%;--awb-margin-bottom-large:20px;--awb-spacing-left-large:3.84%;--awb-width-medium:100%;--awb-order-medium:0;--awb-spacing-right-medium:1.92%;--awb-spacing-left-medium:1.92%;--awb-width-small:100%;--awb-order-small:0;--awb-spacing-right-small:1.92%;--awb-spacing-left-small:1.92%;\"><div class=\"fusion-column-wrapper fusion-column-has-shadow fusion-flex-justify-content-flex-start fusion-content-layout-column\"><div class=\"fusion-image-element \" style=\"--awb-caption-title-font-family:var(--h2_typography-font-family);--awb-caption-title-font-weight:var(--h2_typography-font-weight);--awb-caption-title-font-style:var(--h2_typography-font-style);--awb-caption-title-size:var(--h2_typography-font-size);--awb-caption-title-transform:var(--h2_typography-text-transform);--awb-caption-title-line-height:var(--h2_typography-line-height);--awb-caption-title-letter-spacing:var(--h2_typography-letter-spacing);\"><span class=\" fusion-imageframe imageframe-none imageframe-3 hover-type-none\"><a href=\"https:\/\/www.immerse-h2020.eu\/wp-content\/uploads\/2021\/10\/03-1-995x1024.jpg\" class=\"fusion-lightbox\" data-rel=\"iLightbox[e1e393bff627a5e1ef4]\" data-title=\"BF_01_ES\" title=\"BF_01_ES\"><img decoding=\"async\" width=\"995\" height=\"1024\" src=\"https:\/\/www.immerse-h2020.eu\/wp-content\/uploads\/2021\/10\/03-1-995x1024.jpg\" alt class=\"img-responsive wp-image-1411\" srcset=\"https:\/\/www.immerse-h2020.eu\/wp-content\/uploads\/2021\/10\/03-1-200x206.jpg 200w, https:\/\/www.immerse-h2020.eu\/wp-content\/uploads\/2021\/10\/03-1-400x412.jpg 400w, https:\/\/www.immerse-h2020.eu\/wp-content\/uploads\/2021\/10\/03-1-600x618.jpg 600w, https:\/\/www.immerse-h2020.eu\/wp-content\/uploads\/2021\/10\/03-1-800x824.jpg 800w, https:\/\/www.immerse-h2020.eu\/wp-content\/uploads\/2021\/10\/03-1-1200x1235.jpg 1200w, https:\/\/www.immerse-h2020.eu\/wp-content\/uploads\/2021\/10\/03-1.jpg 1770w\" sizes=\"(max-width: 1024px) 100vw, (max-width: 640px) 100vw, 600px\" \/><\/a><\/span><\/div><div class=\"fusion-image-element \" style=\"--awb-caption-title-font-family:var(--h2_typography-font-family);--awb-caption-title-font-weight:var(--h2_typography-font-weight);--awb-caption-title-font-style:var(--h2_typography-font-style);--awb-caption-title-size:var(--h2_typography-font-size);--awb-caption-title-transform:var(--h2_typography-text-transform);--awb-caption-title-line-height:var(--h2_typography-line-height);--awb-caption-title-letter-spacing:var(--h2_typography-letter-spacing);\"><span class=\" fusion-imageframe imageframe-none imageframe-4 hover-type-none\"><a href=\"https:\/\/www.immerse-h2020.eu\/wp-content\/uploads\/2021\/10\/04-1-1024x750.jpg\" class=\"fusion-lightbox\" data-rel=\"iLightbox[2700de314d156d24d17]\" data-title=\"BF_02_ES\" title=\"BF_02_ES\"><img decoding=\"async\" width=\"1024\" height=\"750\" src=\"https:\/\/www.immerse-h2020.eu\/wp-content\/uploads\/2021\/10\/04-1-1024x750.jpg\" alt class=\"img-responsive wp-image-1412\" srcset=\"https:\/\/www.immerse-h2020.eu\/wp-content\/uploads\/2021\/10\/04-1-200x147.jpg 200w, https:\/\/www.immerse-h2020.eu\/wp-content\/uploads\/2021\/10\/04-1-400x293.jpg 400w, https:\/\/www.immerse-h2020.eu\/wp-content\/uploads\/2021\/10\/04-1-600x440.jpg 600w, https:\/\/www.immerse-h2020.eu\/wp-content\/uploads\/2021\/10\/04-1-800x586.jpg 800w, https:\/\/www.immerse-h2020.eu\/wp-content\/uploads\/2021\/10\/04-1-1200x879.jpg 1200w, https:\/\/www.immerse-h2020.eu\/wp-content\/uploads\/2021\/10\/04-1.jpg 1782w\" sizes=\"(max-width: 1024px) 100vw, (max-width: 640px) 100vw, 600px\" \/><\/a><\/span><\/div><\/div><\/div><\/div><\/div><\/p>\n","protected":false},"excerpt":{"rendered":"","protected":false},"author":1,"featured_media":0,"parent":0,"menu_order":0,"comment_status":"closed","ping_status":"closed","template":"100-width.php","meta":{"_acf_changed":false,"footnotes":""},"acf":[],"_links":{"self":[{"href":"https:\/\/www.immerse-h2020.eu\/es\/wp-json\/wp\/v2\/pages\/522"}],"collection":[{"href":"https:\/\/www.immerse-h2020.eu\/es\/wp-json\/wp\/v2\/pages"}],"about":[{"href":"https:\/\/www.immerse-h2020.eu\/es\/wp-json\/wp\/v2\/types\/page"}],"author":[{"embeddable":true,"href":"https:\/\/www.immerse-h2020.eu\/es\/wp-json\/wp\/v2\/users\/1"}],"replies":[{"embeddable":true,"href":"https:\/\/www.immerse-h2020.eu\/es\/wp-json\/wp\/v2\/comments?post=522"}],"version-history":[{"count":17,"href":"https:\/\/www.immerse-h2020.eu\/es\/wp-json\/wp\/v2\/pages\/522\/revisions"}],"predecessor-version":[{"id":3989,"href":"https:\/\/www.immerse-h2020.eu\/es\/wp-json\/wp\/v2\/pages\/522\/revisions\/3989"}],"wp:attachment":[{"href":"https:\/\/www.immerse-h2020.eu\/es\/wp-json\/wp\/v2\/media?parent=522"}],"curies":[{"name":"wp","href":"https:\/\/api.w.org\/{rel}","templated":true}]}}