{"id":530,"date":"2019-10-23T10:05:07","date_gmt":"2019-10-23T08:05:07","guid":{"rendered":"https:\/\/www.immerse-h2020.eu\/objetivos\/"},"modified":"2019-10-23T10:05:07","modified_gmt":"2019-10-23T08:05:07","slug":"objetivos","status":"publish","type":"page","link":"https:\/\/www.immerse-h2020.eu\/es\/objetivos\/","title":{"rendered":"Objetivos"},"content":{"rendered":"<p><div class=\"fusion-fullwidth fullwidth-box fusion-builder-row-1 fusion-parallax-none nonhundred-percent-fullwidth non-hundred-percent-height-scrolling\" style=\"--awb-background-position:center bottom;--awb-border-radius-top-left:0px;--awb-border-radius-top-right:0px;--awb-border-radius-bottom-right:0px;--awb-border-radius-bottom-left:0px;--awb-background-image:url(&quot;https:\/\/www.immerse-h2020.eu\/wp-content\/uploads\/2019\/06\/4.jpg&quot;);--awb-background-size:cover;--awb-flex-wrap:wrap;\" ><div class=\"fusion-builder-row fusion-row\"><div class=\"fusion-layout-column fusion_builder_column fusion-builder-column-0 fusion_builder_column_1_1 1_1 fusion-one-full fusion-column-first fusion-column-last\" style=\"--awb-bg-size:cover;\"><div class=\"fusion-column-wrapper fusion-column-has-shadow fusion-flex-column-wrapper-legacy\"><div class=\"fusion-sep-clear\"><\/div><div class=\"fusion-separator fusion-full-width-sep\" style=\"margin-left: auto;margin-right: auto;margin-top:180px;width:100%;\"><\/div><div class=\"fusion-sep-clear\"><\/div><div class=\"fusion-title title fusion-title-1 fusion-sep-none fusion-title-text fusion-title-size-one\" style=\"--awb-text-color:#ffffff;--awb-margin-bottom:0px;--awb-margin-bottom-small:0px;\"><h1 class=\"fusion-title-heading title-heading-left\" style=\"margin:0;\">Objetivos<\/h1><\/div><div class=\"fusion-sep-clear\"><\/div><div class=\"fusion-separator fusion-full-width-sep\" style=\"margin-left: auto;margin-right: auto;margin-top:180px;width:100%;\"><\/div><div class=\"fusion-sep-clear\"><\/div><div class=\"fusion-clearfix\"><\/div><\/div><\/div><\/div><\/div><div class=\"fusion-fullwidth fullwidth-box fusion-builder-row-2 nonhundred-percent-fullwidth non-hundred-percent-height-scrolling fusion-equal-height-columns\" style=\"--awb-border-radius-top-left:0px;--awb-border-radius-top-right:0px;--awb-border-radius-bottom-right:0px;--awb-border-radius-bottom-left:0px;--awb-padding-top:60px;--awb-padding-bottom:10px;--awb-margin-bottom:0px;--awb-flex-wrap:wrap;\" ><div class=\"fusion-builder-row fusion-row\"><div class=\"fusion-layout-column fusion_builder_column fusion-builder-column-1 fusion_builder_column_1_2 1_2 fusion-one-half fusion-column-first fusion-column-no-min-height fusion-animated\" style=\"--awb-padding-bottom:0px;--awb-bg-size:cover;--awb-margin-bottom:0px;width:50%;width:calc(50% - ( ( 4% ) * 0.5 ) );margin-right: 4%;\" data-animationType=\"fadeInDown\" data-animationDuration=\"0.7\" data-animationOffset=\"top-into-view\"><div class=\"fusion-column-wrapper fusion-column-has-shadow fusion-flex-column-wrapper-legacy\"><div class=\"fusion-column-content-centered\"><div class=\"fusion-column-content\"><div class=\"fusion-title title fusion-title-2 fusion-sep-none fusion-title-text fusion-title-size-two\"><h2 class=\"fusion-title-heading title-heading-left\" style=\"margin:0;\">OBJETIVO PRINCIPAL<\/h2><\/div><div class=\"fusion-text fusion-text-1\"><p>IMMERSE tiene por objeto mejorar la inclusi\u00f3n socioeducativa de ni\u00f1os migrantes y refugiados en Europa con el fin de fomentar la construcci\u00f3n de sociedades inclusivas y cohesionadas.<br \/>\nEl principal objetivo de IMMERSE es definir una nueva generaci\u00f3n de indicadores relativos a la integraci\u00f3n y la inclusi\u00f3n socioeducativa de ni\u00f1os migrantes y refugiados en Europa.<br \/>\nIMMERSE se propone reunir a las partes interesadas (ni\u00f1os y sus familias, investigadores, ONG, legisladores, educadores e instituciones educativas) para crear y validar de forma conjunta un panel de indicadores. Estas acciones aportar\u00e1n datos que reflejen las necesidades y las expectativas particulares de  las partes interesadas.<br \/>\nLos investigadores de IMMERSE recabar\u00e1n y supervisar\u00e1n datos relativos a los indicadores seleccionados de ni\u00f1os con edades entre los 6 y los 18 a\u00f1os en seis pa\u00edses europeos: B\u00e9lgica, Alemania, Grecia, Irlanda, Italia y Espa\u00f1a. IMMERSE desarrollar\u00e1 una soluci\u00f3n innovadora y basada en las TIC para llevar a cabo recopilaciones de datos (plataforma de incorporaci\u00f3n) y visualizaci\u00f3n y an\u00e1lisis de los mismos (panel de indicadores).<\/p>\n<\/div><\/div><\/div><div class=\"fusion-clearfix\"><\/div><\/div><\/div><div class=\"fusion-layout-column fusion_builder_column fusion-builder-column-2 fusion_builder_column_1_2 1_2 fusion-one-half fusion-column-last fusion-animated\" style=\"--awb-bg-size:cover;width:50%;width:calc(50% - ( ( 4% ) * 0.5 ) );\" data-animationType=\"fadeInDown\" data-animationDuration=\"1.0\" data-animationOffset=\"top-mid-of-view\"><div class=\"fusion-column-wrapper fusion-column-has-shadow fusion-flex-column-wrapper-legacy\"><div class=\"fusion-column-content-centered\"><div class=\"fusion-column-content\"><div class=\"fusion-image-element in-legacy-container\" style=\"--awb-caption-title-font-family:var(--h2_typography-font-family);--awb-caption-title-font-weight:var(--h2_typography-font-weight);--awb-caption-title-font-style:var(--h2_typography-font-style);--awb-caption-title-size:var(--h2_typography-font-size);--awb-caption-title-transform:var(--h2_typography-text-transform);--awb-caption-title-line-height:var(--h2_typography-line-height);--awb-caption-title-letter-spacing:var(--h2_typography-letter-spacing);\"><span class=\" fusion-imageframe imageframe-none imageframe-1 hover-type-zoomin\"><a href=\"https:\/\/www.immerse-h2020.eu\/wp-content\/uploads\/2019\/06\/infografia.png\" class=\"fusion-lightbox\" data-rel=\"iLightbox[a29f9b3d6a0c72bd187]\" data-title=\"infografia\" title=\"infografia\"><img decoding=\"async\" width=\"2000\" height=\"2213\" src=\"https:\/\/www.immerse-h2020.eu\/wp-content\/uploads\/2019\/06\/infografia.png\" alt class=\"img-responsive wp-image-225\" srcset=\"https:\/\/www.immerse-h2020.eu\/wp-content\/uploads\/2019\/06\/infografia-200x221.png 200w, https:\/\/www.immerse-h2020.eu\/wp-content\/uploads\/2019\/06\/infografia-400x443.png 400w, https:\/\/www.immerse-h2020.eu\/wp-content\/uploads\/2019\/06\/infografia-600x664.png 600w, https:\/\/www.immerse-h2020.eu\/wp-content\/uploads\/2019\/06\/infografia-800x885.png 800w, https:\/\/www.immerse-h2020.eu\/wp-content\/uploads\/2019\/06\/infografia-1200x1328.png 1200w, https:\/\/www.immerse-h2020.eu\/wp-content\/uploads\/2019\/06\/infografia.png 2000w\" sizes=\"(max-width: 800px) 100vw, 600px\" \/><\/a><\/span><\/div><\/div><\/div><div class=\"fusion-clearfix\"><\/div><\/div><\/div><\/div><\/div><div class=\"fusion-fullwidth fullwidth-box fusion-builder-row-3 fusion-parallax-none nonhundred-percent-fullwidth non-hundred-percent-height-scrolling fusion-equal-height-columns\" style=\"--awb-background-position:right bottom;--awb-border-radius-top-left:0px;--awb-border-radius-top-right:0px;--awb-border-radius-bottom-right:0px;--awb-border-radius-bottom-left:0px;--awb-padding-top:20px;--awb-padding-bottom:40px;--awb-background-image:url(&quot;https:\/\/www.immerse-h2020.eu\/wp-content\/uploads\/2019\/06\/2.png&quot;);--awb-background-size:cover;--awb-flex-wrap:wrap;\" ><div class=\"fusion-builder-row fusion-row\"><div class=\"fusion-layout-column fusion_builder_column fusion-builder-column-3 fusion_builder_column_2_3 2_3 fusion-two-third fusion-column-first fusion-column-no-min-height fusion-animated\" style=\"--awb-bg-size:cover;--awb-margin-bottom:220px;width:66.666666666667%;width:calc(66.666666666667% - ( ( 4% ) * 0.66666666666667 ) );margin-right: 4%;\" data-animationType=\"fadeInDown\" data-animationDuration=\"0.9\" data-animationOffset=\"top-mid-of-view\"><div class=\"fusion-column-wrapper fusion-column-has-shadow fusion-flex-column-wrapper-legacy\"><div class=\"fusion-title title fusion-title-3 fusion-sep-none fusion-title-text fusion-title-size-two\" style=\"--awb-text-color:#70d19a;\"><h2 class=\"fusion-title-heading title-heading-left\" style=\"margin:0;\">OBJETIVOS ESPEC\u00cdFICOS<\/h2><\/div><div class=\"fusion-text fusion-text-2\"><ol class=\"lista\">\n<li class=\"one\">Escuchar e incluir las opiniones de los ni\u00f1os migrantes y refugiados para tener en cuenta sus experiencias y dise\u00f1ar mejores sistemas de integraci\u00f3n educativa y social, con el objetivo de mejorar sus conocimientos y su bienestar general.<\/li>\n<li class=\"two\">Identificar los principales par\u00e1metros e indicadores que influyen en la integraci\u00f3n socioeducativa de los ni\u00f1os migrantes y que resultan fundamentales para mejorar su integraci\u00f3n y la preparaci\u00f3n de la sociedad de acogida. <\/li>\n<li class=\"three\">Aprovechar las fuentes de datos y los sistemas de an\u00e1lisis de datos actuales relativos a los ni\u00f1os migrantes y refugiados para trabajar en la mejora y la visibilidad de par\u00e1metros que dificultan y apoyan su correcta integraci\u00f3n en las sociedades de acogida.<\/li>\n<li class=\"four\">Recoger y supervisar datos relativos a la integraci\u00f3n de los ni\u00f1os migrantes y refugiados en entornos de formaci\u00f3n y centros de recepci\u00f3n de migrantes en seis pa\u00edses europeos.<\/li>\n<li class=\"five\">Apoyar la actividad de la UE, sus estados miembros, ONG y otras asociaciones que trabajan por la integraci\u00f3n de ni\u00f1os migrantes y refugiados facilitando el acceso a datos fiables y a recomendaciones y buenas pr\u00e1cticas.<\/li>\n<li class=\"six\">Sensibilizar acerca de lo que significa la integraci\u00f3n para la UE y para los ni\u00f1os migrantes y refugiados, y para demostrar c\u00f3mo pueden ayudar las escuelas y otros entornos educativos y experimentales a mejorar su integraci\u00f3n social y a desarrollar sociedades interculturales.<\/li>\n<li class=\"seven\">Animar a legisladores, escuelas y otros entornos educativos y experimentales a adoptar medidas para garantizar el acceso a programas de integraci\u00f3n de ni\u00f1os migrantes y refugiados.<\/li>\n<\/ol>\n<\/div><div class=\"fusion-clearfix\"><\/div><\/div><\/div><div class=\"fusion-layout-column fusion_builder_column fusion-builder-column-4 fusion_builder_column_1_3 1_3 fusion-one-third fusion-column-last fusion-column-no-min-height\" style=\"--awb-bg-size:cover;width:33.333333333333%;width:calc(33.333333333333% - ( ( 4% ) * 0.33333333333333 ) );\"><div class=\"fusion-column-wrapper fusion-column-has-shadow fusion-flex-column-wrapper-legacy\"><div class=\"fusion-clearfix\"><\/div><\/div><\/div><\/div><\/div><\/p>\n","protected":false},"excerpt":{"rendered":"","protected":false},"author":1,"featured_media":0,"parent":0,"menu_order":0,"comment_status":"closed","ping_status":"closed","template":"100-width.php","meta":{"_acf_changed":false,"footnotes":""},"acf":[],"_links":{"self":[{"href":"https:\/\/www.immerse-h2020.eu\/es\/wp-json\/wp\/v2\/pages\/530"}],"collection":[{"href":"https:\/\/www.immerse-h2020.eu\/es\/wp-json\/wp\/v2\/pages"}],"about":[{"href":"https:\/\/www.immerse-h2020.eu\/es\/wp-json\/wp\/v2\/types\/page"}],"author":[{"embeddable":true,"href":"https:\/\/www.immerse-h2020.eu\/es\/wp-json\/wp\/v2\/users\/1"}],"replies":[{"embeddable":true,"href":"https:\/\/www.immerse-h2020.eu\/es\/wp-json\/wp\/v2\/comments?post=530"}],"version-history":[{"count":1,"href":"https:\/\/www.immerse-h2020.eu\/es\/wp-json\/wp\/v2\/pages\/530\/revisions"}],"predecessor-version":[{"id":531,"href":"https:\/\/www.immerse-h2020.eu\/es\/wp-json\/wp\/v2\/pages\/530\/revisions\/531"}],"wp:attachment":[{"href":"https:\/\/www.immerse-h2020.eu\/es\/wp-json\/wp\/v2\/media?parent=530"}],"curies":[{"name":"wp","href":"https:\/\/api.w.org\/{rel}","templated":true}]}}