{"id":534,"date":"2019-10-23T10:07:12","date_gmt":"2019-10-23T08:07:12","guid":{"rendered":"https:\/\/www.immerse-h2020.eu\/plataforma-en-linea-para-la-recopilacion-de-datos\/"},"modified":"2023-12-06T08:15:20","modified_gmt":"2023-12-06T07:15:20","slug":"plataforma-en-linea-para-la-recopilacion-de-datos","status":"publish","type":"page","link":"https:\/\/www.immerse-h2020.eu\/es\/plataforma-en-linea-para-la-recopilacion-de-datos\/","title":{"rendered":"Recogida de datos de IMMERSE a trav\u00e9s de encuesta"},"content":{"rendered":"<p><div class=\"fusion-fullwidth fullwidth-box fusion-builder-row-1 fusion-parallax-none nonhundred-percent-fullwidth non-hundred-percent-height-scrolling\" style=\"--awb-background-position:center bottom;--awb-border-radius-top-left:0px;--awb-border-radius-top-right:0px;--awb-border-radius-bottom-right:0px;--awb-border-radius-bottom-left:0px;--awb-background-image:url(&quot;https:\/\/www.immerse-h2020.eu\/wp-content\/uploads\/2019\/06\/2.jpg&quot;);--awb-background-size:cover;--awb-flex-wrap:wrap;\" ><div class=\"fusion-builder-row fusion-row\"><div class=\"fusion-layout-column fusion_builder_column fusion-builder-column-0 fusion_builder_column_1_1 1_1 fusion-one-full fusion-column-first fusion-column-last\" style=\"--awb-bg-size:cover;\"><div class=\"fusion-column-wrapper fusion-column-has-shadow fusion-flex-column-wrapper-legacy\"><div class=\"fusion-sep-clear\"><\/div><div class=\"fusion-separator fusion-full-width-sep\" style=\"margin-left: auto;margin-right: auto;margin-top:180px;width:100%;\"><\/div><div class=\"fusion-sep-clear\"><\/div><div class=\"fusion-title title fusion-title-1 fusion-sep-none fusion-title-text fusion-title-size-one\" style=\"--awb-text-color:#ffffff;--awb-margin-bottom:0px;--awb-margin-bottom-small:0px;\"><h1 class=\"fusion-title-heading title-heading-left\" style=\"margin:0;\">Recogida de datos de IMMERSE a trav\u00e9s de encuesta<\/h1><\/div><div class=\"fusion-sep-clear\"><\/div><div class=\"fusion-separator fusion-full-width-sep\" style=\"margin-left: auto;margin-right: auto;margin-top:180px;width:100%;\"><\/div><div class=\"fusion-sep-clear\"><\/div><div class=\"fusion-clearfix\"><\/div><\/div><\/div><\/div><\/div><div class=\"fusion-fullwidth fullwidth-box fusion-builder-row-2 nonhundred-percent-fullwidth non-hundred-percent-height-scrolling fusion-equal-height-columns\" style=\"--awb-border-radius-top-left:0px;--awb-border-radius-top-right:0px;--awb-border-radius-bottom-right:0px;--awb-border-radius-bottom-left:0px;--awb-padding-top:60px;--awb-padding-bottom:10px;--awb-margin-bottom:0px;--awb-flex-wrap:wrap;\" ><div class=\"fusion-builder-row fusion-row\"><div class=\"fusion-layout-column fusion_builder_column fusion-builder-column-1 fusion_builder_column_1_1 1_1 fusion-one-full fusion-column-first fusion-column-last fusion-column-no-min-height\" style=\"--awb-padding-bottom:0px;--awb-bg-size:cover;--awb-margin-bottom:0px;\"><div class=\"fusion-column-wrapper fusion-column-has-shadow fusion-flex-column-wrapper-legacy\"><div class=\"fusion-column-content-centered\"><div class=\"fusion-column-content\"><div class=\"fusion-text fusion-text-1 green_p\"><p><strong>Encuestas IMMERSE<\/strong><\/p>\n<\/div><div class=\"fusion-text fusion-text-2\" style=\"--awb-font-size:18px;\"><p>La <strong>recogida de datos a trav\u00e9s de la encuesta<\/strong> se llev\u00f3 a cabo entre junio de 2021 y junio de 2023 en un total de 406 centros con m\u00e1s de 24.000 ni\u00f1os, de los cuales casi el 60% (13.345) son de origen refugiado o migrante. La encuesta tambi\u00e9n incluy\u00f3 a directores, profesores y padres. Esta encuesta transnacional a gran escala pretende ofrecer una imagen representativa de la realidad europea en materia de integraci\u00f3n de los ni\u00f1os refugiados y migrantes, centr\u00e1ndose en seis pa\u00edses (B\u00e9lgica, Alemania, Grecia, Irlanda, Italia y Espa\u00f1a) que representan los diversos contextos migratorios europeos.<\/p>\n<p>Los <strong>cuestionarios<\/strong> se dise\u00f1aron espec\u00edficamente para recoger datos sobre el <a href=\"https:\/\/www.immerse-h2020.eu\/es\/panel-de-indicadores-immerse-sobre-integracion-de-ninos-refugiados-y-migrantes\/\">panel de indicadores de IMMERSE<\/a>, un nuevo conjunto de indicadores sobre los resultados de la integraci\u00f3n de los ni\u00f1os y los obst\u00e1culos y facilitadores que se cre\u00f3 conjuntamente con los ni\u00f1os y actores clave en el primer a\u00f1o del proyecto. Los cuestionarios tambi\u00e9n recogen otras variables y datos demogr\u00e1ficos pertinentes para permitir un an\u00e1lisis en profundidad de los indicadores del panel de indicadores. Los cuestionarios se ajustaron para recoger datos de todos los ni\u00f1os en edad escolar, dise\u00f1ando dos instrumentos diferentes: uno adecuado para ni\u00f1os peque\u00f1os (7-9 a\u00f1os) y otro adecuado para ni\u00f1os mayores (10-18 a\u00f1os). Los instrumentos se tradujeron a 15 idiomas (alem\u00e1n, espa\u00f1ol, franc\u00e9s, griego, ingl\u00e9s, italiano y neerland\u00e9s; y \u00e1rabe, farsi, rumano, chino, urdu, somal\u00ed, ruso y ucraniano). Los ni\u00f1os y otros actores clave colaboraron en la creaci\u00f3n y validaci\u00f3n de los \u00edtems y el dise\u00f1o de la encuesta.<\/p>\n<p>La <strong>recogida de datos<\/strong> se centr\u00f3 en las escuelas primarias y secundarias de las regiones seleccionadas de los seis pa\u00edses, y se complement\u00f3 con la recogida de datos en otros entornos, como los centros de acogida, con el objetivo de incluir a poblaciones m\u00e1s vulnerables y de dif\u00edcil acceso, como los ni\u00f1os migrantes no acompa\u00f1ados y los solicitantes de asilo. La aplicaci\u00f3n sobre el terreno se vio facilitada por el desarrollo de un sistema digital de recogida de datos (con las tradicionales copias de seguridad en papel y l\u00e1piz) que permit\u00eda reunir m\u00faltiples fuentes de datos. La recogida de datos coincidi\u00f3 con el brote de COVID-19 y otros acontecimientos impactantes, como la crisis de los refugiados tras la crisis de Ucrania de 2022, que se sumaron a los retos de recopilar datos sobre ni\u00f1os migrantes en un escenario sociopol\u00edtico en constante cambio.<\/p>\n<\/div><ul style=\"--awb-size:18px;--awb-line-height:30.6px;--awb-icon-width:30.6px;--awb-icon-height:30.6px;--awb-icon-margin:12.6px;--awb-content-margin:43.2px;--awb-circlecolor:#70d19a;--awb-circle-yes-font-size:15.84px;\" class=\"fusion-checklist fusion-checklist-1 fusion-checklist-default type-icons\"><li class=\"fusion-li-item\" style=\"\"><span class=\"icon-wrapper circle-yes\"><i class=\"fusion-li-icon fa-arrow-right fas\" aria-hidden=\"true\"><\/i><\/span><div class=\"fusion-li-item-content\">\n<p>Las versiones en ingl\u00e9s de los cuestionarios, la documentaci\u00f3n de la encuesta y las bases de datos est\u00e1n disponibles en el repositorio de datos y documentos de IMMERSE:\u00a0<a href=\"https:\/\/zenodo.org\/communities\/immerse-h2020\" target=\"_blank\" rel=\"noopener\">https:\/\/zenodo.org\/communities\/immerse-h2020<\/a><\/p>\n<\/div><\/li><\/ul><div class=\"fusion-sep-clear\"><\/div><div class=\"fusion-separator fusion-full-width-sep\" style=\"margin-left: auto;margin-right: auto;margin-top:6px;margin-bottom:6px;width:100%;\"><div class=\"fusion-separator-border sep-double\" style=\"--awb-height:20px;--awb-amount:20px;border-color:#e0dede;border-top-width:0px;border-bottom-width:0px;\"><\/div><\/div><div class=\"fusion-sep-clear\"><\/div><div class=\"fusion-text fusion-text-3 green_p\"><p><strong>Plataforma en l\u00ednea para la recopilaci\u00f3n de datos<\/strong><\/p>\n<\/div><div class=\"fusion-text fusion-text-4\" style=\"--awb-font-size:18px;\"><p>Esta plataforma digital ha permitido a los investigadores de IMMERSE recabar datos relacionados con el panel de indicadores de integraci\u00f3n socioeducativa de ni\u00f1os migrantes y refugiados entre los cuatro grupos de estudio principales: directores\/as, profesores\/as, padres\/madres y ni\u00f1os\/as. Estos datos han sido recogidos durante las distintas fases del proyecto en escuelas, entornos educativos no formales y centros de recepci\u00f3n de migrantes en B\u00e9lgica, Alemania, Grecia, Irlanda, Italia y Espa\u00f1a.<\/p>\n<p>La plataforma protege los derechos de privacidad de las partes implicadas, especialmente de los ni\u00f1os y ni\u00f1as, y cumple los niveles de seguridad impuestos por las normativas europeas en lo referente a la disponibilidad, autenticidad, confidencialidad y rastreabilidad de los datos. Toda la informaci\u00f3n incluida en la plataforma es an\u00f3nima y privada, y su uso se limita a los fines de investigaci\u00f3n de IMMERSE.<\/p>\n<\/div><div class=\"fusion-sep-clear\"><\/div><div class=\"fusion-separator fusion-full-width-sep\" style=\"margin-left: auto;margin-right: auto;margin-top:6px;margin-bottom:6px;width:100%;\"><div class=\"fusion-separator-border sep-double\" style=\"--awb-height:20px;--awb-amount:20px;border-color:#e0dede;border-top-width:0px;border-bottom-width:0px;\"><\/div><\/div><div class=\"fusion-sep-clear\"><\/div><\/div><\/div><div class=\"fusion-clearfix\"><\/div><\/div><\/div><\/div><\/div><\/p>\n","protected":false},"excerpt":{"rendered":"","protected":false},"author":1,"featured_media":0,"parent":0,"menu_order":0,"comment_status":"closed","ping_status":"closed","template":"100-width.php","meta":{"_acf_changed":false,"footnotes":""},"acf":[],"_links":{"self":[{"href":"https:\/\/www.immerse-h2020.eu\/es\/wp-json\/wp\/v2\/pages\/534"}],"collection":[{"href":"https:\/\/www.immerse-h2020.eu\/es\/wp-json\/wp\/v2\/pages"}],"about":[{"href":"https:\/\/www.immerse-h2020.eu\/es\/wp-json\/wp\/v2\/types\/page"}],"author":[{"embeddable":true,"href":"https:\/\/www.immerse-h2020.eu\/es\/wp-json\/wp\/v2\/users\/1"}],"replies":[{"embeddable":true,"href":"https:\/\/www.immerse-h2020.eu\/es\/wp-json\/wp\/v2\/comments?post=534"}],"version-history":[{"count":8,"href":"https:\/\/www.immerse-h2020.eu\/es\/wp-json\/wp\/v2\/pages\/534\/revisions"}],"predecessor-version":[{"id":3816,"href":"https:\/\/www.immerse-h2020.eu\/es\/wp-json\/wp\/v2\/pages\/534\/revisions\/3816"}],"wp:attachment":[{"href":"https:\/\/www.immerse-h2020.eu\/es\/wp-json\/wp\/v2\/media?parent=534"}],"curies":[{"name":"wp","href":"https:\/\/api.w.org\/{rel}","templated":true}]}}