{"id":541,"date":"2019-10-23T10:24:37","date_gmt":"2019-10-23T08:24:37","guid":{"rendered":"https:\/\/www.immerse-h2020.eu\/seleccion-y-creacion-de-un-panel-de-indicadores-de-integracion-socioeducativa\/"},"modified":"2023-12-06T08:35:26","modified_gmt":"2023-12-06T07:35:26","slug":"seleccion-y-creacion-de-un-panel-de-indicadores-de-integracion-socioeducativa","status":"publish","type":"page","link":"https:\/\/www.immerse-h2020.eu\/es\/seleccion-y-creacion-de-un-panel-de-indicadores-de-integracion-socioeducativa\/","title":{"rendered":"Selecci\u00f3n y creaci\u00f3n de un panel de indicadores de integraci\u00f3n socioeducativa"},"content":{"rendered":"<p><div class=\"fusion-fullwidth fullwidth-box fusion-builder-row-1 fusion-parallax-none nonhundred-percent-fullwidth non-hundred-percent-height-scrolling\" style=\"--awb-background-position:center bottom;--awb-border-radius-top-left:0px;--awb-border-radius-top-right:0px;--awb-border-radius-bottom-right:0px;--awb-border-radius-bottom-left:0px;--awb-background-image:url(&quot;https:\/\/www.immerse-h2020.eu\/wp-content\/uploads\/2019\/06\/11.jpg&quot;);--awb-background-size:cover;--awb-flex-wrap:wrap;\" ><div class=\"fusion-builder-row fusion-row\"><div class=\"fusion-layout-column fusion_builder_column fusion-builder-column-0 fusion_builder_column_2_3 2_3 fusion-two-third fusion-column-first\" style=\"--awb-bg-size:cover;width:66.666666666667%;width:calc(66.666666666667% - ( ( 4% ) * 0.66666666666667 ) );margin-right: 4%;\"><div class=\"fusion-column-wrapper fusion-column-has-shadow fusion-flex-column-wrapper-legacy\"><div class=\"fusion-sep-clear\"><\/div><div class=\"fusion-separator fusion-full-width-sep\" style=\"margin-left: auto;margin-right: auto;margin-top:180px;width:100%;\"><\/div><div class=\"fusion-sep-clear\"><\/div><div class=\"fusion-title title fusion-title-1 fusion-sep-none fusion-title-text fusion-title-size-one\" style=\"--awb-text-color:#ffffff;--awb-margin-bottom:0px;--awb-margin-bottom-small:0px;\"><h1 class=\"fusion-title-heading title-heading-left\" style=\"margin:0;\">Selecci\u00f3n y creaci\u00f3n de un panel de indicadores de integraci\u00f3n socioeducativa<\/h1><\/div><div class=\"fusion-sep-clear\"><\/div><div class=\"fusion-separator fusion-full-width-sep\" style=\"margin-left: auto;margin-right: auto;margin-top:180px;width:100%;\"><\/div><div class=\"fusion-sep-clear\"><\/div><div class=\"fusion-clearfix\"><\/div><\/div><\/div><\/div><\/div><div class=\"fusion-fullwidth fullwidth-box fusion-builder-row-2 nonhundred-percent-fullwidth non-hundred-percent-height-scrolling fusion-equal-height-columns\" style=\"--awb-border-radius-top-left:0px;--awb-border-radius-top-right:0px;--awb-border-radius-bottom-right:0px;--awb-border-radius-bottom-left:0px;--awb-padding-top:60px;--awb-padding-bottom:10px;--awb-margin-bottom:0px;--awb-flex-wrap:wrap;\" ><div class=\"fusion-builder-row fusion-row\"><div class=\"fusion-layout-column fusion_builder_column fusion-builder-column-1 fusion_builder_column_2_3 2_3 fusion-two-third fusion-column-first fusion-column-no-min-height\" style=\"--awb-padding-bottom:0px;--awb-bg-size:cover;--awb-margin-bottom:0px;width:66.666666666667%;width:calc(66.666666666667% - ( ( 4% ) * 0.66666666666667 ) );margin-right: 4%;\"><div class=\"fusion-column-wrapper fusion-column-has-shadow fusion-flex-column-wrapper-legacy\"><div class=\"fusion-column-content-centered\"><div class=\"fusion-column-content\"><div class=\"fusion-text fusion-text-1 green_p\" style=\"--awb-content-alignment:justify;--awb-text-transform:none;\"><p>El panel de indicadores ha sido desarrollado usando un m\u00e9todo de co-creaci\u00f3n que incluye las voces de ni\u00f1os migrantes y refugiados, sus familias y aquellas personas que trabajan directamente con ellos en colegios e institutos, ONGs y en la formulaci\u00f3n de pol\u00edticas. De esta forma, nos apoyamos en \u00a1experiencias directas para desarrollar una definici\u00f3n de integraci\u00f3n que resulte significativa.<\/p>\n<\/div><div class=\"fusion-text fusion-text-2 no_green_p\" style=\"--awb-content-alignment:justify;--awb-text-transform:none;\"><p>El objetivo de esta herramienta es unificar criterios en la recogida de datos para estudiar los factores que contribuyen a determinar la integraci\u00f3n socioeducativa de estos ni\u00f1os en sus sociedades de acogida en Europa. La s\u00edntesis de 30 indicadores incluye aspectos fundamentales en tres niveles de integraci\u00f3n, como son el micro (ni\u00f1os y sus familias), meso (comunidades educativas y vecindarios) y macro (sociedad e instituciones).<\/p>\n<p>El panel final consta de un total de 30 indicadores: 14 para resultados de integraci\u00f3n y 16 sobre barreras y elementos facilitadores de la integraci\u00f3n en los niveles meso y macro.<\/p>\n<\/div><\/div><\/div><div class=\"fusion-clearfix\"><\/div><\/div><\/div><\/div><\/div><div class=\"fusion-fullwidth fullwidth-box fusion-builder-row-3 imagenes_pdf nonhundred-percent-fullwidth non-hundred-percent-height-scrolling\" style=\"--awb-border-radius-top-left:0px;--awb-border-radius-top-right:0px;--awb-border-radius-bottom-right:0px;--awb-border-radius-bottom-left:0px;--awb-flex-wrap:wrap;\" ><div class=\"fusion-builder-row fusion-row\"><div class=\"fusion-layout-column fusion_builder_column fusion-builder-column-2 fusion_builder_column_2_3 2_3 fusion-two-third fusion-column-first\" style=\"--awb-bg-size:cover;width:66.666666666667%;width:calc(66.666666666667% - ( ( 4% ) * 0.66666666666667 ) );margin-right: 4%;\"><div class=\"fusion-column-wrapper fusion-column-has-shadow fusion-flex-column-wrapper-legacy\"><div class=\"fusion-text fusion-text-3 no_green_p\" style=\"--awb-content-alignment:justify;--awb-text-transform:none;\"><p>Los resultados de integraci\u00f3n est\u00e1n divididos en 5 dimensiones: 1) acceso a derechos, 2) idioma y cultura, 3) bienestar, 4) conexi\u00f3n y 5) logros acad\u00e9micos.<\/p>\n<\/div><div class=\"fusion-image-element in-legacy-container\" style=\"--awb-caption-title-font-family:var(--h2_typography-font-family);--awb-caption-title-font-weight:var(--h2_typography-font-weight);--awb-caption-title-font-style:var(--h2_typography-font-style);--awb-caption-title-size:var(--h2_typography-font-size);--awb-caption-title-transform:var(--h2_typography-text-transform);--awb-caption-title-line-height:var(--h2_typography-line-height);--awb-caption-title-letter-spacing:var(--h2_typography-letter-spacing);\"><span class=\" fusion-imageframe imageframe-none imageframe-1 hover-type-none\"><img decoding=\"async\" width=\"1793\" height=\"1362\" title=\"IR_01_EN_OK\" src=\"https:\/\/www.immerse-h2020.eu\/wp-content\/uploads\/2021\/10\/01_Rev-1.jpg\" alt class=\"img-responsive wp-image-1466\" srcset=\"https:\/\/www.immerse-h2020.eu\/wp-content\/uploads\/2021\/10\/01_Rev-1-200x152.jpg 200w, https:\/\/www.immerse-h2020.eu\/wp-content\/uploads\/2021\/10\/01_Rev-1-400x304.jpg 400w, https:\/\/www.immerse-h2020.eu\/wp-content\/uploads\/2021\/10\/01_Rev-1-600x456.jpg 600w, https:\/\/www.immerse-h2020.eu\/wp-content\/uploads\/2021\/10\/01_Rev-1-800x608.jpg 800w, https:\/\/www.immerse-h2020.eu\/wp-content\/uploads\/2021\/10\/01_Rev-1-1200x912.jpg 1200w, https:\/\/www.immerse-h2020.eu\/wp-content\/uploads\/2021\/10\/01_Rev-1.jpg 1793w\" sizes=\"(max-width: 800px) 100vw, 800px\" \/><\/span><\/div><div class=\"fusion-image-element in-legacy-container\" style=\"--awb-caption-title-font-family:var(--h2_typography-font-family);--awb-caption-title-font-weight:var(--h2_typography-font-weight);--awb-caption-title-font-style:var(--h2_typography-font-style);--awb-caption-title-size:var(--h2_typography-font-size);--awb-caption-title-transform:var(--h2_typography-text-transform);--awb-caption-title-line-height:var(--h2_typography-line-height);--awb-caption-title-letter-spacing:var(--h2_typography-letter-spacing);\"><span class=\" fusion-imageframe imageframe-none imageframe-2 hover-type-none\"><img decoding=\"async\" width=\"1801\" height=\"1589\" title=\"IR_02_EN\" src=\"https:\/\/www.immerse-h2020.eu\/wp-content\/uploads\/2021\/10\/02.jpg\" alt class=\"img-responsive wp-image-1375\" srcset=\"https:\/\/www.immerse-h2020.eu\/wp-content\/uploads\/2021\/10\/02-200x176.jpg 200w, https:\/\/www.immerse-h2020.eu\/wp-content\/uploads\/2021\/10\/02-400x353.jpg 400w, https:\/\/www.immerse-h2020.eu\/wp-content\/uploads\/2021\/10\/02-600x529.jpg 600w, https:\/\/www.immerse-h2020.eu\/wp-content\/uploads\/2021\/10\/02-800x706.jpg 800w, https:\/\/www.immerse-h2020.eu\/wp-content\/uploads\/2021\/10\/02-1200x1059.jpg 1200w, https:\/\/www.immerse-h2020.eu\/wp-content\/uploads\/2021\/10\/02.jpg 1801w\" sizes=\"(max-width: 800px) 100vw, 800px\" \/><\/span><\/div><div class=\"fusion-clearfix\"><\/div><\/div><\/div><\/div><\/div><div class=\"fusion-fullwidth fullwidth-box fusion-builder-row-4 imagenes_pdf nonhundred-percent-fullwidth non-hundred-percent-height-scrolling\" style=\"--awb-border-radius-top-left:0px;--awb-border-radius-top-right:0px;--awb-border-radius-bottom-right:0px;--awb-border-radius-bottom-left:0px;--awb-flex-wrap:wrap;\" ><div class=\"fusion-builder-row fusion-row\"><div class=\"fusion-layout-column fusion_builder_column fusion-builder-column-3 fusion_builder_column_2_3 2_3 fusion-two-third fusion-column-first\" style=\"--awb-bg-size:cover;width:66.666666666667%;width:calc(66.666666666667% - ( ( 4% ) * 0.66666666666667 ) );margin-right: 4%;\"><div class=\"fusion-column-wrapper fusion-column-has-shadow fusion-flex-column-wrapper-legacy\"><div class=\"fusion-text fusion-text-4 no_green_p\" style=\"--awb-content-alignment:justify;--awb-text-transform:none;\"><p>Las barreras y los facilitadores est\u00e1n relacionados con 1) liderazgo pol\u00edtico, 2) segregaci\u00f3n escolar, 3) apoyo al aprendizaje, 4) servicios de salud mental, 5) actitudes negativas, y 6) organizaci\u00f3n escolar y profesorado.<\/p>\n<\/div><div class=\"fusion-image-element in-legacy-container\" style=\"--awb-caption-title-font-family:var(--h2_typography-font-family);--awb-caption-title-font-weight:var(--h2_typography-font-weight);--awb-caption-title-font-style:var(--h2_typography-font-style);--awb-caption-title-size:var(--h2_typography-font-size);--awb-caption-title-transform:var(--h2_typography-text-transform);--awb-caption-title-line-height:var(--h2_typography-line-height);--awb-caption-title-letter-spacing:var(--h2_typography-letter-spacing);\"><span class=\" fusion-imageframe imageframe-none imageframe-3 hover-type-none\"><img decoding=\"async\" width=\"1783\" height=\"1808\" title=\"BF_01_EN_OK\" src=\"https:\/\/www.immerse-h2020.eu\/wp-content\/uploads\/2021\/10\/03_Rev.jpg\" alt class=\"img-responsive wp-image-1392\" srcset=\"https:\/\/www.immerse-h2020.eu\/wp-content\/uploads\/2021\/10\/03_Rev-200x203.jpg 200w, https:\/\/www.immerse-h2020.eu\/wp-content\/uploads\/2021\/10\/03_Rev-400x406.jpg 400w, https:\/\/www.immerse-h2020.eu\/wp-content\/uploads\/2021\/10\/03_Rev-600x608.jpg 600w, https:\/\/www.immerse-h2020.eu\/wp-content\/uploads\/2021\/10\/03_Rev-800x811.jpg 800w, https:\/\/www.immerse-h2020.eu\/wp-content\/uploads\/2021\/10\/03_Rev-1200x1217.jpg 1200w, https:\/\/www.immerse-h2020.eu\/wp-content\/uploads\/2021\/10\/03_Rev.jpg 1783w\" sizes=\"(max-width: 800px) 100vw, 800px\" \/><\/span><\/div><div class=\"fusion-image-element in-legacy-container\" style=\"--awb-caption-title-font-family:var(--h2_typography-font-family);--awb-caption-title-font-weight:var(--h2_typography-font-weight);--awb-caption-title-font-style:var(--h2_typography-font-style);--awb-caption-title-size:var(--h2_typography-font-size);--awb-caption-title-transform:var(--h2_typography-text-transform);--awb-caption-title-line-height:var(--h2_typography-line-height);--awb-caption-title-letter-spacing:var(--h2_typography-letter-spacing);\"><span class=\" fusion-imageframe imageframe-none imageframe-4 hover-type-none\"><img decoding=\"async\" width=\"1775\" height=\"1304\" title=\"BF_02_EN\" src=\"https:\/\/www.immerse-h2020.eu\/wp-content\/uploads\/2021\/10\/04.jpg\" alt class=\"img-responsive wp-image-1377\" srcset=\"https:\/\/www.immerse-h2020.eu\/wp-content\/uploads\/2021\/10\/04-200x147.jpg 200w, https:\/\/www.immerse-h2020.eu\/wp-content\/uploads\/2021\/10\/04-400x294.jpg 400w, https:\/\/www.immerse-h2020.eu\/wp-content\/uploads\/2021\/10\/04-600x441.jpg 600w, https:\/\/www.immerse-h2020.eu\/wp-content\/uploads\/2021\/10\/04-800x588.jpg 800w, https:\/\/www.immerse-h2020.eu\/wp-content\/uploads\/2021\/10\/04-1200x882.jpg 1200w, https:\/\/www.immerse-h2020.eu\/wp-content\/uploads\/2021\/10\/04.jpg 1775w\" sizes=\"(max-width: 800px) 100vw, 800px\" \/><\/span><\/div><div class=\"fusion-text fusion-text-5\"><p style=\"text-align: center;\">(LPC: Legislation and practice conditioning&#8230;)<br \/>\n(LRR: Legislation, recommendations and resources devoted to&#8230;)<\/p>\n<\/div><div class=\"fusion-clearfix\"><\/div><\/div><\/div><\/div><\/div><div class=\"fusion-fullwidth fullwidth-box fusion-builder-row-5 imagenes_pdf nonhundred-percent-fullwidth non-hundred-percent-height-scrolling\" style=\"--awb-border-radius-top-left:0px;--awb-border-radius-top-right:0px;--awb-border-radius-bottom-right:0px;--awb-border-radius-bottom-left:0px;--awb-flex-wrap:wrap;\" ><div class=\"fusion-builder-row fusion-row\"><div class=\"fusion-layout-column fusion_builder_column fusion-builder-column-4 fusion_builder_column_2_3 2_3 fusion-two-third fusion-column-first\" style=\"--awb-bg-size:cover;width:66.666666666667%;width:calc(66.666666666667% - ( ( 4% ) * 0.66666666666667 ) );margin-right: 4%;\"><div class=\"fusion-column-wrapper fusion-column-has-shadow fusion-flex-column-wrapper-legacy\"><div class=\"fusion-text fusion-text-6 no_green_p\" style=\"--awb-content-alignment:justify;--awb-text-transform:none;\"><p>Se han definido medidas emp\u00edricas para los 30 indicadores, cuyo contenido ha sido validado por expertos en los \u00e1mbitos de la migraci\u00f3n, la educaci\u00f3n y la integraci\u00f3n, y tambi\u00e9n validado ecol\u00f3gicamente por ni\u00f1os, educadores, autoridades p\u00fablicas y responsables pol\u00edticos a escala local, regional y nacional. A continuaci\u00f3n, se recogieron los datos necesarios de m\u00e1s de 24.000 ni\u00f1os, y profesores y directores de m\u00e1s de 400 colegios y entornos educativos de los seis pa\u00edses europeos de IMMERSE (B\u00e9lgica, Alemania, Grecia, Irlanda, Italia y Espa\u00f1a) o se han extra\u00eddo de fuentes ampliamente reconocidas como <a id=\"m_-4884570650875835228OWA3a0eb015-6137-2782-a938-051a10e5fc16\" title=\"Direcci\u00f3n URL original: https:\/\/www.mipex.eu\/. Haga clic o pulse si conf\u00eda en este v\u00ednculo.\" href=\"https:\/\/www.mipex.eu\/\" target=\"_blank\" rel=\"noopener noreferrer\">MIPEX<\/a>,\u00a0<a id=\"m_-4884570650875835228OWA485de3b0-be57-aea1-b6b2-bc741a6ca64a\" title=\"Direcci\u00f3n URL original: https:\/\/www.oecd.org\/pisa\/aboutpisa\/. Haga clic o pulse si conf\u00eda en este v\u00ednculo.\" href=\"https:\/\/www.oecd.org\/pisa\/aboutpisa\/\" target=\"_blank\" rel=\"noopener noreferrer\">PISA<\/a>,\u00a0<a id=\"m_-4884570650875835228OWA1a2c6057-f7f0-aa46-0393-ab292f02fc25\" title=\"Direcci\u00f3n URL original: https:\/\/www.oecd.org\/skills\/piaac\/. Haga clic o pulse si conf\u00eda en este v\u00ednculo.\" href=\"https:\/\/www.oecd.org\/skills\/piaac\/\" target=\"_blank\" rel=\"noopener noreferrer\">PIAAC<\/a> y <a id=\"m_-4884570650875835228OWAb6aa3b10-7855-72bf-2d1e-4e64e5f73f6d\" title=\"Direcci\u00f3n URL original: https:\/\/eurydice.eacea.ec.europa.eu\/. Haga clic o pulse si conf\u00eda en este v\u00ednculo.\" href=\"https:\/\/eurydice.eacea.ec.europa.eu\/\" target=\"_blank\" rel=\"noopener noreferrer\">Eurydice<\/a>.<\/p>\n<p>Los resultados de los 30 indicadores est\u00e1n disponibles en la secci\u00f3n \u00abCommunity\u00bb de la p\u00e1gina web, en el apartado \u00ab<a href=\"https:\/\/www.immerse-h2020.eu\/es\/panel-de-indicadores-immerse-sobre-integracion-de-ninos-refugiados-y-migrantes\/\">Panel de indicadores de integraci\u00f3n socioeducativa<\/a>\u00ab. Esta herramienta muestra los indicadores a trav\u00e9s de una interfaz interactiva que permite a los usuarios ver c\u00f3mo las combinaciones de diferentes caracter\u00edsticas de los ni\u00f1os migrantes y refugiados y sus contextos modifican los resultados en la puntuaci\u00f3n de cada indicador.<\/p>\n<\/div><div class=\"fusion-clearfix\"><\/div><\/div><\/div><\/div><\/div><\/p>\n","protected":false},"excerpt":{"rendered":"","protected":false},"author":1,"featured_media":0,"parent":0,"menu_order":0,"comment_status":"closed","ping_status":"closed","template":"100-width.php","meta":{"_acf_changed":false,"footnotes":""},"acf":[],"_links":{"self":[{"href":"https:\/\/www.immerse-h2020.eu\/es\/wp-json\/wp\/v2\/pages\/541"}],"collection":[{"href":"https:\/\/www.immerse-h2020.eu\/es\/wp-json\/wp\/v2\/pages"}],"about":[{"href":"https:\/\/www.immerse-h2020.eu\/es\/wp-json\/wp\/v2\/types\/page"}],"author":[{"embeddable":true,"href":"https:\/\/www.immerse-h2020.eu\/es\/wp-json\/wp\/v2\/users\/1"}],"replies":[{"embeddable":true,"href":"https:\/\/www.immerse-h2020.eu\/es\/wp-json\/wp\/v2\/comments?post=541"}],"version-history":[{"count":14,"href":"https:\/\/www.immerse-h2020.eu\/es\/wp-json\/wp\/v2\/pages\/541\/revisions"}],"predecessor-version":[{"id":3830,"href":"https:\/\/www.immerse-h2020.eu\/es\/wp-json\/wp\/v2\/pages\/541\/revisions\/3830"}],"wp:attachment":[{"href":"https:\/\/www.immerse-h2020.eu\/es\/wp-json\/wp\/v2\/media?parent=541"}],"curies":[{"name":"wp","href":"https:\/\/api.w.org\/{rel}","templated":true}]}}