{"id":604,"date":"2019-10-24T19:39:51","date_gmt":"2019-10-24T17:39:51","guid":{"rendered":"https:\/\/www.immerse-h2020.eu\/bonnes-pratiques-en-matiere-dintegration-des-enfants-refugies-et-migrants\/"},"modified":"2023-10-22T20:50:08","modified_gmt":"2023-10-22T18:50:08","slug":"bonnes-pratiques-en-matiere-dintegration-des-enfants-refugies-et-migrants","status":"publish","type":"page","link":"https:\/\/www.immerse-h2020.eu\/fr\/bonnes-pratiques-en-matiere-dintegration-des-enfants-refugies-et-migrants\/","title":{"rendered":"Bonnes pratiques en mati\u00e8re d\u2019int\u00e9gration des enfants r\u00e9fugi\u00e9s et migrants"},"content":{"rendered":"<p><div class=\"fusion-fullwidth fullwidth-box fusion-builder-row-1 fusion-parallax-none nonhundred-percent-fullwidth non-hundred-percent-height-scrolling\" style=\"--awb-background-position:center bottom;--awb-border-radius-top-left:0px;--awb-border-radius-top-right:0px;--awb-border-radius-bottom-right:0px;--awb-border-radius-bottom-left:0px;--awb-background-image:url(&quot;https:\/\/www.immerse-h2020.eu\/wp-content\/uploads\/2019\/06\/5.jpg&quot;);--awb-background-size:cover;--awb-flex-wrap:wrap;\" ><div class=\"fusion-builder-row fusion-row\"><div class=\"fusion-layout-column fusion_builder_column fusion-builder-column-0 fusion_builder_column_1_1 1_1 fusion-one-full fusion-column-first fusion-column-last\" style=\"--awb-bg-size:cover;\"><div class=\"fusion-column-wrapper fusion-column-has-shadow fusion-flex-column-wrapper-legacy\"><div class=\"fusion-sep-clear\"><\/div><div class=\"fusion-separator fusion-full-width-sep\" style=\"margin-left: auto;margin-right: auto;margin-top:180px;width:100%;\"><\/div><div class=\"fusion-sep-clear\"><\/div><div class=\"fusion-title title fusion-title-1 fusion-sep-none fusion-title-text fusion-title-size-one\" style=\"--awb-text-color:#ffffff;--awb-margin-bottom:0px;--awb-margin-bottom-small:0px;\"><h1 class=\"fusion-title-heading title-heading-left\" style=\"margin:0;\">Bonnes pratiques en mati\u00e8re d\u2019int\u00e9gration des enfants r\u00e9fugi\u00e9s et migrants<\/h1><\/div><div class=\"fusion-sep-clear\"><\/div><div class=\"fusion-separator fusion-full-width-sep\" style=\"margin-left: auto;margin-right: auto;margin-top:180px;width:100%;\"><\/div><div class=\"fusion-sep-clear\"><\/div><div class=\"fusion-clearfix\"><\/div><\/div><\/div><\/div><\/div><div class=\"fusion-fullwidth fullwidth-box fusion-builder-row-2 nonhundred-percent-fullwidth non-hundred-percent-height-scrolling fusion-equal-height-columns\" style=\"--awb-border-radius-top-left:0px;--awb-border-radius-top-right:0px;--awb-border-radius-bottom-right:0px;--awb-border-radius-bottom-left:0px;--awb-padding-top:60px;--awb-padding-bottom:10px;--awb-margin-bottom:0px;--awb-flex-wrap:wrap;\" ><div class=\"fusion-builder-row fusion-row\"><div class=\"fusion-layout-column fusion_builder_column fusion-builder-column-1 fusion_builder_column_1_1 1_1 fusion-one-full fusion-column-first fusion-column-last fusion-column-no-min-height\" style=\"--awb-padding-bottom:0px;--awb-bg-size:cover;--awb-margin-bottom:0px;\"><div class=\"fusion-column-wrapper fusion-column-has-shadow fusion-flex-column-wrapper-legacy\"><div class=\"fusion-column-content-centered\"><div class=\"fusion-column-content\"><div class=\"fusion-text fusion-text-1 green_p\"><p>Le consortium a identifi\u00e9 et rassembl\u00e9 des bonnes pratiques pertinentes sur l&rsquo;int\u00e9gration des enfants r\u00e9fugi\u00e9s et migrants dans les \u00e9coles et autres environnements d&rsquo;apprentissage. Ces bonnes pratiques int\u00e8grent les diff\u00e9rentes dimensions du processus d&rsquo;int\u00e9gration et ont \u00e9t\u00e9 diffus\u00e9es et int\u00e9gr\u00e9es pour favoriser leur reproductibilit\u00e9 en Europe.<\/p>\n<p>Les partenaires de recherche d&rsquo;IMMERSE ont recueilli 60 bonnes pratiques \u00e0 travers l&rsquo;Europe qui ont \u00e9t\u00e9 \u00e9valu\u00e9es par le biais d&rsquo;une analyse comparative. Les r\u00e9sultats de cette comparaison et l&rsquo;analyse approfondie de 12 \u00e9tudes de cas fournissent une multitude de donn\u00e9es contextualis\u00e9es et de caract\u00e9ristiques transversales concernant le paysage des initiatives socio-\u00e9ducatives mises en \u0153uvre ou en cours ciblant les enfants migrants et r\u00e9fugi\u00e9s en Europe.<\/p>\n<p>La production et l&rsquo;\u00e9tude de ce riche ensemble de bonnes pratiques, ainsi que les r\u00e9sultats d&rsquo;autres activit\u00e9s de recherche d&rsquo;IMMERSE, visent \u00e0 d\u00e9velopper un ensemble de recommandations et d&rsquo;initiatives de plaidoyer \u00e0 mettre en \u0153uvre afin de parvenir \u00e0 un changement politique et \u00e9ducatif au niveau national et europ\u00e9en dans le domaine de l&rsquo;inclusion socio-\u00e9ducative des enfants migrants et r\u00e9fugi\u00e9s.<\/p>\n<\/div><div class=\"fusion-sep-clear\"><\/div><div class=\"fusion-separator fusion-full-width-sep\" style=\"margin-left: auto;margin-right: auto;margin-top:3px;margin-bottom:3px;width:100%;\"><div class=\"fusion-separator-border sep-double\" style=\"--awb-height:20px;--awb-amount:20px;border-color:#e0dede;border-top-width:0px;border-bottom-width:0px;\"><\/div><\/div><div class=\"fusion-sep-clear\"><\/div><div class=\"fusion-title title fusion-title-2 fusion-sep-none fusion-title-center fusion-title-text fusion-title-size-three\" style=\"--awb-text-color:#70d19a;--awb-font-size:28px;\"><h3 class=\"fusion-title-heading title-heading-center\" style=\"margin:0;font-size:1em;\"><strong>Les bonnes pratiques sont disponibles en deux formats<\/strong><\/h3><\/div><\/div><\/div><div class=\"fusion-clearfix\"><\/div><\/div><\/div><\/div><\/div><div class=\"fusion-fullwidth fullwidth-box fusion-builder-row-3 fusion-flex-container has-pattern-background has-mask-background nonhundred-percent-fullwidth non-hundred-percent-height-scrolling\" style=\"--awb-border-radius-top-left:0px;--awb-border-radius-top-right:0px;--awb-border-radius-bottom-right:0px;--awb-border-radius-bottom-left:0px;--awb-flex-wrap:wrap;\" ><div class=\"fusion-builder-row fusion-row fusion-flex-align-items-flex-start fusion-flex-content-wrap\" style=\"max-width:1144px;margin-left: calc(-4% \/ 2 );margin-right: calc(-4% \/ 2 );\"><div class=\"fusion-layout-column fusion_builder_column fusion-builder-column-2 fusion_builder_column_1_2 1_2 fusion-flex-column\" style=\"--awb-bg-size:cover;--awb-width-large:50%;--awb-margin-top-large:0px;--awb-spacing-right-large:3.84%;--awb-margin-bottom-large:20px;--awb-spacing-left-large:3.84%;--awb-width-medium:100%;--awb-order-medium:0;--awb-spacing-right-medium:1.92%;--awb-spacing-left-medium:1.92%;--awb-width-small:100%;--awb-order-small:0;--awb-spacing-right-small:1.92%;--awb-spacing-left-small:1.92%;\"><div class=\"fusion-column-wrapper fusion-column-has-shadow fusion-flex-justify-content-flex-start fusion-content-layout-column\"><div class=\"fusion-text fusion-text-2\" style=\"--awb-font-size:18px;\"><p><strong>Base de donn\u00e9es num\u00e9rique en ligne de bonnes pratiques et ressources en mati\u00e8re d\u2019int\u00e9gration sociale des enfants r\u00e9fugi\u00e9s et migrants<\/strong><\/p>\n<p>Les 60 Bonnes Pratiques, ainsi que 24 documents politiques et 25 outils et ressources suppl\u00e9mentaires, sont inclus dans cet outil num\u00e9rique pratique visant \u00e0 identifier les environnements favorables, les conditions \u00e9ducatives et les ressources pratiques pertinentes pour l&rsquo;int\u00e9gration sociale des enfants r\u00e9fugi\u00e9s et migrants.<\/p>\n<p>Toutes ces ressources peuvent \u00eatre parcourues librement ou filtr\u00e9es en s\u00e9lectionnant une \u00ab\u00a0cat\u00e9gorie\u00a0\u00bb, un \u00ab\u00a0pays d&rsquo;origine\/de mise en \u0153uvre\u00a0\u00bb, une \u00ab\u00a0langue\u00a0\u00bb ou une \u00ab\u00a0conformit\u00e9 avec les r\u00e9sultats du tableau de bord\u00a0\u00bb.<\/p>\n<\/div><ul style=\"--awb-size:18px;--awb-line-height:30.6px;--awb-icon-width:30.6px;--awb-icon-height:30.6px;--awb-icon-margin:12.6px;--awb-content-margin:43.2px;--awb-circlecolor:#70d19a;--awb-circle-yes-font-size:15.84px;\" class=\"fusion-checklist fusion-checklist-1 fusion-checklist-default type-icons\"><li class=\"fusion-li-item\" style=\"\"><span class=\"icon-wrapper circle-yes\"><i class=\"fusion-li-icon fa-arrow-right fas\" aria-hidden=\"true\"><\/i><\/span><div class=\"fusion-li-item-content\">\n<p><a href=\"https:\/\/www.immerse-h2020.eu\/fr\/base-de-donnees-numerique-en-ligne-de-bonnes-pratiques-et-ressources-en-matiere-dintegration-sociale-des-enfants-refugies-et-migrants\/\">Acc\u00e9der \u00e0 la base de donn\u00e9es num\u00e9rique en ligne<\/a><\/p>\n<\/div><\/li><\/ul><\/div><\/div><div class=\"fusion-layout-column fusion_builder_column fusion-builder-column-3 fusion_builder_column_1_2 1_2 fusion-flex-column\" style=\"--awb-bg-size:cover;--awb-width-large:50%;--awb-margin-top-large:0px;--awb-spacing-right-large:3.84%;--awb-margin-bottom-large:20px;--awb-spacing-left-large:3.84%;--awb-width-medium:100%;--awb-order-medium:0;--awb-spacing-right-medium:1.92%;--awb-spacing-left-medium:1.92%;--awb-width-small:100%;--awb-order-small:0;--awb-spacing-right-small:1.92%;--awb-spacing-left-small:1.92%;\"><div class=\"fusion-column-wrapper fusion-column-has-shadow fusion-flex-justify-content-flex-start fusion-content-layout-column\"><div class=\"fusion-text fusion-text-3\" style=\"--awb-font-size:18px;\"><p><strong>Document de travail \u00ab\u00a0Recueil de bonnes pratiques aux niveaux national et europ\u00e9en\u00a0\u00bb<\/strong><\/p>\n<p>Ce rapport fournit une description d\u00e9taill\u00e9e des bonnes pratiques, y compris :<\/p>\n<ul>\n<li>Une vue d&rsquo;ensemble de la m\u00e9thodologie adopt\u00e9e, mettant l&rsquo;accent sur les crit\u00e8res de qualit\u00e9, les approches et les domaines d&rsquo;int\u00e9r\u00eat consid\u00e9r\u00e9s.<\/li>\n<li>Une analyse comparative des 60 bonnes pratiques s\u00e9lectionn\u00e9es, offrant une vue d&rsquo;ensemble de leurs caract\u00e9ristiques et une analyse approfondie des r\u00e9sultats cl\u00e9s li\u00e9s \u00e0 sept domaines d&rsquo;int\u00e9r\u00eat.<\/li>\n<li>Une description d\u00e9taill\u00e9e de 12 \u00e9tudes de cas s\u00e9lectionn\u00e9es afin de pr\u00e9senter une vari\u00e9t\u00e9 d&rsquo;initiatives inspirantes qui peuvent fa\u00e7onner des id\u00e9es sur la mani\u00e8re d&rsquo;aborder l&rsquo;inclusion des enfants issus de l&rsquo;immigration dans les soci\u00e9t\u00e9s europ\u00e9ennes.<\/li>\n<li>Quelques consid\u00e9rations et premi\u00e8res r\u00e9flexions sur les recommandations politiques adress\u00e9es au secteur de l&rsquo;\u00e9ducation et de la politique pour promouvoir le changement politique et \u00e9ducatif aux niveaux national et europ\u00e9en.<\/li>\n<\/ul>\n<\/div><ul style=\"--awb-size:18px;--awb-line-height:30.6px;--awb-icon-width:30.6px;--awb-icon-height:30.6px;--awb-icon-margin:12.6px;--awb-content-margin:43.2px;--awb-circlecolor:#70d19a;--awb-circle-yes-font-size:15.84px;\" class=\"fusion-checklist fusion-checklist-2 fusion-checklist-default type-icons\"><li class=\"fusion-li-item\" style=\"\"><span class=\"icon-wrapper circle-yes\"><i class=\"fusion-li-icon fa-arrow-right fas\" aria-hidden=\"true\"><\/i><\/span><div class=\"fusion-li-item-content\">\n<p><a href=\"https:\/\/www.immerse-h2020.eu\/wp-content\/uploads\/2022\/08\/IMMERSE-_D4.1_Short.pdf\" target=\"_blank\" rel=\"noopener\">T\u00e9l\u00e9charger la version courte<\/a> (en anglais)<\/p>\n<\/div><\/li><li class=\"fusion-li-item\" style=\"\"><span class=\"icon-wrapper circle-yes\"><i class=\"fusion-li-icon fa-arrow-right fas\" aria-hidden=\"true\"><\/i><\/span><div class=\"fusion-li-item-content\">\n<p><a href=\"https:\/\/www.immerse-h2020.eu\/wp-content\/uploads\/2022\/08\/IMMERSE_D4.1_Extended.pdf\" target=\"_blank\" rel=\"noopener\">T\u00e9l\u00e9charger la version longue<\/a> (en anglais)<\/p>\n<\/div><\/li><\/ul><\/div><\/div><\/div><\/div><\/p>\n","protected":false},"excerpt":{"rendered":"","protected":false},"author":1,"featured_media":0,"parent":0,"menu_order":0,"comment_status":"closed","ping_status":"closed","template":"100-width.php","meta":{"_acf_changed":false,"footnotes":""},"acf":[],"_links":{"self":[{"href":"https:\/\/www.immerse-h2020.eu\/fr\/wp-json\/wp\/v2\/pages\/604"}],"collection":[{"href":"https:\/\/www.immerse-h2020.eu\/fr\/wp-json\/wp\/v2\/pages"}],"about":[{"href":"https:\/\/www.immerse-h2020.eu\/fr\/wp-json\/wp\/v2\/types\/page"}],"author":[{"embeddable":true,"href":"https:\/\/www.immerse-h2020.eu\/fr\/wp-json\/wp\/v2\/users\/1"}],"replies":[{"embeddable":true,"href":"https:\/\/www.immerse-h2020.eu\/fr\/wp-json\/wp\/v2\/comments?post=604"}],"version-history":[{"count":3,"href":"https:\/\/www.immerse-h2020.eu\/fr\/wp-json\/wp\/v2\/pages\/604\/revisions"}],"predecessor-version":[{"id":2995,"href":"https:\/\/www.immerse-h2020.eu\/fr\/wp-json\/wp\/v2\/pages\/604\/revisions\/2995"}],"wp:attachment":[{"href":"https:\/\/www.immerse-h2020.eu\/fr\/wp-json\/wp\/v2\/media?parent=604"}],"curies":[{"name":"wp","href":"https:\/\/api.w.org\/{rel}","templated":true}]}}