{"id":623,"date":"2019-10-24T20:06:38","date_gmt":"2019-10-24T18:06:38","guid":{"rendered":"https:\/\/www.immerse-h2020.eu\/recommandations-de-politiques-en-matiere-dintegration-des-enfants-refugies-et-migrants\/"},"modified":"2023-11-14T12:02:44","modified_gmt":"2023-11-14T11:02:44","slug":"recommandations-de-politiques-en-matiere-dintegration-des-enfants-refugies-et-migrants","status":"publish","type":"page","link":"https:\/\/www.immerse-h2020.eu\/fr\/recommandations-de-politiques-en-matiere-dintegration-des-enfants-refugies-et-migrants\/","title":{"rendered":"Recommandations de politiques en mati\u00e8re d\u2019int\u00e9gration des enfants r\u00e9fugi\u00e9s et migrants"},"content":{"rendered":"<p><div class=\"fusion-fullwidth fullwidth-box fusion-builder-row-1 fusion-parallax-none nonhundred-percent-fullwidth non-hundred-percent-height-scrolling\" style=\"--awb-background-position:center bottom;--awb-border-radius-top-left:0px;--awb-border-radius-top-right:0px;--awb-border-radius-bottom-right:0px;--awb-border-radius-bottom-left:0px;--awb-background-image:url(&quot;https:\/\/www.immerse-h2020.eu\/wp-content\/uploads\/2019\/06\/13.jpg&quot;);--awb-background-size:cover;--awb-flex-wrap:wrap;\" ><div class=\"fusion-builder-row fusion-row\"><div class=\"fusion-layout-column fusion_builder_column fusion-builder-column-0 fusion_builder_column_1_1 1_1 fusion-one-full fusion-column-first fusion-column-last\" style=\"--awb-bg-size:cover;\"><div class=\"fusion-column-wrapper fusion-column-has-shadow fusion-flex-column-wrapper-legacy\"><div class=\"fusion-sep-clear\"><\/div><div class=\"fusion-separator fusion-full-width-sep\" style=\"margin-left: auto;margin-right: auto;margin-top:180px;width:100%;\"><\/div><div class=\"fusion-sep-clear\"><\/div><div class=\"fusion-title title fusion-title-1 fusion-sep-none fusion-title-text fusion-title-size-one\" style=\"--awb-text-color:#ffffff;--awb-margin-bottom:0px;--awb-margin-bottom-small:0px;\"><h1 class=\"fusion-title-heading title-heading-left\" style=\"margin:0;\">Recommandations de politiques en mati\u00e8re d\u2019int\u00e9gration des enfants r\u00e9fugi\u00e9s et migrants<\/h1><\/div><div class=\"fusion-sep-clear\"><\/div><div class=\"fusion-separator fusion-full-width-sep\" style=\"margin-left: auto;margin-right: auto;margin-top:180px;width:100%;\"><\/div><div class=\"fusion-sep-clear\"><\/div><div class=\"fusion-clearfix\"><\/div><\/div><\/div><\/div><\/div><div class=\"fusion-fullwidth fullwidth-box fusion-builder-row-2 nonhundred-percent-fullwidth non-hundred-percent-height-scrolling fusion-equal-height-columns\" style=\"--awb-border-radius-top-left:0px;--awb-border-radius-top-right:0px;--awb-border-radius-bottom-right:0px;--awb-border-radius-bottom-left:0px;--awb-padding-top:60px;--awb-padding-bottom:10px;--awb-margin-bottom:0px;--awb-flex-wrap:wrap;\" ><div class=\"fusion-builder-row fusion-row\"><div class=\"fusion-layout-column fusion_builder_column fusion-builder-column-1 fusion_builder_column_2_3 2_3 fusion-two-third fusion-column-first fusion-column-no-min-height\" style=\"--awb-padding-bottom:0px;--awb-bg-size:cover;--awb-margin-bottom:0px;width:65.3333%; margin-right: 4%;\"><div class=\"fusion-column-wrapper fusion-column-has-shadow fusion-flex-column-wrapper-legacy\"><div class=\"fusion-column-content-centered\"><div class=\"fusion-column-content\"><div class=\"fusion-text fusion-text-1 green_p\"><p>L&rsquo;analyse des donn\u00e9es a abouti \u00e0 l&rsquo;\u00e9laboration d&rsquo;une s\u00e9rie de six documents d&rsquo;orientation, un pour chaque pays du consortium IMMERSE, et un document d&rsquo;orientation global au niveau europ\u00e9en traitant des lignes directrices et des recommandations sur l&rsquo;int\u00e9gration des enfants migrants.<\/p>\n<p>Ces documents, pr\u00e9sent\u00e9s lors des \u00e9v\u00e9nements de diffusion d&rsquo;IMMERSE, s&rsquo;adressent aux diff\u00e9rents acteurs du processus d&rsquo;int\u00e9gration. Des activit\u00e9s de soutien ont \u00e9galement \u00e9t\u00e9 lanc\u00e9es pour promouvoir des pratiques efficaces d&rsquo;int\u00e9gration des enfants migrants et r\u00e9fugi\u00e9s au niveau national et europ\u00e9en.<\/p>\n<\/div><div class=\"fusion-sep-clear\"><\/div><div class=\"fusion-separator fusion-full-width-sep\" style=\"margin-left: auto;margin-right: auto;margin-top:6px;margin-bottom:6px;width:100%;\"><div class=\"fusion-separator-border sep-double\" style=\"--awb-height:20px;--awb-amount:20px;border-color:#e0dede;border-top-width:0px;border-bottom-width:0px;\"><\/div><\/div><div class=\"fusion-sep-clear\"><\/div><\/div><\/div><div class=\"fusion-clearfix\"><\/div><\/div><\/div><div class=\"fusion-layout-column fusion_builder_column fusion-builder-column-2 fusion_builder_column_2_3 2_3 fusion-two-third fusion-column-first\" style=\"--awb-padding-top:20px;--awb-padding-right:30px;--awb-padding-bottom:20px;--awb-padding-left:30px;--awb-bg-color:#573b5f;--awb-bg-color-hover:#573b5f;--awb-bg-size:cover;width:66.666666666667%;width:calc(66.666666666667% - ( ( 0 ) * 0.66666666666667 ) );margin-right: 0px;\" data-scroll-devices=\"small-visibility,medium-visibility,large-visibility\"><div class=\"fusion-column-wrapper fusion-column-has-shadow fusion-flex-column-wrapper-legacy\"><div class=\"fusion-column-content-centered\"><div class=\"fusion-column-content\"><ul style=\"--awb-size:20px;--awb-line-height:34px;--awb-icon-width:34px;--awb-icon-height:34px;--awb-icon-margin:14px;--awb-content-margin:48px;--awb-circlecolor:#70d19a;--awb-circle-yes-font-size:17.6px;\" class=\"fusion-checklist fusion-checklist-1 fusion-checklist-default type-icons\"><li class=\"fusion-li-item\" style=\"\"><span class=\"icon-wrapper circle-yes\"><i class=\"fusion-li-icon fa-arrow-right fas\" aria-hidden=\"true\"><\/i><\/span><div class=\"fusion-li-item-content\">\n<p><a href=\"https:\/\/www.immerse-h2020.eu\/wp-content\/uploads\/2023\/11\/IMMERSE_National_Recommendations_BE.pdf\" target=\"_blank\" rel=\"noopener\">Document de recommandation nationale : Belgique<\/a><\/p>\n<\/div><\/li><\/ul><div class=\"fusion-text fusion-text-2\" style=\"--awb-text-color:#d1d1d1;\"><ul>\n<li><strong>Auteurs<\/strong> : Katherine Shea \/ Farzana S. Islam<\/li>\n<li><strong>Organisation chef de file <\/strong>: Active Citizen Europe<\/li>\n<\/ul>\n<\/div><div class=\"fusion-sep-clear\"><\/div><div class=\"fusion-separator fusion-full-width-sep\" style=\"margin-left: auto;margin-right: auto;margin-top:6px;margin-bottom:6px;width:100%;\"><div class=\"fusion-separator-border sep-double\" style=\"--awb-height:20px;--awb-amount:20px;border-color:#e0dede;border-top-width:0px;border-bottom-width:0px;\"><\/div><\/div><div class=\"fusion-sep-clear\"><\/div><ul style=\"--awb-size:20px;--awb-line-height:34px;--awb-icon-width:34px;--awb-icon-height:34px;--awb-icon-margin:14px;--awb-content-margin:48px;--awb-circlecolor:#70d19a;--awb-circle-yes-font-size:17.6px;\" class=\"fusion-checklist fusion-checklist-2 fusion-checklist-default type-icons\"><li class=\"fusion-li-item\" style=\"\"><span class=\"icon-wrapper circle-yes\"><i class=\"fusion-li-icon fa-arrow-right fas\" aria-hidden=\"true\"><\/i><\/span><div class=\"fusion-li-item-content\">\n<p><a href=\"https:\/\/www.immerse-h2020.eu\/wp-content\/uploads\/2023\/11\/IMMERSE_National_Recommendations_DE.pdf\" target=\"_blank\" rel=\"noopener\">Document de recommandation national : Allemagne<\/a><\/p>\n<\/div><\/li><\/ul><div class=\"fusion-text fusion-text-3\" style=\"--awb-text-color:#d1d1d1;\"><ul>\n<li><strong>Auteurs <\/strong>: Andrea Rutzen \/ Abdulaziz Ramadan<\/li>\n<li><strong>Organisation chef de file <\/strong>: DOZ e.V. International<\/li>\n<\/ul>\n<\/div><div class=\"fusion-sep-clear\"><\/div><div class=\"fusion-separator fusion-full-width-sep\" style=\"margin-left: auto;margin-right: auto;margin-top:6px;margin-bottom:6px;width:100%;\"><div class=\"fusion-separator-border sep-double\" style=\"--awb-height:20px;--awb-amount:20px;border-color:#e0dede;border-top-width:0px;border-bottom-width:0px;\"><\/div><\/div><div class=\"fusion-sep-clear\"><\/div><ul style=\"--awb-size:20px;--awb-line-height:34px;--awb-icon-width:34px;--awb-icon-height:34px;--awb-icon-margin:14px;--awb-content-margin:48px;--awb-circlecolor:#70d19a;--awb-circle-yes-font-size:17.6px;\" class=\"fusion-checklist fusion-checklist-3 fusion-checklist-default type-icons\"><li class=\"fusion-li-item\" style=\"\"><span class=\"icon-wrapper circle-yes\"><i class=\"fusion-li-icon fa-arrow-right fas\" aria-hidden=\"true\"><\/i><\/span><div class=\"fusion-li-item-content\">\n<p><a href=\"https:\/\/www.immerse-h2020.eu\/wp-content\/uploads\/2023\/11\/IMMERSE_National_Recommendations_EL.pdf\" target=\"_blank\" rel=\"noopener\">Document de recommandation national : Gr\u00e8ce<\/a><\/p>\n<\/div><\/li><\/ul><div class=\"fusion-text fusion-text-4\" style=\"--awb-text-color:#d1d1d1;\"><ul>\n<li><strong>Auteurs <\/strong>: M. D. Marouda \/ E. Koutsouraki<\/li>\n<li><strong>Organisation chef de file <\/strong>: Panteion University of Social and Political Studies<\/li>\n<\/ul>\n<\/div><div class=\"fusion-sep-clear\"><\/div><div class=\"fusion-separator fusion-full-width-sep\" style=\"margin-left: auto;margin-right: auto;margin-top:6px;margin-bottom:6px;width:100%;\"><div class=\"fusion-separator-border sep-double\" style=\"--awb-height:20px;--awb-amount:20px;border-color:#e0dede;border-top-width:0px;border-bottom-width:0px;\"><\/div><\/div><div class=\"fusion-sep-clear\"><\/div><ul style=\"--awb-size:20px;--awb-line-height:34px;--awb-icon-width:34px;--awb-icon-height:34px;--awb-icon-margin:14px;--awb-content-margin:48px;--awb-circlecolor:#70d19a;--awb-circle-yes-font-size:17.6px;\" class=\"fusion-checklist fusion-checklist-4 fusion-checklist-default type-icons\"><li class=\"fusion-li-item\" style=\"\"><span class=\"icon-wrapper circle-yes\"><i class=\"fusion-li-icon fa-arrow-right fas\" aria-hidden=\"true\"><\/i><\/span><div class=\"fusion-li-item-content\">\n<p><a href=\"https:\/\/www.immerse-h2020.eu\/wp-content\/uploads\/2023\/11\/IMMERSE_National_Recommendations_IE.pdf\" target=\"_blank\" rel=\"noopener\">Document de recommandations nationales : Irlande<\/a><\/p>\n<\/div><\/li><\/ul><div class=\"fusion-text fusion-text-5\" style=\"--awb-text-color:#d1d1d1;\"><ul>\n<li><strong>Auteurs <\/strong>: Jacqui O\u2019Riordan \/ Shirley Martin \/ Deirdre Horgan \/ Reana Maier<\/li>\n<li><strong>Organisation chef de file <\/strong>: University College Cork<\/li>\n<\/ul>\n<\/div><div class=\"fusion-sep-clear\"><\/div><div class=\"fusion-separator fusion-full-width-sep\" style=\"margin-left: auto;margin-right: auto;margin-top:6px;margin-bottom:6px;width:100%;\"><div class=\"fusion-separator-border sep-double\" style=\"--awb-height:20px;--awb-amount:20px;border-color:#e0dede;border-top-width:0px;border-bottom-width:0px;\"><\/div><\/div><div class=\"fusion-sep-clear\"><\/div><ul style=\"--awb-size:20px;--awb-line-height:34px;--awb-icon-width:34px;--awb-icon-height:34px;--awb-icon-margin:14px;--awb-content-margin:48px;--awb-circlecolor:#70d19a;--awb-circle-yes-font-size:17.6px;\" class=\"fusion-checklist fusion-checklist-5 fusion-checklist-default type-icons\"><li class=\"fusion-li-item\" style=\"\"><span class=\"icon-wrapper circle-yes\"><i class=\"fusion-li-icon fa-arrow-right fas\" aria-hidden=\"true\"><\/i><\/span><div class=\"fusion-li-item-content\">\n<p><a href=\"https:\/\/www.immerse-h2020.eu\/wp-content\/uploads\/2023\/11\/IMMERSE_National_Recommendations_IT.pdf\" target=\"_blank\" rel=\"noopener\">Document de recommandations nationales : Italie<\/a><\/p>\n<\/div><\/li><\/ul><div class=\"fusion-text fusion-text-6\" style=\"--awb-text-color:#d1d1d1;\"><ul>\n<li><strong>Auteurs <\/strong>: Valeria Fabretti \/ Mirco Gigliotti \/ Michela Lonardi<\/li>\n<li><strong>Organisation chef de file <\/strong>: Save the Children Italy<\/li>\n<\/ul>\n<\/div><div class=\"fusion-sep-clear\"><\/div><div class=\"fusion-separator fusion-full-width-sep\" style=\"margin-left: auto;margin-right: auto;margin-top:6px;margin-bottom:6px;width:100%;\"><div class=\"fusion-separator-border sep-double\" style=\"--awb-height:20px;--awb-amount:20px;border-color:#e0dede;border-top-width:0px;border-bottom-width:0px;\"><\/div><\/div><div class=\"fusion-sep-clear\"><\/div><ul style=\"--awb-size:20px;--awb-line-height:34px;--awb-icon-width:34px;--awb-icon-height:34px;--awb-icon-margin:14px;--awb-content-margin:48px;--awb-circlecolor:#70d19a;--awb-circle-yes-font-size:17.6px;\" class=\"fusion-checklist fusion-checklist-6 fusion-checklist-default type-icons\"><li class=\"fusion-li-item\" style=\"\"><span class=\"icon-wrapper circle-yes\"><i class=\"fusion-li-icon fa-arrow-right fas\" aria-hidden=\"true\"><\/i><\/span><div class=\"fusion-li-item-content\">\n<p><a href=\"https:\/\/www.immerse-h2020.eu\/wp-content\/uploads\/2023\/11\/IMMERSE_National_Recommendations_ES.pdf\" target=\"_blank\" rel=\"noopener\">Document de recommandations nationales : Espagne<\/a><\/p>\n<\/div><\/li><\/ul><div class=\"fusion-text fusion-text-7\" style=\"--awb-text-color:#d1d1d1;\"><ul>\n<li><strong>Auteurs <\/strong>: Yoan Molinero Gerbeau \/ \u00c1ngela Ord\u00f3\u00f1ez Caraba\u00f1o \/ Elena Rodr\u00edguez-Ventosa Herrera \/ Eva Bajo Marcos \/ Inmaculada Serrano Sanguilinda<\/li>\n<li><strong>Organisation chef de file <\/strong>: IUEM COMILLAS<\/li>\n<\/ul>\n<\/div><div class=\"fusion-sep-clear\"><\/div><div class=\"fusion-separator fusion-full-width-sep\" style=\"margin-left: auto;margin-right: auto;margin-top:6px;margin-bottom:6px;width:100%;\"><div class=\"fusion-separator-border sep-double\" style=\"--awb-height:20px;--awb-amount:20px;border-color:#e0dede;border-top-width:0px;border-bottom-width:0px;\"><\/div><\/div><div class=\"fusion-sep-clear\"><\/div><ul style=\"--awb-size:20px;--awb-line-height:34px;--awb-icon-width:34px;--awb-icon-height:34px;--awb-icon-margin:14px;--awb-content-margin:48px;--awb-circlecolor:#70d19a;--awb-circle-yes-font-size:17.6px;\" class=\"fusion-checklist fusion-checklist-7 fusion-checklist-default type-icons\"><li class=\"fusion-li-item\" style=\"\"><span class=\"icon-wrapper circle-yes\"><i class=\"fusion-li-icon fa-arrow-right fas\" aria-hidden=\"true\"><\/i><\/span><div class=\"fusion-li-item-content\">\n<p><a href=\"https:\/\/www.immerse-h2020.eu\/wp-content\/uploads\/2023\/11\/IMMERSE_EU-level_Recommendations.pdf\" target=\"_blank\" rel=\"noopener\">Document de recommandations au niveau europ\u00e9en<\/a><\/p>\n<\/div><\/li><\/ul><div class=\"fusion-text fusion-text-8\" style=\"--awb-text-color:#d1d1d1;\"><ul>\n<li><strong>Auteurs <\/strong>: Valeria Fabretti \/ Mirco Gigliotti \/ Michela Lonardi<\/li>\n<li><strong>Organisation chef de file <\/strong>: Save the Children Italy<\/li>\n<\/ul>\n<\/div><\/div><\/div><div class=\"fusion-clearfix\"><\/div><\/div><\/div><\/div><\/div><\/p>\n","protected":false},"excerpt":{"rendered":"","protected":false},"author":1,"featured_media":0,"parent":0,"menu_order":0,"comment_status":"closed","ping_status":"closed","template":"100-width.php","meta":{"_acf_changed":false,"footnotes":""},"acf":[],"_links":{"self":[{"href":"https:\/\/www.immerse-h2020.eu\/fr\/wp-json\/wp\/v2\/pages\/623"}],"collection":[{"href":"https:\/\/www.immerse-h2020.eu\/fr\/wp-json\/wp\/v2\/pages"}],"about":[{"href":"https:\/\/www.immerse-h2020.eu\/fr\/wp-json\/wp\/v2\/types\/page"}],"author":[{"embeddable":true,"href":"https:\/\/www.immerse-h2020.eu\/fr\/wp-json\/wp\/v2\/users\/1"}],"replies":[{"embeddable":true,"href":"https:\/\/www.immerse-h2020.eu\/fr\/wp-json\/wp\/v2\/comments?post=623"}],"version-history":[{"count":6,"href":"https:\/\/www.immerse-h2020.eu\/fr\/wp-json\/wp\/v2\/pages\/623\/revisions"}],"predecessor-version":[{"id":3453,"href":"https:\/\/www.immerse-h2020.eu\/fr\/wp-json\/wp\/v2\/pages\/623\/revisions\/3453"}],"wp:attachment":[{"href":"https:\/\/www.immerse-h2020.eu\/fr\/wp-json\/wp\/v2\/media?parent=623"}],"curies":[{"name":"wp","href":"https:\/\/api.w.org\/{rel}","templated":true}]}}