{"id":631,"date":"2019-10-24T20:15:26","date_gmt":"2019-10-24T18:15:26","guid":{"rendered":"https:\/\/www.immerse-h2020.eu\/selection-et-creation-dun-tableau-de-bord-dindicateurs-dintegration-socio-educative\/"},"modified":"2023-12-13T10:12:13","modified_gmt":"2023-12-13T09:12:13","slug":"selection-et-creation-dun-tableau-de-bord-dindicateurs-dintegration-socio-educative","status":"publish","type":"page","link":"https:\/\/www.immerse-h2020.eu\/fr\/selection-et-creation-dun-tableau-de-bord-dindicateurs-dintegration-socio-educative\/","title":{"rendered":"S\u00e9lection et cr\u00e9ation d\u2019un tableau de bord d\u2019indicateurs d\u2019int\u00e9gration socio-\u00e9ducative"},"content":{"rendered":"<p><div class=\"fusion-fullwidth fullwidth-box fusion-builder-row-1 fusion-parallax-none nonhundred-percent-fullwidth non-hundred-percent-height-scrolling\" style=\"--awb-background-position:center bottom;--awb-border-radius-top-left:0px;--awb-border-radius-top-right:0px;--awb-border-radius-bottom-right:0px;--awb-border-radius-bottom-left:0px;--awb-background-image:url(&quot;https:\/\/www.immerse-h2020.eu\/wp-content\/uploads\/2019\/06\/11.jpg&quot;);--awb-background-size:cover;--awb-flex-wrap:wrap;\" ><div class=\"fusion-builder-row fusion-row\"><div class=\"fusion-layout-column fusion_builder_column fusion-builder-column-0 fusion_builder_column_2_3 2_3 fusion-two-third fusion-column-first\" style=\"--awb-bg-size:cover;width:66.666666666667%;width:calc(66.666666666667% - ( ( 4% ) * 0.66666666666667 ) );margin-right: 4%;\"><div class=\"fusion-column-wrapper fusion-column-has-shadow fusion-flex-column-wrapper-legacy\"><div class=\"fusion-sep-clear\"><\/div><div class=\"fusion-separator fusion-full-width-sep\" style=\"margin-left: auto;margin-right: auto;margin-top:180px;width:100%;\"><\/div><div class=\"fusion-sep-clear\"><\/div><div class=\"fusion-title title fusion-title-1 fusion-sep-none fusion-title-text fusion-title-size-one\" style=\"--awb-text-color:#ffffff;--awb-margin-bottom:0px;--awb-margin-bottom-small:0px;\"><h1 class=\"fusion-title-heading title-heading-left\" style=\"margin:0;\">S\u00e9lection et cr\u00e9ation d\u2019un tableau de bord d\u2019indicateurs d\u2019int\u00e9gration socio-\u00e9ducative<\/h1><\/div><div class=\"fusion-sep-clear\"><\/div><div class=\"fusion-separator fusion-full-width-sep\" style=\"margin-left: auto;margin-right: auto;margin-top:180px;width:100%;\"><\/div><div class=\"fusion-sep-clear\"><\/div><div class=\"fusion-clearfix\"><\/div><\/div><\/div><\/div><\/div><div class=\"fusion-fullwidth fullwidth-box fusion-builder-row-2 nonhundred-percent-fullwidth non-hundred-percent-height-scrolling fusion-equal-height-columns\" style=\"--awb-border-radius-top-left:0px;--awb-border-radius-top-right:0px;--awb-border-radius-bottom-right:0px;--awb-border-radius-bottom-left:0px;--awb-padding-top:60px;--awb-padding-bottom:10px;--awb-margin-bottom:0px;--awb-flex-wrap:wrap;\" ><div class=\"fusion-builder-row fusion-row\"><div class=\"fusion-layout-column fusion_builder_column fusion-builder-column-1 fusion_builder_column_2_3 2_3 fusion-two-third fusion-column-first fusion-column-no-min-height\" style=\"--awb-padding-bottom:0px;--awb-bg-size:cover;--awb-margin-bottom:0px;width:66.666666666667%;width:calc(66.666666666667% - ( ( 4% ) * 0.66666666666667 ) );margin-right: 4%;\"><div class=\"fusion-column-wrapper fusion-column-has-shadow fusion-flex-column-wrapper-legacy\"><div class=\"fusion-column-content-centered\"><div class=\"fusion-column-content\"><div class=\"fusion-text fusion-text-1 green_p\" style=\"--awb-content-alignment:justify;--awb-text-transform:none;\"><p>Le tableau de bord d&rsquo;indicateurs a \u00e9t\u00e9 d\u00e9velopp\u00e9 sur la base d&rsquo;une m\u00e9thode de cocr\u00e9ation regroupant les voix tant des enfants migrants et r\u00e9fugi\u00e9s, de leurs familles et des acteurs en contact \u00e9troit avec eux \u00e0 l&rsquo;\u00e9cole que des ONG et des d\u00e9cideurs. Nous nous appuyons de cette mani\u00e8re sur leur exp\u00e9rience directe pour illustrer une d\u00e9finition plus parlante de l&rsquo;int\u00e9gration.<\/p>\n<\/div><div class=\"fusion-text fusion-text-2 no_green_p\" style=\"--awb-content-alignment:justify;--awb-text-transform:none;\"><p>L&rsquo;objectif de cet outil vise \u00e0 unifier les crit\u00e8res dans la collecte de donn\u00e9es dans le cadre de l&rsquo;\u00e9tude des facteurs qui contribuent et d\u00e9terminent l&rsquo;int\u00e9gration socio-\u00e9ducative de ces enfants dans leurs soci\u00e9t\u00e9s d&rsquo;accueil en Europe. La synth\u00e8se de 30 indicateurs r\u00e9unit des aspects fondamentaux de trois niveaux d&rsquo;int\u00e9gration, \u00e0 savoir les niveaux micro (enfants et leurs familles), m\u00e9so (centres \u00e9ducatifs, communaut\u00e9 \u00e9ducative et quartiers) et macro (soci\u00e9t\u00e9 et institutions).<\/p>\n<p>Le tableau de bord final totalise 30 indicateurs\u00a0:\u00a0 14 pour les r\u00e9sultats d&rsquo;int\u00e9gration et 16 pour les \u00e9l\u00e9ments favorables et d\u00e9favorables des r\u00e9sultats d&rsquo;int\u00e9gration aux niveaux m\u00e9so et macro.<\/p>\n<\/div><\/div><\/div><div class=\"fusion-clearfix\"><\/div><\/div><\/div><\/div><\/div><div class=\"fusion-fullwidth fullwidth-box fusion-builder-row-3 imagenes_pdf nonhundred-percent-fullwidth non-hundred-percent-height-scrolling\" style=\"--awb-border-radius-top-left:0px;--awb-border-radius-top-right:0px;--awb-border-radius-bottom-right:0px;--awb-border-radius-bottom-left:0px;--awb-flex-wrap:wrap;\" ><div class=\"fusion-builder-row fusion-row\"><div class=\"fusion-layout-column fusion_builder_column fusion-builder-column-2 fusion_builder_column_2_3 2_3 fusion-two-third fusion-column-first\" style=\"--awb-bg-size:cover;width:66.666666666667%;width:calc(66.666666666667% - ( ( 4% ) * 0.66666666666667 ) );margin-right: 4%;\"><div class=\"fusion-column-wrapper fusion-column-has-shadow fusion-flex-column-wrapper-legacy\"><div class=\"fusion-text fusion-text-3 no_green_p\" style=\"--awb-content-alignment:justify;--awb-text-transform:none;\"><p>Les r\u00e9sultats d&rsquo;int\u00e9gration sont divis\u00e9s en 5 dimensions : 1) l&rsquo;acc\u00e8s aux droits, 2) le langage et la culture, 3) le bien-\u00eatre, 4) la connectivit\u00e9 et 5) la r\u00e9ussite scolaire.<\/p>\n<\/div><div class=\"fusion-image-element in-legacy-container\" style=\"--awb-caption-title-font-family:var(--h2_typography-font-family);--awb-caption-title-font-weight:var(--h2_typography-font-weight);--awb-caption-title-font-style:var(--h2_typography-font-style);--awb-caption-title-size:var(--h2_typography-font-size);--awb-caption-title-transform:var(--h2_typography-text-transform);--awb-caption-title-line-height:var(--h2_typography-line-height);--awb-caption-title-letter-spacing:var(--h2_typography-letter-spacing);\"><span class=\" fusion-imageframe imageframe-none imageframe-1 hover-type-none\"><img decoding=\"async\" width=\"1793\" height=\"1362\" title=\"IR_01_EN_OK\" src=\"https:\/\/www.immerse-h2020.eu\/wp-content\/uploads\/2021\/10\/01_Rev-1.jpg\" alt class=\"img-responsive wp-image-1466\" srcset=\"https:\/\/www.immerse-h2020.eu\/wp-content\/uploads\/2021\/10\/01_Rev-1-200x152.jpg 200w, https:\/\/www.immerse-h2020.eu\/wp-content\/uploads\/2021\/10\/01_Rev-1-400x304.jpg 400w, https:\/\/www.immerse-h2020.eu\/wp-content\/uploads\/2021\/10\/01_Rev-1-600x456.jpg 600w, https:\/\/www.immerse-h2020.eu\/wp-content\/uploads\/2021\/10\/01_Rev-1-800x608.jpg 800w, https:\/\/www.immerse-h2020.eu\/wp-content\/uploads\/2021\/10\/01_Rev-1-1200x912.jpg 1200w, https:\/\/www.immerse-h2020.eu\/wp-content\/uploads\/2021\/10\/01_Rev-1.jpg 1793w\" sizes=\"(max-width: 800px) 100vw, 800px\" \/><\/span><\/div><div class=\"fusion-image-element in-legacy-container\" style=\"--awb-caption-title-font-family:var(--h2_typography-font-family);--awb-caption-title-font-weight:var(--h2_typography-font-weight);--awb-caption-title-font-style:var(--h2_typography-font-style);--awb-caption-title-size:var(--h2_typography-font-size);--awb-caption-title-transform:var(--h2_typography-text-transform);--awb-caption-title-line-height:var(--h2_typography-line-height);--awb-caption-title-letter-spacing:var(--h2_typography-letter-spacing);\"><span class=\" fusion-imageframe imageframe-none imageframe-2 hover-type-none\"><img decoding=\"async\" width=\"1801\" height=\"1589\" title=\"IR_02_EN\" src=\"https:\/\/www.immerse-h2020.eu\/wp-content\/uploads\/2021\/10\/02.jpg\" alt class=\"img-responsive wp-image-1375\" srcset=\"https:\/\/www.immerse-h2020.eu\/wp-content\/uploads\/2021\/10\/02-200x176.jpg 200w, https:\/\/www.immerse-h2020.eu\/wp-content\/uploads\/2021\/10\/02-400x353.jpg 400w, https:\/\/www.immerse-h2020.eu\/wp-content\/uploads\/2021\/10\/02-600x529.jpg 600w, https:\/\/www.immerse-h2020.eu\/wp-content\/uploads\/2021\/10\/02-800x706.jpg 800w, https:\/\/www.immerse-h2020.eu\/wp-content\/uploads\/2021\/10\/02-1200x1059.jpg 1200w, https:\/\/www.immerse-h2020.eu\/wp-content\/uploads\/2021\/10\/02.jpg 1801w\" sizes=\"(max-width: 800px) 100vw, 800px\" \/><\/span><\/div><div class=\"fusion-clearfix\"><\/div><\/div><\/div><\/div><\/div><div class=\"fusion-fullwidth fullwidth-box fusion-builder-row-4 imagenes_pdf nonhundred-percent-fullwidth non-hundred-percent-height-scrolling\" style=\"--awb-border-radius-top-left:0px;--awb-border-radius-top-right:0px;--awb-border-radius-bottom-right:0px;--awb-border-radius-bottom-left:0px;--awb-flex-wrap:wrap;\" ><div class=\"fusion-builder-row fusion-row\"><div class=\"fusion-layout-column fusion_builder_column fusion-builder-column-3 fusion_builder_column_2_3 2_3 fusion-two-third fusion-column-first\" style=\"--awb-bg-size:cover;width:66.666666666667%;width:calc(66.666666666667% - ( ( 4% ) * 0.66666666666667 ) );margin-right: 4%;\"><div class=\"fusion-column-wrapper fusion-column-has-shadow fusion-flex-column-wrapper-legacy\"><div class=\"fusion-text fusion-text-4 no_green_p\" style=\"--awb-content-alignment:justify;--awb-text-transform:none;\"><p>Les \u00e9l\u00e9ments favorables et d\u00e9favorables sont li\u00e9s\u00a0; 1) aux dirigeants politiques, 2) \u00e0 la s\u00e9gr\u00e9gation scolaire, 3) au soutien \u00e0 l&rsquo;apprentissage, 4) aux services de sant\u00e9 mentale, 5) aux comportements n\u00e9gatifs, 6) \u00e0 l&rsquo;organisation scolaire et aux enseignants.<\/p>\n<\/div><div class=\"fusion-image-element in-legacy-container\" style=\"--awb-caption-title-font-family:var(--h2_typography-font-family);--awb-caption-title-font-weight:var(--h2_typography-font-weight);--awb-caption-title-font-style:var(--h2_typography-font-style);--awb-caption-title-size:var(--h2_typography-font-size);--awb-caption-title-transform:var(--h2_typography-text-transform);--awb-caption-title-line-height:var(--h2_typography-line-height);--awb-caption-title-letter-spacing:var(--h2_typography-letter-spacing);\"><span class=\" fusion-imageframe imageframe-none imageframe-3 hover-type-none\"><img decoding=\"async\" width=\"1783\" height=\"1808\" title=\"BF_01_EN_OK\" src=\"https:\/\/www.immerse-h2020.eu\/wp-content\/uploads\/2021\/10\/03_Rev.jpg\" alt class=\"img-responsive wp-image-1392\" srcset=\"https:\/\/www.immerse-h2020.eu\/wp-content\/uploads\/2021\/10\/03_Rev-200x203.jpg 200w, https:\/\/www.immerse-h2020.eu\/wp-content\/uploads\/2021\/10\/03_Rev-400x406.jpg 400w, https:\/\/www.immerse-h2020.eu\/wp-content\/uploads\/2021\/10\/03_Rev-600x608.jpg 600w, https:\/\/www.immerse-h2020.eu\/wp-content\/uploads\/2021\/10\/03_Rev-800x811.jpg 800w, https:\/\/www.immerse-h2020.eu\/wp-content\/uploads\/2021\/10\/03_Rev-1200x1217.jpg 1200w, https:\/\/www.immerse-h2020.eu\/wp-content\/uploads\/2021\/10\/03_Rev.jpg 1783w\" sizes=\"(max-width: 800px) 100vw, 800px\" \/><\/span><\/div><div class=\"fusion-image-element in-legacy-container\" style=\"--awb-caption-title-font-family:var(--h2_typography-font-family);--awb-caption-title-font-weight:var(--h2_typography-font-weight);--awb-caption-title-font-style:var(--h2_typography-font-style);--awb-caption-title-size:var(--h2_typography-font-size);--awb-caption-title-transform:var(--h2_typography-text-transform);--awb-caption-title-line-height:var(--h2_typography-line-height);--awb-caption-title-letter-spacing:var(--h2_typography-letter-spacing);\"><span class=\" fusion-imageframe imageframe-none imageframe-4 hover-type-none\"><img decoding=\"async\" width=\"1775\" height=\"1304\" title=\"BF_02_EN\" src=\"https:\/\/www.immerse-h2020.eu\/wp-content\/uploads\/2021\/10\/04.jpg\" alt class=\"img-responsive wp-image-1377\" srcset=\"https:\/\/www.immerse-h2020.eu\/wp-content\/uploads\/2021\/10\/04-200x147.jpg 200w, https:\/\/www.immerse-h2020.eu\/wp-content\/uploads\/2021\/10\/04-400x294.jpg 400w, https:\/\/www.immerse-h2020.eu\/wp-content\/uploads\/2021\/10\/04-600x441.jpg 600w, https:\/\/www.immerse-h2020.eu\/wp-content\/uploads\/2021\/10\/04-800x588.jpg 800w, https:\/\/www.immerse-h2020.eu\/wp-content\/uploads\/2021\/10\/04-1200x882.jpg 1200w, https:\/\/www.immerse-h2020.eu\/wp-content\/uploads\/2021\/10\/04.jpg 1775w\" sizes=\"(max-width: 800px) 100vw, 800px\" \/><\/span><\/div><div class=\"fusion-text fusion-text-5\"><p style=\"text-align: center;\">(LCP : L\u00e9gislation et conditionnement pratique&#8230;)<br \/>\n(LRR : L\u00e9galisation, recommandations et ressources d\u00e9di\u00e9es \u00e0&#8230;)<\/p>\n<\/div><div class=\"fusion-clearfix\"><\/div><\/div><\/div><\/div><\/div><div class=\"fusion-fullwidth fullwidth-box fusion-builder-row-5 imagenes_pdf nonhundred-percent-fullwidth non-hundred-percent-height-scrolling\" style=\"--awb-border-radius-top-left:0px;--awb-border-radius-top-right:0px;--awb-border-radius-bottom-right:0px;--awb-border-radius-bottom-left:0px;--awb-flex-wrap:wrap;\" ><div class=\"fusion-builder-row fusion-row\"><div class=\"fusion-layout-column fusion_builder_column fusion-builder-column-4 fusion_builder_column_2_3 2_3 fusion-two-third fusion-column-first\" style=\"--awb-bg-size:cover;width:66.666666666667%;width:calc(66.666666666667% - ( ( 4% ) * 0.66666666666667 ) );margin-right: 4%;\"><div class=\"fusion-column-wrapper fusion-column-has-shadow fusion-flex-column-wrapper-legacy\"><div class=\"fusion-text fusion-text-6 no_green_p\" style=\"--awb-content-alignment:justify;--awb-text-transform:none;\"><p>Des mesures empiriques ont \u00e9t\u00e9 d\u00e9finies pour les 30 indicateurs, dont le contenu a \u00e9t\u00e9 valid\u00e9 par des experts dans les domaines de la migration, de l&rsquo;\u00e9ducation et de l&rsquo;int\u00e9gration, et qui ont \u00e9galement \u00e9t\u00e9 valid\u00e9s \u00e9cologiquement par des enfants, des \u00e9ducateurs, des autorit\u00e9s publiques et des d\u00e9cideurs politiques aux niveaux local, r\u00e9gional et national. Ensuite, les donn\u00e9es n\u00e9cessaires ont \u00e9t\u00e9 collect\u00e9es aupr\u00e8s de plus de 24 000 enfants, enseignants et directeurs dans plus de 400 \u00e9coles et environnements \u00e9ducatifs dans les six pays europ\u00e9ens d&rsquo;IMMERSE (Belgique, Allemagne, Gr\u00e8ce, Irlande, Italie et Espagne) ou extraites de sources bien connues telles que <a id=\"m_-4884570650875835228OWA3a0eb015-6137-2782-a938-051a10e5fc16\" title=\"Direcci\u00f3n URL original: https:\/\/www.mipex.eu\/. Haga clic o pulse si conf\u00eda en este v\u00ednculo.\" href=\"https:\/\/www.mipex.eu\/\" target=\"_blank\" rel=\"noopener noreferrer\">MIPEX<\/a>,\u00a0<a id=\"m_-4884570650875835228OWA485de3b0-be57-aea1-b6b2-bc741a6ca64a\" title=\"Direcci\u00f3n URL original: https:\/\/www.oecd.org\/pisa\/aboutpisa\/. Haga clic o pulse si conf\u00eda en este v\u00ednculo.\" href=\"https:\/\/www.oecd.org\/pisa\/aboutpisa\/\" target=\"_blank\" rel=\"noopener noreferrer\">PISA<\/a>,\u00a0<a id=\"m_-4884570650875835228OWA1a2c6057-f7f0-aa46-0393-ab292f02fc25\" title=\"Direcci\u00f3n URL original: https:\/\/www.oecd.org\/skills\/piaac\/. Haga clic o pulse si conf\u00eda en este v\u00ednculo.\" href=\"https:\/\/www.oecd.org\/skills\/piaac\/\" target=\"_blank\" rel=\"noopener noreferrer\">PIAAC<\/a> et <a id=\"m_-4884570650875835228OWAb6aa3b10-7855-72bf-2d1e-4e64e5f73f6d\" title=\"Direcci\u00f3n URL original: https:\/\/eurydice.eacea.ec.europa.eu\/. Haga clic o pulse si conf\u00eda en este v\u00ednculo.\" href=\"https:\/\/eurydice.eacea.ec.europa.eu\/\" target=\"_blank\" rel=\"noopener noreferrer\">Eurydice<\/a>.<\/p>\n<p>Les r\u00e9sultats pour les 30 indicateurs sont disponibles dans la section \u00ab\u00a0Communaut\u00e9\u00a0\u00bb du site web sous \u00ab\u00a0<a href=\"https:\/\/www.immerse-h2020.eu\/fr\/tableau-de-bord-immerse-dindicateurs-dintegration-des-enfants-refugies-et-migrants\/\">Tableau de bord des indicateurs d&rsquo;int\u00e9gration socio-\u00e9ducative<\/a>\u00ab\u00a0. Cet outil affiche les indicateurs \u00e0 travers une interface interactive qui permet aux utilisateurs de voir comment les combinaisons des diff\u00e9rentes caract\u00e9ristiques des enfants migrants et r\u00e9fugi\u00e9s et de leurs contextes modifient la performance de chaque indicateur.<\/p>\n<\/div><div class=\"fusion-clearfix\"><\/div><\/div><\/div><\/div><\/div><\/p>\n","protected":false},"excerpt":{"rendered":"","protected":false},"author":1,"featured_media":0,"parent":0,"menu_order":0,"comment_status":"closed","ping_status":"closed","template":"100-width.php","meta":{"_acf_changed":false,"footnotes":""},"acf":[],"_links":{"self":[{"href":"https:\/\/www.immerse-h2020.eu\/fr\/wp-json\/wp\/v2\/pages\/631"}],"collection":[{"href":"https:\/\/www.immerse-h2020.eu\/fr\/wp-json\/wp\/v2\/pages"}],"about":[{"href":"https:\/\/www.immerse-h2020.eu\/fr\/wp-json\/wp\/v2\/types\/page"}],"author":[{"embeddable":true,"href":"https:\/\/www.immerse-h2020.eu\/fr\/wp-json\/wp\/v2\/users\/1"}],"replies":[{"embeddable":true,"href":"https:\/\/www.immerse-h2020.eu\/fr\/wp-json\/wp\/v2\/comments?post=631"}],"version-history":[{"count":10,"href":"https:\/\/www.immerse-h2020.eu\/fr\/wp-json\/wp\/v2\/pages\/631\/revisions"}],"predecessor-version":[{"id":3912,"href":"https:\/\/www.immerse-h2020.eu\/fr\/wp-json\/wp\/v2\/pages\/631\/revisions\/3912"}],"wp:attachment":[{"href":"https:\/\/www.immerse-h2020.eu\/fr\/wp-json\/wp\/v2\/media?parent=631"}],"curies":[{"name":"wp","href":"https:\/\/api.w.org\/{rel}","templated":true}]}}