{"id":574,"date":"2019-10-23T13:41:33","date_gmt":"2019-10-23T11:41:33","guid":{"rendered":"https:\/\/www.immerse-h2020.eu\/obiettivi\/"},"modified":"2019-10-23T13:41:34","modified_gmt":"2019-10-23T11:41:34","slug":"obiettivi","status":"publish","type":"page","link":"https:\/\/www.immerse-h2020.eu\/it\/obiettivi\/","title":{"rendered":"Obiettivi"},"content":{"rendered":"<p><div class=\"fusion-fullwidth fullwidth-box fusion-builder-row-1 fusion-parallax-none nonhundred-percent-fullwidth non-hundred-percent-height-scrolling\" style=\"--awb-background-position:center bottom;--awb-border-radius-top-left:0px;--awb-border-radius-top-right:0px;--awb-border-radius-bottom-right:0px;--awb-border-radius-bottom-left:0px;--awb-background-image:url(&quot;https:\/\/www.immerse-h2020.eu\/wp-content\/uploads\/2019\/06\/4.jpg&quot;);--awb-background-size:cover;--awb-flex-wrap:wrap;\" ><div class=\"fusion-builder-row fusion-row\"><div class=\"fusion-layout-column fusion_builder_column fusion-builder-column-0 fusion_builder_column_1_1 1_1 fusion-one-full fusion-column-first fusion-column-last\" style=\"--awb-bg-size:cover;\"><div class=\"fusion-column-wrapper fusion-column-has-shadow fusion-flex-column-wrapper-legacy\"><div class=\"fusion-sep-clear\"><\/div><div class=\"fusion-separator fusion-full-width-sep\" style=\"margin-left: auto;margin-right: auto;margin-top:180px;width:100%;\"><\/div><div class=\"fusion-sep-clear\"><\/div><div class=\"fusion-title title fusion-title-1 fusion-sep-none fusion-title-text fusion-title-size-one\" style=\"--awb-text-color:#ffffff;--awb-margin-bottom:0px;--awb-margin-bottom-small:0px;\"><h1 class=\"fusion-title-heading title-heading-left\" style=\"margin:0;\">Obiettivi<\/h1><\/div><div class=\"fusion-sep-clear\"><\/div><div class=\"fusion-separator fusion-full-width-sep\" style=\"margin-left: auto;margin-right: auto;margin-top:180px;width:100%;\"><\/div><div class=\"fusion-sep-clear\"><\/div><div class=\"fusion-clearfix\"><\/div><\/div><\/div><\/div><\/div><div class=\"fusion-fullwidth fullwidth-box fusion-builder-row-2 nonhundred-percent-fullwidth non-hundred-percent-height-scrolling fusion-equal-height-columns\" style=\"--awb-border-radius-top-left:0px;--awb-border-radius-top-right:0px;--awb-border-radius-bottom-right:0px;--awb-border-radius-bottom-left:0px;--awb-padding-top:60px;--awb-padding-bottom:10px;--awb-margin-bottom:0px;--awb-flex-wrap:wrap;\" ><div class=\"fusion-builder-row fusion-row\"><div class=\"fusion-layout-column fusion_builder_column fusion-builder-column-1 fusion_builder_column_1_2 1_2 fusion-one-half fusion-column-first fusion-column-no-min-height fusion-animated\" style=\"--awb-padding-bottom:0px;--awb-bg-size:cover;--awb-margin-bottom:0px;width:50%;width:calc(50% - ( ( 4% ) * 0.5 ) );margin-right: 4%;\" data-animationType=\"fadeInDown\" data-animationDuration=\"0.7\" data-animationOffset=\"top-into-view\"><div class=\"fusion-column-wrapper fusion-column-has-shadow fusion-flex-column-wrapper-legacy\"><div class=\"fusion-column-content-centered\"><div class=\"fusion-column-content\"><div class=\"fusion-title title fusion-title-2 fusion-sep-none fusion-title-text fusion-title-size-two\"><h2 class=\"fusion-title-heading title-heading-left\" style=\"margin:0;\">OBIETTIVO PRINCIPALE<\/h2><\/div><div class=\"fusion-text fusion-text-1\"><p>IMMERSE mira a migliorare l&#8217;inclusione socio-educativa dei minorenni rifugiati e migranti in Europa al fine di favorire la costruzione di societ\u00e0 inclusive e coese.<\/p>\n<p>L\u2019obiettivo principale di IMMERSE consiste nel creare una nuova metodologia integrata per generare e monitorare dati quantitativi e qualitativi e nello sviluppo di raccomandazioni per l\u2019integrazione e l\u2019inclusione sociale e scolastica dei minorenni rifugiati e migranti in Europa.<\/p>\n<p>IMMERSE mira a integrare tutti gli stakeholder (i minorenni e le loro famiglie, ricercatori, ONG, decisori politici, educatori, scuole o altri contesti di apprendimento ed esperienziali) nella co-creazione e convalida di una dashboard di indicatori. Come risultato, si avranno dei dati che meglio riflettono le esigenze e le aspettative particolari degli stakeholder.<\/p>\n<p>I ricercatori di IMMERSE raccoglieranno e monitoreranno i dati relativi agli indicatori selezionati da bambini e ragazzi di et\u00e0 compresa tra 6 e 18 anni in 6 Paesi europei: Belgio, Germania, Grecia, Irlanda, Italia e Spagna. IMMERSE svilupper\u00e0 una soluzione innovativa e supportata a livello informatico per eseguire la raccolta dei dati (piattaforma di onboarding) e la visualizzazione e l&#8217;analisi dei dati (dashboard di indicatori).<\/p>\n<\/div><\/div><\/div><div class=\"fusion-clearfix\"><\/div><\/div><\/div><div class=\"fusion-layout-column fusion_builder_column fusion-builder-column-2 fusion_builder_column_1_2 1_2 fusion-one-half fusion-column-last fusion-animated\" style=\"--awb-bg-size:cover;width:50%;width:calc(50% - ( ( 4% ) * 0.5 ) );\" data-animationType=\"fadeInDown\" data-animationDuration=\"1.0\" data-animationOffset=\"top-mid-of-view\"><div class=\"fusion-column-wrapper fusion-column-has-shadow fusion-flex-column-wrapper-legacy\"><div class=\"fusion-column-content-centered\"><div class=\"fusion-column-content\"><div class=\"fusion-image-element in-legacy-container\" style=\"--awb-caption-title-font-family:var(--h2_typography-font-family);--awb-caption-title-font-weight:var(--h2_typography-font-weight);--awb-caption-title-font-style:var(--h2_typography-font-style);--awb-caption-title-size:var(--h2_typography-font-size);--awb-caption-title-transform:var(--h2_typography-text-transform);--awb-caption-title-line-height:var(--h2_typography-line-height);--awb-caption-title-letter-spacing:var(--h2_typography-letter-spacing);\"><span class=\" fusion-imageframe imageframe-none imageframe-1 hover-type-zoomin\"><a href=\"https:\/\/www.immerse-h2020.eu\/wp-content\/uploads\/2019\/06\/infografia.png\" class=\"fusion-lightbox\" data-rel=\"iLightbox[a29f9b3d6a0c72bd187]\" data-title=\"infografia\" title=\"infografia\"><img decoding=\"async\" width=\"2000\" height=\"2213\" src=\"https:\/\/www.immerse-h2020.eu\/wp-content\/uploads\/2019\/06\/infografia.png\" alt class=\"img-responsive wp-image-225\" srcset=\"https:\/\/www.immerse-h2020.eu\/wp-content\/uploads\/2019\/06\/infografia-200x221.png 200w, https:\/\/www.immerse-h2020.eu\/wp-content\/uploads\/2019\/06\/infografia-400x443.png 400w, https:\/\/www.immerse-h2020.eu\/wp-content\/uploads\/2019\/06\/infografia-600x664.png 600w, https:\/\/www.immerse-h2020.eu\/wp-content\/uploads\/2019\/06\/infografia-800x885.png 800w, https:\/\/www.immerse-h2020.eu\/wp-content\/uploads\/2019\/06\/infografia-1200x1328.png 1200w, https:\/\/www.immerse-h2020.eu\/wp-content\/uploads\/2019\/06\/infografia.png 2000w\" sizes=\"(max-width: 800px) 100vw, 600px\" \/><\/a><\/span><\/div><\/div><\/div><div class=\"fusion-clearfix\"><\/div><\/div><\/div><\/div><\/div><div class=\"fusion-fullwidth fullwidth-box fusion-builder-row-3 fusion-parallax-none nonhundred-percent-fullwidth non-hundred-percent-height-scrolling fusion-equal-height-columns\" style=\"--awb-background-position:right bottom;--awb-border-radius-top-left:0px;--awb-border-radius-top-right:0px;--awb-border-radius-bottom-right:0px;--awb-border-radius-bottom-left:0px;--awb-padding-top:20px;--awb-padding-bottom:40px;--awb-background-image:url(&quot;https:\/\/www.immerse-h2020.eu\/wp-content\/uploads\/2019\/06\/2.png&quot;);--awb-background-size:cover;--awb-flex-wrap:wrap;\" ><div class=\"fusion-builder-row fusion-row\"><div class=\"fusion-layout-column fusion_builder_column fusion-builder-column-3 fusion_builder_column_2_3 2_3 fusion-two-third fusion-column-first fusion-column-no-min-height fusion-animated\" style=\"--awb-bg-size:cover;--awb-margin-bottom:220px;width:66.666666666667%;width:calc(66.666666666667% - ( ( 4% ) * 0.66666666666667 ) );margin-right: 4%;\" data-animationType=\"fadeInDown\" data-animationDuration=\"0.9\" data-animationOffset=\"top-mid-of-view\"><div class=\"fusion-column-wrapper fusion-column-has-shadow fusion-flex-column-wrapper-legacy\"><div class=\"fusion-title title fusion-title-3 fusion-sep-none fusion-title-text fusion-title-size-two\" style=\"--awb-text-color:#70d19a;\"><h2 class=\"fusion-title-heading title-heading-left\" style=\"margin:0;\">OBIETTIVI SPECIFICI<\/h2><\/div><div class=\"fusion-text fusion-text-2\"><ol class=\"lista\">\n<li class=\"one\">Ascoltare e includere le voci dei minorenni rifugiati e migranti, tenere conto delle loro esperienze e progettare sistemi di integrazione socio-educativa pi\u00f9 appropriati cos\u00ec da potenziare le loro capacit\u00e0 e benessere in generale.<\/li>\n<li class=\"two\">Individuare i principali parametri e indicatori che influenzano l&#8217;integrazione socio-educativa dei minorenni migranti, un elemento fondamentale da considerare al fine di migliorare sia l&#8217;integrazione dei minorenni migranti e rifugiati che la preparazione della societ\u00e0 ospitante.<\/li>\n<li class=\"three\">Beneficiare delle attuali fonti di informazione e dei sistemi di analisi dei dati relativi ai minorenni rifugiati e migranti per migliorare e offrire una sempre maggiore visibilit\u00e0 dei parametri che stimolano e supportano la riuscita della loro integrazione nelle societ\u00e0 ospitanti.<\/li>\n<li class=\"four\">Raccogliere e monitorare i dati relativi all&#8217;integrazione di minorenni rifugiati e migranti nei contesti di apprendimento e nei centri di accoglienza dei migranti in 6 Paesi europei.<\/li>\n<li class=\"five\">Sostenere l&#8217;attivit\u00e0 dell&#8217;UE, dei suoi Stati membri, delle ONG e di altre associazioni che lavorano sull&#8217;integrazione dei minorenni rifugiati e migranti facilitando l&#8217;accesso a dati attendibili, raccomandazioni e buone pratiche.<\/li>\n<li class=\"six\">Accrescere la consapevolezza di cosa significhi l&#8217;integrazione per l&#8217;Unione europea e per i minorenni rifugiati e migranti, dimostrare come le scuole e altri ambienti educativi ed esperienziali possono effettivamente contribuire a migliorare la loro integrazione sociale e sostenere lo sviluppo delle societ\u00e0 interculturali.<\/li>\n<li class=\"seven\">Incoraggiare i decisori politici, la scuola e altri contesti di apprendimento ed esperienziali ad agire per garantire l&#8217;accesso ai programmi di integrazione dei minorenni rifugiati e migranti.<\/li>\n<\/ol>\n<\/div><div class=\"fusion-clearfix\"><\/div><\/div><\/div><div class=\"fusion-layout-column fusion_builder_column fusion-builder-column-4 fusion_builder_column_1_3 1_3 fusion-one-third fusion-column-last fusion-column-no-min-height\" style=\"--awb-bg-size:cover;width:33.333333333333%;width:calc(33.333333333333% - ( ( 4% ) * 0.33333333333333 ) );\"><div class=\"fusion-column-wrapper fusion-column-has-shadow fusion-flex-column-wrapper-legacy\"><div class=\"fusion-clearfix\"><\/div><\/div><\/div><\/div><\/div><\/p>\n","protected":false},"excerpt":{"rendered":"","protected":false},"author":1,"featured_media":0,"parent":0,"menu_order":0,"comment_status":"closed","ping_status":"closed","template":"100-width.php","meta":{"_acf_changed":false,"footnotes":""},"acf":[],"_links":{"self":[{"href":"https:\/\/www.immerse-h2020.eu\/it\/wp-json\/wp\/v2\/pages\/574"}],"collection":[{"href":"https:\/\/www.immerse-h2020.eu\/it\/wp-json\/wp\/v2\/pages"}],"about":[{"href":"https:\/\/www.immerse-h2020.eu\/it\/wp-json\/wp\/v2\/types\/page"}],"author":[{"embeddable":true,"href":"https:\/\/www.immerse-h2020.eu\/it\/wp-json\/wp\/v2\/users\/1"}],"replies":[{"embeddable":true,"href":"https:\/\/www.immerse-h2020.eu\/it\/wp-json\/wp\/v2\/comments?post=574"}],"version-history":[{"count":1,"href":"https:\/\/www.immerse-h2020.eu\/it\/wp-json\/wp\/v2\/pages\/574\/revisions"}],"predecessor-version":[{"id":575,"href":"https:\/\/www.immerse-h2020.eu\/it\/wp-json\/wp\/v2\/pages\/574\/revisions\/575"}],"wp:attachment":[{"href":"https:\/\/www.immerse-h2020.eu\/it\/wp-json\/wp\/v2\/media?parent=574"}],"curies":[{"name":"wp","href":"https:\/\/api.w.org\/{rel}","templated":true}]}}