{"id":578,"date":"2019-10-23T13:44:08","date_gmt":"2019-10-23T11:44:08","guid":{"rendered":"https:\/\/www.immerse-h2020.eu\/piattaforma-online-per-la-raccolta-dati\/"},"modified":"2023-12-06T08:20:09","modified_gmt":"2023-12-06T07:20:09","slug":"piattaforma-online-per-la-raccolta-dati","status":"publish","type":"page","link":"https:\/\/www.immerse-h2020.eu\/it\/piattaforma-online-per-la-raccolta-dati\/","title":{"rendered":"IMMERSE Sondaggio Raccolta dati"},"content":{"rendered":"<p><div class=\"fusion-fullwidth fullwidth-box fusion-builder-row-1 fusion-parallax-none nonhundred-percent-fullwidth non-hundred-percent-height-scrolling\" style=\"--awb-background-position:center bottom;--awb-border-radius-top-left:0px;--awb-border-radius-top-right:0px;--awb-border-radius-bottom-right:0px;--awb-border-radius-bottom-left:0px;--awb-background-image:url(&quot;https:\/\/www.immerse-h2020.eu\/wp-content\/uploads\/2019\/06\/2.jpg&quot;);--awb-background-size:cover;--awb-flex-wrap:wrap;\" ><div class=\"fusion-builder-row fusion-row\"><div class=\"fusion-layout-column fusion_builder_column fusion-builder-column-0 fusion_builder_column_1_1 1_1 fusion-one-full fusion-column-first fusion-column-last\" style=\"--awb-bg-size:cover;\"><div class=\"fusion-column-wrapper fusion-column-has-shadow fusion-flex-column-wrapper-legacy\"><div class=\"fusion-sep-clear\"><\/div><div class=\"fusion-separator fusion-full-width-sep\" style=\"margin-left: auto;margin-right: auto;margin-top:180px;width:100%;\"><\/div><div class=\"fusion-sep-clear\"><\/div><div class=\"fusion-title title fusion-title-1 fusion-sep-none fusion-title-text fusion-title-size-one\" style=\"--awb-text-color:#ffffff;--awb-margin-bottom:0px;--awb-margin-bottom-small:0px;\"><h1 class=\"fusion-title-heading title-heading-left\" style=\"margin:0;\">IMMERSE Sondaggio Raccolta dati<\/h1><\/div><div class=\"fusion-sep-clear\"><\/div><div class=\"fusion-separator fusion-full-width-sep\" style=\"margin-left: auto;margin-right: auto;margin-top:180px;width:100%;\"><\/div><div class=\"fusion-sep-clear\"><\/div><div class=\"fusion-clearfix\"><\/div><\/div><\/div><\/div><\/div><div class=\"fusion-fullwidth fullwidth-box fusion-builder-row-2 nonhundred-percent-fullwidth non-hundred-percent-height-scrolling fusion-equal-height-columns\" style=\"--awb-border-radius-top-left:0px;--awb-border-radius-top-right:0px;--awb-border-radius-bottom-right:0px;--awb-border-radius-bottom-left:0px;--awb-padding-top:60px;--awb-padding-bottom:10px;--awb-margin-bottom:0px;--awb-flex-wrap:wrap;\" ><div class=\"fusion-builder-row fusion-row\"><div class=\"fusion-layout-column fusion_builder_column fusion-builder-column-1 fusion_builder_column_1_1 1_1 fusion-one-full fusion-column-first fusion-column-last fusion-column-no-min-height\" style=\"--awb-padding-bottom:0px;--awb-bg-size:cover;--awb-margin-bottom:0px;\"><div class=\"fusion-column-wrapper fusion-column-has-shadow fusion-flex-column-wrapper-legacy\"><div class=\"fusion-column-content-centered\"><div class=\"fusion-column-content\"><div class=\"fusion-text fusion-text-1 green_p\"><p><strong>IMMERSE Sondaggio<\/strong><\/p>\n<\/div><div class=\"fusion-text fusion-text-2\" style=\"--awb-font-size:18px;\"><p>La <strong>raccolta dei dati del sondaggio<\/strong> \u00e8 stata condotta tra giugno 2021 e giugno 2023 in un totale di 406 siti con oltre 24.000 bambini, quasi il 60% (13.345) dei quali proviene da un contesto di migranti e rifugiati. L\u2019indagine ha coinvolto anche presidi, insegnanti e genitori. Questa indagine transnazionale su larga scala intende fornire un\u2019immagine rappresentativa della realt\u00e0 europea sull\u2019integrazione dei bambini rifugiati e migranti concentrandosi su sei paesi (Belgio, Germania, Grecia, Irlanda, Italia e Spagna) che rappresentano i diversi contesti migratori europei.<\/p>\n<p>I <strong>questionari<\/strong> dell\u2019indagine sono stati appositamente progettati per raccogliere dati per la <a href=\"https:\/\/www.immerse-h2020.eu\/it\/la-dashboard-immerse-di-indicatori-sullintegrazione-dei-minorenni-rifugiati-e-migranti\/\">dashboard di indicatori IMMERSE<\/a>, una nuova serie di indicatori sui risultati dell\u2019integrazione dei bambini, sulle barriere e sugli elementi facilitatori, che \u00e8 stata co-creata con i bambini e le parti interessate nel primo anno del progetto. I questionari catturano anche altre variabili e dati demografici rilevanti per consentire un&#8217;analisi approfondita degli indicatori della dashboard. I questionari sono stati adattati per raccogliere dati dai bambini in et\u00e0 scolare, progettando due diversi strumenti: uno adatto ai bambini piccoli (7-9 anni) e uno adatto ai bambini pi\u00f9 grandi (10-18 anni). Gli strumenti sono stati tradotti in 15 lingue (olandese, inglese, francese, tedesco, greco, italiano, spagnolo e arabo, farsi, rumeno, cinese, urdu, somalo, russo e ucraino). Gli elementi e la progettazione del sondaggio sono stati co-creati e convalidati dai bambini e da altri stakeholders.<\/p>\n<p>La <strong>raccolta dei dati<\/strong> si \u00e8 concentrata sulle scuole primarie e secondarie in regioni selezionate dei sei paesi, ed \u00e8 stata integrata dalla raccolta di dati in altri ambienti, come i centri di accoglienza, con l&#8217;obiettivo di includere le popolazioni pi\u00f9 vulnerabili e difficili da raggiungere, come i minori non accompagnati e i richiedenti asilo. L&#8217;implementazione sul campo \u00e8 stata aiutata dallo sviluppo di un sistema di raccolta dati digitale (oltre che con i tradizionali backup in carta e penna) in grado di riunire pi\u00f9 filoni di dati. La raccolta dei dati ha coinciso con l\u2019epidemia di COVID-19 e con altri eventi di grande impatto come la crisi dei rifugiati seguita alla crisi ucraina del 2022, che si sono aggiunte alle sfide legate alla raccolta dati sui bambini migranti in uno scenario socio-politico in continua evoluzione.<\/p>\n<\/div><ul style=\"--awb-size:18px;--awb-line-height:30.6px;--awb-icon-width:30.6px;--awb-icon-height:30.6px;--awb-icon-margin:12.6px;--awb-content-margin:43.2px;--awb-circlecolor:#70d19a;--awb-circle-yes-font-size:15.84px;\" class=\"fusion-checklist fusion-checklist-1 fusion-checklist-default type-icons\"><li class=\"fusion-li-item\" style=\"\"><span class=\"icon-wrapper circle-yes\"><i class=\"fusion-li-icon fa-arrow-right fas\" aria-hidden=\"true\"><\/i><\/span><div class=\"fusion-li-item-content\">\n<p>Le versioni in lingua inglese dei questionari, della documentazione del sondaggio e dei set di dati sono disponibili nel repository di dati e documenti IMMERSE: <a href=\"https:\/\/zenodo.org\/communities\/immerse-h2020\" target=\"_blank\" rel=\"noopener\">https:\/\/zenodo.org\/communities\/immerse-h2020<\/a><\/p>\n<\/div><\/li><\/ul><div class=\"fusion-sep-clear\"><\/div><div class=\"fusion-separator fusion-full-width-sep\" style=\"margin-left: auto;margin-right: auto;margin-top:6px;margin-bottom:6px;width:100%;\"><div class=\"fusion-separator-border sep-double\" style=\"--awb-height:20px;--awb-amount:20px;border-color:#e0dede;border-top-width:0px;border-bottom-width:0px;\"><\/div><\/div><div class=\"fusion-sep-clear\"><\/div><div class=\"fusion-text fusion-text-3 green_p\"><p><strong>Piattaforma online per la raccolta dati<\/strong><\/p>\n<\/div><div class=\"fusion-text fusion-text-4\" style=\"--awb-font-size:18px;\"><p>La piattaforma digitale ha permesso ai ricercatori di IMMERSE di raccogliere dati relativi al set di indicatori di integrazione sociale e educativa dei minorenni migranti e rifugiati tra i quattro principali gruppi di studio: presidi, insegnanti, genitori e bambini. Nel corso dell\u2019intero periodo del progetto, la piattaforma ha facilitato la raccolta di dati nelle scuole, negli ambienti di istruzione non formale e nei centri di accoglienza dei migranti in Belgio, Germania, Grecia, Irlanda, Italia e Spagna.<\/p>\n<p>Sulla piattaforma \u00e8 garantita la tutela dei diritti alla privacy di tutte le parti coinvolte, in particolare dei minorenni, e rispetta i livelli di sicurezza imposti dalle norme europee in materia di disponibilit\u00e0 dei dati, autenticit\u00e0, riservatezza e tracciabilit\u00e0. Tutte le informazioni incluse nella piattaforma rimangono anonime, private e il loro uso \u00e8 limitato agli scopi di ricerca di IMMERSE.<\/p>\n<\/div><div class=\"fusion-sep-clear\"><\/div><div class=\"fusion-separator fusion-full-width-sep\" style=\"margin-left: auto;margin-right: auto;margin-top:6px;margin-bottom:6px;width:100%;\"><div class=\"fusion-separator-border sep-double\" style=\"--awb-height:20px;--awb-amount:20px;border-color:#e0dede;border-top-width:0px;border-bottom-width:0px;\"><\/div><\/div><div class=\"fusion-sep-clear\"><\/div><\/div><\/div><div class=\"fusion-clearfix\"><\/div><\/div><\/div><\/div><\/div><\/p>\n","protected":false},"excerpt":{"rendered":"","protected":false},"author":1,"featured_media":0,"parent":0,"menu_order":0,"comment_status":"closed","ping_status":"closed","template":"100-width.php","meta":{"_acf_changed":false,"footnotes":""},"acf":[],"_links":{"self":[{"href":"https:\/\/www.immerse-h2020.eu\/it\/wp-json\/wp\/v2\/pages\/578"}],"collection":[{"href":"https:\/\/www.immerse-h2020.eu\/it\/wp-json\/wp\/v2\/pages"}],"about":[{"href":"https:\/\/www.immerse-h2020.eu\/it\/wp-json\/wp\/v2\/types\/page"}],"author":[{"embeddable":true,"href":"https:\/\/www.immerse-h2020.eu\/it\/wp-json\/wp\/v2\/users\/1"}],"replies":[{"embeddable":true,"href":"https:\/\/www.immerse-h2020.eu\/it\/wp-json\/wp\/v2\/comments?post=578"}],"version-history":[{"count":10,"href":"https:\/\/www.immerse-h2020.eu\/it\/wp-json\/wp\/v2\/pages\/578\/revisions"}],"predecessor-version":[{"id":3819,"href":"https:\/\/www.immerse-h2020.eu\/it\/wp-json\/wp\/v2\/pages\/578\/revisions\/3819"}],"wp:attachment":[{"href":"https:\/\/www.immerse-h2020.eu\/it\/wp-json\/wp\/v2\/media?parent=578"}],"curies":[{"name":"wp","href":"https:\/\/api.w.org\/{rel}","templated":true}]}}