{"id":586,"date":"2019-10-23T13:49:37","date_gmt":"2019-10-23T11:49:37","guid":{"rendered":"https:\/\/www.immerse-h2020.eu\/selezione-e-creazione-di-una-dashboard-di-indicatori-di-integrazione-socio-educativa\/"},"modified":"2023-12-06T08:38:08","modified_gmt":"2023-12-06T07:38:08","slug":"selezione-e-creazione-di-una-dashboard-di-indicatori-di-integrazione-socio-educativa","status":"publish","type":"page","link":"https:\/\/www.immerse-h2020.eu\/it\/selezione-e-creazione-di-una-dashboard-di-indicatori-di-integrazione-socio-educativa\/","title":{"rendered":"Selezione e creazione di una dashboard di indicatori di integrazione socio-educativa"},"content":{"rendered":"<p><div class=\"fusion-fullwidth fullwidth-box fusion-builder-row-1 fusion-parallax-none nonhundred-percent-fullwidth non-hundred-percent-height-scrolling\" style=\"--awb-background-position:center bottom;--awb-border-radius-top-left:0px;--awb-border-radius-top-right:0px;--awb-border-radius-bottom-right:0px;--awb-border-radius-bottom-left:0px;--awb-background-image:url(&quot;https:\/\/www.immerse-h2020.eu\/wp-content\/uploads\/2019\/06\/11.jpg&quot;);--awb-background-size:cover;--awb-flex-wrap:wrap;\" ><div class=\"fusion-builder-row fusion-row\"><div class=\"fusion-layout-column fusion_builder_column fusion-builder-column-0 fusion_builder_column_2_3 2_3 fusion-two-third fusion-column-first\" style=\"--awb-bg-size:cover;width:66.666666666667%;width:calc(66.666666666667% - ( ( 4% ) * 0.66666666666667 ) );margin-right: 4%;\"><div class=\"fusion-column-wrapper fusion-column-has-shadow fusion-flex-column-wrapper-legacy\"><div class=\"fusion-sep-clear\"><\/div><div class=\"fusion-separator fusion-full-width-sep\" style=\"margin-left: auto;margin-right: auto;margin-top:180px;width:100%;\"><\/div><div class=\"fusion-sep-clear\"><\/div><div class=\"fusion-title title fusion-title-1 fusion-sep-none fusion-title-text fusion-title-size-one\" style=\"--awb-text-color:#ffffff;--awb-margin-bottom:0px;--awb-margin-bottom-small:0px;\"><h1 class=\"fusion-title-heading title-heading-left\" style=\"margin:0;\">Selezione e creazione di una dashboard di indicatori di integrazione socio-educativa<\/h1><\/div><div class=\"fusion-sep-clear\"><\/div><div class=\"fusion-separator fusion-full-width-sep\" style=\"margin-left: auto;margin-right: auto;margin-top:180px;width:100%;\"><\/div><div class=\"fusion-sep-clear\"><\/div><div class=\"fusion-clearfix\"><\/div><\/div><\/div><\/div><\/div><div class=\"fusion-fullwidth fullwidth-box fusion-builder-row-2 nonhundred-percent-fullwidth non-hundred-percent-height-scrolling fusion-equal-height-columns\" style=\"--awb-border-radius-top-left:0px;--awb-border-radius-top-right:0px;--awb-border-radius-bottom-right:0px;--awb-border-radius-bottom-left:0px;--awb-padding-top:60px;--awb-padding-bottom:10px;--awb-margin-bottom:0px;--awb-flex-wrap:wrap;\" ><div class=\"fusion-builder-row fusion-row\"><div class=\"fusion-layout-column fusion_builder_column fusion-builder-column-1 fusion_builder_column_2_3 2_3 fusion-two-third fusion-column-first fusion-column-no-min-height\" style=\"--awb-padding-bottom:0px;--awb-bg-size:cover;--awb-margin-bottom:0px;width:66.666666666667%;width:calc(66.666666666667% - ( ( 4% ) * 0.66666666666667 ) );margin-right: 4%;\"><div class=\"fusion-column-wrapper fusion-column-has-shadow fusion-flex-column-wrapper-legacy\"><div class=\"fusion-column-content-centered\"><div class=\"fusion-column-content\"><div class=\"fusion-text fusion-text-1 green_p\" style=\"--awb-content-alignment:justify;--awb-text-transform:none;\"><p>La dashboard di indicatori \u00e8 stata sviluppata utilizzando un metodo di co-creazione che include le voci dei minorenni con background migratorio, delle loro famiglie e di coloro che lavorano direttamente con loro nelle scuole, ONG e decisori politici. In questo modo, ci basiamo sulla loro esperienza diretta per rappresentare una definizione pi\u00f9 significativa di integrazione.<\/p>\n<\/div><div class=\"fusion-text fusion-text-2 no_green_p\" style=\"--awb-content-alignment:justify;--awb-text-transform:none;\"><p>L&#8217;obiettivo di questo strumento \u00e8 quello di unificare i criteri nella raccolta dei dati quando si studiano i fattori che contribuiscono e determinano l&#8217;integrazione socio-educativa di questi minorenni nelle societ\u00e0 di accoglienza in Europa. La sintesi dei 30 indicatori include aspetti fondamentali riguardo tre livelli d&#8217;integrazione, cio\u00e8 i livelli micro (minorenni e le loro famiglie), meso (centri educativi, comunit\u00e0 educative e quartieri) e macro (societ\u00e0 e istituzioni).<\/p>\n<p>La dashboard finale \u00e8 composta da un totale di 30 indicatori: 14 riguardano i risultati dell&#8217;integrazione e 16 riguardano le barriere e i fattori che facilitano i risultati dell&#8217;integrazione ai livelli meso e macro.<\/p>\n<\/div><\/div><\/div><div class=\"fusion-clearfix\"><\/div><\/div><\/div><\/div><\/div><div class=\"fusion-fullwidth fullwidth-box fusion-builder-row-3 imagenes_pdf nonhundred-percent-fullwidth non-hundred-percent-height-scrolling\" style=\"--awb-border-radius-top-left:0px;--awb-border-radius-top-right:0px;--awb-border-radius-bottom-right:0px;--awb-border-radius-bottom-left:0px;--awb-flex-wrap:wrap;\" ><div class=\"fusion-builder-row fusion-row\"><div class=\"fusion-layout-column fusion_builder_column fusion-builder-column-2 fusion_builder_column_2_3 2_3 fusion-two-third fusion-column-first\" style=\"--awb-bg-size:cover;width:66.666666666667%;width:calc(66.666666666667% - ( ( 4% ) * 0.66666666666667 ) );margin-right: 4%;\"><div class=\"fusion-column-wrapper fusion-column-has-shadow fusion-flex-column-wrapper-legacy\"><div class=\"fusion-text fusion-text-3 no_green_p\" style=\"--awb-content-alignment:justify;--awb-text-transform:none;\"><p>I risultati dell&#8217;integrazione sono suddivisi in 5 dimensioni: 1) accesso ai diritti, 2) lingua e cultura, 3) benessere, 4) connessione sociale e 5) risultati scolastici.<\/p>\n<\/div><div class=\"fusion-image-element in-legacy-container\" style=\"--awb-caption-title-font-family:var(--h2_typography-font-family);--awb-caption-title-font-weight:var(--h2_typography-font-weight);--awb-caption-title-font-style:var(--h2_typography-font-style);--awb-caption-title-size:var(--h2_typography-font-size);--awb-caption-title-transform:var(--h2_typography-text-transform);--awb-caption-title-line-height:var(--h2_typography-line-height);--awb-caption-title-letter-spacing:var(--h2_typography-letter-spacing);\"><span class=\" fusion-imageframe imageframe-none imageframe-1 hover-type-none\"><img decoding=\"async\" width=\"1793\" height=\"1362\" title=\"IR_01_EN_OK\" src=\"https:\/\/www.immerse-h2020.eu\/wp-content\/uploads\/2021\/10\/01_Rev-1.jpg\" alt class=\"img-responsive wp-image-1466\" srcset=\"https:\/\/www.immerse-h2020.eu\/wp-content\/uploads\/2021\/10\/01_Rev-1-200x152.jpg 200w, https:\/\/www.immerse-h2020.eu\/wp-content\/uploads\/2021\/10\/01_Rev-1-400x304.jpg 400w, https:\/\/www.immerse-h2020.eu\/wp-content\/uploads\/2021\/10\/01_Rev-1-600x456.jpg 600w, https:\/\/www.immerse-h2020.eu\/wp-content\/uploads\/2021\/10\/01_Rev-1-800x608.jpg 800w, https:\/\/www.immerse-h2020.eu\/wp-content\/uploads\/2021\/10\/01_Rev-1-1200x912.jpg 1200w, https:\/\/www.immerse-h2020.eu\/wp-content\/uploads\/2021\/10\/01_Rev-1.jpg 1793w\" sizes=\"(max-width: 800px) 100vw, 800px\" \/><\/span><\/div><div class=\"fusion-image-element in-legacy-container\" style=\"--awb-caption-title-font-family:var(--h2_typography-font-family);--awb-caption-title-font-weight:var(--h2_typography-font-weight);--awb-caption-title-font-style:var(--h2_typography-font-style);--awb-caption-title-size:var(--h2_typography-font-size);--awb-caption-title-transform:var(--h2_typography-text-transform);--awb-caption-title-line-height:var(--h2_typography-line-height);--awb-caption-title-letter-spacing:var(--h2_typography-letter-spacing);\"><span class=\" fusion-imageframe imageframe-none imageframe-2 hover-type-none\"><img decoding=\"async\" width=\"1801\" height=\"1589\" title=\"IR_02_EN\" src=\"https:\/\/www.immerse-h2020.eu\/wp-content\/uploads\/2021\/10\/02.jpg\" alt class=\"img-responsive wp-image-1375\" srcset=\"https:\/\/www.immerse-h2020.eu\/wp-content\/uploads\/2021\/10\/02-200x176.jpg 200w, https:\/\/www.immerse-h2020.eu\/wp-content\/uploads\/2021\/10\/02-400x353.jpg 400w, https:\/\/www.immerse-h2020.eu\/wp-content\/uploads\/2021\/10\/02-600x529.jpg 600w, https:\/\/www.immerse-h2020.eu\/wp-content\/uploads\/2021\/10\/02-800x706.jpg 800w, https:\/\/www.immerse-h2020.eu\/wp-content\/uploads\/2021\/10\/02-1200x1059.jpg 1200w, https:\/\/www.immerse-h2020.eu\/wp-content\/uploads\/2021\/10\/02.jpg 1801w\" sizes=\"(max-width: 800px) 100vw, 800px\" \/><\/span><\/div><div class=\"fusion-clearfix\"><\/div><\/div><\/div><\/div><\/div><div class=\"fusion-fullwidth fullwidth-box fusion-builder-row-4 imagenes_pdf nonhundred-percent-fullwidth non-hundred-percent-height-scrolling\" style=\"--awb-border-radius-top-left:0px;--awb-border-radius-top-right:0px;--awb-border-radius-bottom-right:0px;--awb-border-radius-bottom-left:0px;--awb-flex-wrap:wrap;\" ><div class=\"fusion-builder-row fusion-row\"><div class=\"fusion-layout-column fusion_builder_column fusion-builder-column-3 fusion_builder_column_2_3 2_3 fusion-two-third fusion-column-first\" style=\"--awb-bg-size:cover;width:66.666666666667%;width:calc(66.666666666667% - ( ( 4% ) * 0.66666666666667 ) );margin-right: 4%;\"><div class=\"fusion-column-wrapper fusion-column-has-shadow fusion-flex-column-wrapper-legacy\"><div class=\"fusion-text fusion-text-4 no_green_p\" style=\"--awb-content-alignment:justify;--awb-text-transform:none;\"><p>Le barriere e i fattori facilitanti sono legati a 1) leadership politica, 2) segregazione scolastica, 3) supporto all&#8217;apprendimento, 4) servizi di salute mentale, 5) atteggiamenti negativi, 6) organizzazione scolastica e insegnanti.<\/p>\n<\/div><div class=\"fusion-image-element in-legacy-container\" style=\"--awb-caption-title-font-family:var(--h2_typography-font-family);--awb-caption-title-font-weight:var(--h2_typography-font-weight);--awb-caption-title-font-style:var(--h2_typography-font-style);--awb-caption-title-size:var(--h2_typography-font-size);--awb-caption-title-transform:var(--h2_typography-text-transform);--awb-caption-title-line-height:var(--h2_typography-line-height);--awb-caption-title-letter-spacing:var(--h2_typography-letter-spacing);\"><span class=\" fusion-imageframe imageframe-none imageframe-3 hover-type-none\"><img decoding=\"async\" width=\"1783\" height=\"1808\" title=\"BF_01_EN_OK\" src=\"https:\/\/www.immerse-h2020.eu\/wp-content\/uploads\/2021\/10\/03_Rev.jpg\" alt class=\"img-responsive wp-image-1392\" srcset=\"https:\/\/www.immerse-h2020.eu\/wp-content\/uploads\/2021\/10\/03_Rev-200x203.jpg 200w, https:\/\/www.immerse-h2020.eu\/wp-content\/uploads\/2021\/10\/03_Rev-400x406.jpg 400w, https:\/\/www.immerse-h2020.eu\/wp-content\/uploads\/2021\/10\/03_Rev-600x608.jpg 600w, https:\/\/www.immerse-h2020.eu\/wp-content\/uploads\/2021\/10\/03_Rev-800x811.jpg 800w, https:\/\/www.immerse-h2020.eu\/wp-content\/uploads\/2021\/10\/03_Rev-1200x1217.jpg 1200w, https:\/\/www.immerse-h2020.eu\/wp-content\/uploads\/2021\/10\/03_Rev.jpg 1783w\" sizes=\"(max-width: 800px) 100vw, 800px\" \/><\/span><\/div><div class=\"fusion-image-element in-legacy-container\" style=\"--awb-caption-title-font-family:var(--h2_typography-font-family);--awb-caption-title-font-weight:var(--h2_typography-font-weight);--awb-caption-title-font-style:var(--h2_typography-font-style);--awb-caption-title-size:var(--h2_typography-font-size);--awb-caption-title-transform:var(--h2_typography-text-transform);--awb-caption-title-line-height:var(--h2_typography-line-height);--awb-caption-title-letter-spacing:var(--h2_typography-letter-spacing);\"><span class=\" fusion-imageframe imageframe-none imageframe-4 hover-type-none\"><img decoding=\"async\" width=\"1775\" height=\"1304\" title=\"BF_02_EN\" src=\"https:\/\/www.immerse-h2020.eu\/wp-content\/uploads\/2021\/10\/04.jpg\" alt class=\"img-responsive wp-image-1377\" srcset=\"https:\/\/www.immerse-h2020.eu\/wp-content\/uploads\/2021\/10\/04-200x147.jpg 200w, https:\/\/www.immerse-h2020.eu\/wp-content\/uploads\/2021\/10\/04-400x294.jpg 400w, https:\/\/www.immerse-h2020.eu\/wp-content\/uploads\/2021\/10\/04-600x441.jpg 600w, https:\/\/www.immerse-h2020.eu\/wp-content\/uploads\/2021\/10\/04-800x588.jpg 800w, https:\/\/www.immerse-h2020.eu\/wp-content\/uploads\/2021\/10\/04-1200x882.jpg 1200w, https:\/\/www.immerse-h2020.eu\/wp-content\/uploads\/2021\/10\/04.jpg 1775w\" sizes=\"(max-width: 800px) 100vw, 800px\" \/><\/span><\/div><div class=\"fusion-text fusion-text-5\"><p style=\"text-align: center;\">(LPC: Legislazione e prassi che condizionano)<br \/>\n(LRR: Legislazione, raccomandazioni e risorse dedicate a&#8230;)<\/p>\n<\/div><div class=\"fusion-clearfix\"><\/div><\/div><\/div><\/div><\/div><div class=\"fusion-fullwidth fullwidth-box fusion-builder-row-5 imagenes_pdf nonhundred-percent-fullwidth non-hundred-percent-height-scrolling\" style=\"--awb-border-radius-top-left:0px;--awb-border-radius-top-right:0px;--awb-border-radius-bottom-right:0px;--awb-border-radius-bottom-left:0px;--awb-flex-wrap:wrap;\" ><div class=\"fusion-builder-row fusion-row\"><div class=\"fusion-layout-column fusion_builder_column fusion-builder-column-4 fusion_builder_column_2_3 2_3 fusion-two-third fusion-column-first\" style=\"--awb-bg-size:cover;width:66.666666666667%;width:calc(66.666666666667% - ( ( 4% ) * 0.66666666666667 ) );margin-right: 4%;\"><div class=\"fusion-column-wrapper fusion-column-has-shadow fusion-flex-column-wrapper-legacy\"><div class=\"fusion-text fusion-text-6 no_green_p\" style=\"--awb-content-alignment:justify;--awb-text-transform:none;\"><p>Sono state definite misure empiriche per tutti i 30 indicatori, che sono stati validati dal punto di vista contenutistico da esperti nei campi della migrazione, dell\u2019istruzione e dell\u2019integrazione, e anche validati da bambini, educatori, autorit\u00e0 pubbliche e decisori politici a livello locale, regionale e nazionale. Successivamente, sono stati raccolti i dati necessari da oltre 24.000 bambini, insegnanti e presidi in oltre 400 scuole e ambienti educativi nei sei paesi europei di IMMERSE (Belgio, Germania, Grecia, Irlanda, Italia e Spagna) o recuperati da fonti ben note come <a id=\"m_-4884570650875835228OWA3a0eb015-6137-2782-a938-051a10e5fc16\" title=\"Direcci\u00f3n URL original: https:\/\/www.mipex.eu\/. Haga clic o pulse si conf\u00eda en este v\u00ednculo.\" href=\"https:\/\/www.mipex.eu\/\" target=\"_blank\" rel=\"noopener noreferrer\">MIPEX<\/a>,\u00a0<a id=\"m_-4884570650875835228OWA485de3b0-be57-aea1-b6b2-bc741a6ca64a\" title=\"Direcci\u00f3n URL original: https:\/\/www.oecd.org\/pisa\/aboutpisa\/. Haga clic o pulse si conf\u00eda en este v\u00ednculo.\" href=\"https:\/\/www.oecd.org\/pisa\/aboutpisa\/\" target=\"_blank\" rel=\"noopener noreferrer\">PISA<\/a>,\u00a0<a id=\"m_-4884570650875835228OWA1a2c6057-f7f0-aa46-0393-ab292f02fc25\" title=\"Direcci\u00f3n URL original: https:\/\/www.oecd.org\/skills\/piaac\/. Haga clic o pulse si conf\u00eda en este v\u00ednculo.\" href=\"https:\/\/www.oecd.org\/skills\/piaac\/\" target=\"_blank\" rel=\"noopener noreferrer\">PIAAC<\/a> ed <a id=\"m_-4884570650875835228OWAb6aa3b10-7855-72bf-2d1e-4e64e5f73f6d\" title=\"Direcci\u00f3n URL original: https:\/\/eurydice.eacea.ec.europa.eu\/. Haga clic o pulse si conf\u00eda en este v\u00ednculo.\" href=\"https:\/\/eurydice.eacea.ec.europa.eu\/\" target=\"_blank\" rel=\"noopener noreferrer\">Eurydice<\/a>.<\/p>\n<p>I risultati dei 30 indicatori sono disponibili nella sezione \u201cComunit\u00e0\u201d del sito, alla voce \u201c<a href=\"https:\/\/www.immerse-h2020.eu\/it\/la-dashboard-immerse-di-indicatori-sullintegrazione-dei-minorenni-rifugiati-e-migranti\/\">Dashboard degli indicatori di integrazione socio-educativa<\/a>\u201d. Questo strumento visualizza gli indicatori attraverso un&#8217;interfaccia interattiva che consente agli utenti di vedere come le combinazioni di diverse caratteristiche dei bambini migranti e rifugiati, e dei loro contesti modificano la performance in ciascun punteggio dell&#8217;indicatore.<\/p>\n<\/div><div class=\"fusion-clearfix\"><\/div><\/div><\/div><\/div><\/div><\/p>\n","protected":false},"excerpt":{"rendered":"","protected":false},"author":1,"featured_media":0,"parent":0,"menu_order":0,"comment_status":"closed","ping_status":"closed","template":"100-width.php","meta":{"_acf_changed":false,"footnotes":""},"acf":[],"_links":{"self":[{"href":"https:\/\/www.immerse-h2020.eu\/it\/wp-json\/wp\/v2\/pages\/586"}],"collection":[{"href":"https:\/\/www.immerse-h2020.eu\/it\/wp-json\/wp\/v2\/pages"}],"about":[{"href":"https:\/\/www.immerse-h2020.eu\/it\/wp-json\/wp\/v2\/types\/page"}],"author":[{"embeddable":true,"href":"https:\/\/www.immerse-h2020.eu\/it\/wp-json\/wp\/v2\/users\/1"}],"replies":[{"embeddable":true,"href":"https:\/\/www.immerse-h2020.eu\/it\/wp-json\/wp\/v2\/comments?post=586"}],"version-history":[{"count":8,"href":"https:\/\/www.immerse-h2020.eu\/it\/wp-json\/wp\/v2\/pages\/586\/revisions"}],"predecessor-version":[{"id":3832,"href":"https:\/\/www.immerse-h2020.eu\/it\/wp-json\/wp\/v2\/pages\/586\/revisions\/3832"}],"wp:attachment":[{"href":"https:\/\/www.immerse-h2020.eu\/it\/wp-json\/wp\/v2\/media?parent=586"}],"curies":[{"name":"wp","href":"https:\/\/api.w.org\/{rel}","templated":true}]}}